{"id":4927,"date":"2024-04-24T09:13:02","date_gmt":"2024-04-24T07:13:02","guid":{"rendered":"https:\/\/ousfootwear.com\/?post_type=product&#038;p=4927"},"modified":"2024-05-27T13:46:01","modified_gmt":"2024-05-27T11:46:01","slug":"phibo-5-8-13-prt-furta-cor-oe","status":"publish","type":"product","link":"https:\/\/ousfootwear.com\/en\/product\/phibo-5-8-13-prt-furta-cor-oe\/","title":{"rendered":"PHIBO 5 8 13 BLACK FURTA COR OE"},"content":{"rendered":"<p><img decoding=\"async\" class=\"alignnone wp-image-915\" style=\"color: #1b1919; font-size: 28px;\" src=\"https:\/\/lepureshop.com\/wp-content\/uploads\/2023\/07\/ae2df3f2-5d9a-4057-92f7-ce6efeb5139d___600d61edcb68ebf56ae63ac92f12ebfc.svg\" alt=\"\" width=\"150\" \/><\/p>\n<p>Les semelles int\u00e9rieures Ative sont fabriqu\u00e9es avec une mousse intelligente qui favorise le confort et aide \u00e0 \u00e9liminer l&rsquo;humidit\u00e9 des pieds.<\/p>\n<h1><img decoding=\"async\" class=\"alignnone wp-image-986\" src=\"https:\/\/lepureshop.com\/wp-content\/uploads\/2023\/07\/Phibo.svg\" alt=\"\" width=\"150\" \/><\/h1>\n<p>Les semelles sont bi-composant m\u00e9langeant de l&rsquo;EVA noble avec des d\u00e9tails en caoutchouc granuleux A+, l\u00e9g\u00e8res, ultra confortables et souples.<\/p>","protected":false},"excerpt":{"rendered":"<p>La technologie PHIBO apporte \u00e0 vos pieds une structure l\u00e9g\u00e8re et tr\u00e8s confortable pour un usage quotidien avec un design inspir\u00e9 de la s\u00e9quence de Fibonacci. Ses formes et ses structures harmonieuses et l\u00e9g\u00e8res offre 1 meilleure r\u00e9partition du poids .<\/p>\n<p><img decoding=\"async\" class=\"alignnone size-full wp-image-866\" src=\"https:\/\/lepureshop.com\/wp-content\/uploads\/2023\/07\/00187f22-4f22-4e6a-8484-4d3c2cbb3b07___f7cae70899304126c703e5ae3ce0f8ba.svg\" alt=\"\" width=\"90\" height=\"90\" \/><\/p>\n<ul>\n<li>Chaussures sans mat\u00e9riaux ni composite d&rsquo;origine animale.<\/li>\n<li>Doublure d\u00e9taill\u00e9e synth\u00e9tique \/ Mesh \/ Sport<\/li>\n<li>Dos r\u00e9fl\u00e9chissant iris\u00e9<\/li>\n<li>Embout synth\u00e9tique appliqu\u00e9 par fusion<\/li>\n<li>Contour du talon fa\u00e7onn\u00e9 et structur\u00e9 avec contrefort thermoform\u00e9<\/li>\n<li>Semelle int\u00e9rieure Ative<\/li>\n<li>Semelle Phibo en EVA avec points structuraux en caoutchouc A+<\/li>\n<\/ul>","protected":false},"featured_media":511,"template":"","meta":[],"product_brand":[],"product_cat":[33,32],"product_tag":[],"class_list":{"0":"post-4927","1":"product","2":"type-product","3":"status-publish","4":"has-post-thumbnail","6":"product_cat-phibo","7":"product_cat-sneakers","9":"first","10":"instock","11":"taxable","12":"shipping-taxable","13":"purchasable","14":"product-type-variable"},"yoast_head":"<!-- This site is optimized with the Yoast SEO plugin v25.5 - https:\/\/yoast.com\/wordpress\/plugins\/seo\/ -->\n<title>PHIBO 5 8 13 BLACK FURTA COR OE - ousfootwear<\/title>\n<meta name=\"robots\" content=\"index, follow, max-snippet:-1, max-image-preview:large, max-video-preview:-1\" \/>\n<link rel=\"canonical\" href=\"https:\/\/ousfootwear.com\/en\/product\/phibo-5-8-13-prt-furta-cor-oe\/\" \/>\n<meta property=\"og:locale\" content=\"en_US\" \/>\n<meta property=\"og:type\" content=\"article\" \/>\n<meta property=\"og:title\" content=\"PHIBO 5 8 13 BLACK FURTA COR OE - ousfootwear\" \/>\n<meta property=\"og:description\" content=\"La technologie PHIBO apporte \u00e0 vos pieds une structure l\u00e9g\u00e8re et tr\u00e8s confortable pour un usage quotidien avec un design inspir\u00e9 de la s\u00e9quence de Fibonacci. Ses formes et ses structures harmonieuses et l\u00e9g\u00e8res offre 1 meilleure r\u00e9partition du poids .     Chaussures sans mat\u00e9riaux ni composite d&#039;origine animale.  Doublure d\u00e9taill\u00e9e synth\u00e9tique \/ Mesh \/ Sport  Dos r\u00e9fl\u00e9chissant iris\u00e9  Embout synth\u00e9tique appliqu\u00e9 par fusion  Contour du talon fa\u00e7onn\u00e9 et structur\u00e9 avec contrefort thermoform\u00e9  Semelle int\u00e9rieure Ative  Semelle Phibo en EVA avec points structuraux en caoutchouc A+\" \/>\n<meta property=\"og:url\" content=\"https:\/\/ousfootwear.com\/en\/product\/phibo-5-8-13-prt-furta-cor-oe\/\" \/>\n<meta property=\"og:site_name\" content=\"ousfootwear\" \/>\n<meta property=\"article:modified_time\" content=\"2024-05-27T11:46:01+00:00\" \/>\n<meta property=\"og:image\" content=\"https:\/\/ousfootwear.com\/wp-content\/uploads\/2024\/04\/181703-1200-auto.jpeg\" \/>\n\t<meta property=\"og:image:width\" content=\"1000\" \/>\n\t<meta property=\"og:image:height\" content=\"800\" \/>\n\t<meta property=\"og:image:type\" content=\"image\/jpeg\" \/>\n<meta name=\"twitter:card\" content=\"summary_large_image\" \/>\n<meta name=\"twitter:label1\" content=\"Est. reading time\" \/>\n\t<meta name=\"twitter:data1\" content=\"1 minute\" \/>\n<script type=\"application\/ld+json\" class=\"yoast-schema-graph\">{\"@context\":\"https:\/\/schema.org\",\"@graph\":[{\"@type\":\"WebPage\",\"@id\":\"https:\/\/ousfootwear.com\/product\/phibo-5-8-13-prt-furta-cor-oe\/\",\"url\":\"https:\/\/ousfootwear.com\/product\/phibo-5-8-13-prt-furta-cor-oe\/\",\"name\":\"PHIBO 5 8 13 BLACK FURTA COR OE - ousfootwear\",\"isPartOf\":{\"@id\":\"https:\/\/ousfootwear.com\/#website\"},\"primaryImageOfPage\":{\"@id\":\"https:\/\/ousfootwear.com\/product\/phibo-5-8-13-prt-furta-cor-oe\/#primaryimage\"},\"image\":{\"@id\":\"https:\/\/ousfootwear.com\/product\/phibo-5-8-13-prt-furta-cor-oe\/#primaryimage\"},\"thumbnailUrl\":\"https:\/\/ousfootwear.com\/wp-content\/uploads\/2024\/04\/181703-1200-auto.jpeg\",\"datePublished\":\"2024-04-24T07:13:02+00:00\",\"dateModified\":\"2024-05-27T11:46:01+00:00\",\"breadcrumb\":{\"@id\":\"https:\/\/ousfootwear.com\/product\/phibo-5-8-13-prt-furta-cor-oe\/#breadcrumb\"},\"inLanguage\":\"en-US\",\"potentialAction\":[{\"@type\":\"ReadAction\",\"target\":[\"https:\/\/ousfootwear.com\/product\/phibo-5-8-13-prt-furta-cor-oe\/\"]}]},{\"@type\":\"ImageObject\",\"inLanguage\":\"en-US\",\"@id\":\"https:\/\/ousfootwear.com\/product\/phibo-5-8-13-prt-furta-cor-oe\/#primaryimage\",\"url\":\"https:\/\/ousfootwear.com\/wp-content\/uploads\/2024\/04\/181703-1200-auto.jpeg\",\"contentUrl\":\"https:\/\/ousfootwear.com\/wp-content\/uploads\/2024\/04\/181703-1200-auto.jpeg\",\"width\":1000,\"height\":800},{\"@type\":\"BreadcrumbList\",\"@id\":\"https:\/\/ousfootwear.com\/product\/phibo-5-8-13-prt-furta-cor-oe\/#breadcrumb\",\"itemListElement\":[{\"@type\":\"ListItem\",\"position\":1,\"name\":\"Accueil\",\"item\":\"https:\/\/ousfootwear.com\/\"},{\"@type\":\"ListItem\",\"position\":2,\"name\":\"Shop\",\"item\":\"https:\/\/ousfootwear.com\/shop\/\"},{\"@type\":\"ListItem\",\"position\":3,\"name\":\"PHIBO 5 8 13 BLACK FURTA COR OE\"}]},{\"@type\":\"WebSite\",\"@id\":\"https:\/\/ousfootwear.com\/#website\",\"url\":\"https:\/\/ousfootwear.com\/\",\"name\":\"ousfootwear\",\"description\":\"\",\"potentialAction\":[{\"@type\":\"SearchAction\",\"target\":{\"@type\":\"EntryPoint\",\"urlTemplate\":\"https:\/\/ousfootwear.com\/?s={search_term_string}\"},\"query-input\":{\"@type\":\"PropertyValueSpecification\",\"valueRequired\":true,\"valueName\":\"search_term_string\"}}],\"inLanguage\":\"en-US\"}]}<\/script>\n<!-- \/ Yoast SEO plugin. -->","yoast_head_json":{"title":"PHIBO 5 8 13 BLACK FURTA COR OE - ousfootwear","robots":{"index":"index","follow":"follow","max-snippet":"max-snippet:-1","max-image-preview":"max-image-preview:large","max-video-preview":"max-video-preview:-1"},"canonical":"https:\/\/ousfootwear.com\/en\/product\/phibo-5-8-13-prt-furta-cor-oe\/","og_locale":"en_US","og_type":"article","og_title":"PHIBO 5 8 13 BLACK FURTA COR OE - ousfootwear","og_description":"La technologie PHIBO apporte \u00e0 vos pieds une structure l\u00e9g\u00e8re et tr\u00e8s confortable pour un usage quotidien avec un design inspir\u00e9 de la s\u00e9quence de Fibonacci. Ses formes et ses structures harmonieuses et l\u00e9g\u00e8res offre 1 meilleure r\u00e9partition du poids .     Chaussures sans mat\u00e9riaux ni composite d'origine animale.  Doublure d\u00e9taill\u00e9e synth\u00e9tique \/ Mesh \/ Sport  Dos r\u00e9fl\u00e9chissant iris\u00e9  Embout synth\u00e9tique appliqu\u00e9 par fusion  Contour du talon fa\u00e7onn\u00e9 et structur\u00e9 avec contrefort thermoform\u00e9  Semelle int\u00e9rieure Ative  Semelle Phibo en EVA avec points structuraux en caoutchouc A+","og_url":"https:\/\/ousfootwear.com\/en\/product\/phibo-5-8-13-prt-furta-cor-oe\/","og_site_name":"ousfootwear","article_modified_time":"2024-05-27T11:46:01+00:00","og_image":[{"width":1000,"height":800,"url":"https:\/\/ousfootwear.com\/wp-content\/uploads\/2024\/04\/181703-1200-auto.jpeg","type":"image\/jpeg"}],"twitter_card":"summary_large_image","twitter_misc":{"Est. reading time":"1 minute"},"schema":{"@context":"https:\/\/schema.org","@graph":[{"@type":"WebPage","@id":"https:\/\/ousfootwear.com\/product\/phibo-5-8-13-prt-furta-cor-oe\/","url":"https:\/\/ousfootwear.com\/product\/phibo-5-8-13-prt-furta-cor-oe\/","name":"PHIBO 5 8 13 BLACK FURTA COR OE - ousfootwear","isPartOf":{"@id":"https:\/\/ousfootwear.com\/#website"},"primaryImageOfPage":{"@id":"https:\/\/ousfootwear.com\/product\/phibo-5-8-13-prt-furta-cor-oe\/#primaryimage"},"image":{"@id":"https:\/\/ousfootwear.com\/product\/phibo-5-8-13-prt-furta-cor-oe\/#primaryimage"},"thumbnailUrl":"https:\/\/ousfootwear.com\/wp-content\/uploads\/2024\/04\/181703-1200-auto.jpeg","datePublished":"2024-04-24T07:13:02+00:00","dateModified":"2024-05-27T11:46:01+00:00","breadcrumb":{"@id":"https:\/\/ousfootwear.com\/product\/phibo-5-8-13-prt-furta-cor-oe\/#breadcrumb"},"inLanguage":"en-US","potentialAction":[{"@type":"ReadAction","target":["https:\/\/ousfootwear.com\/product\/phibo-5-8-13-prt-furta-cor-oe\/"]}]},{"@type":"ImageObject","inLanguage":"en-US","@id":"https:\/\/ousfootwear.com\/product\/phibo-5-8-13-prt-furta-cor-oe\/#primaryimage","url":"https:\/\/ousfootwear.com\/wp-content\/uploads\/2024\/04\/181703-1200-auto.jpeg","contentUrl":"https:\/\/ousfootwear.com\/wp-content\/uploads\/2024\/04\/181703-1200-auto.jpeg","width":1000,"height":800},{"@type":"BreadcrumbList","@id":"https:\/\/ousfootwear.com\/product\/phibo-5-8-13-prt-furta-cor-oe\/#breadcrumb","itemListElement":[{"@type":"ListItem","position":1,"name":"Accueil","item":"https:\/\/ousfootwear.com\/"},{"@type":"ListItem","position":2,"name":"Shop","item":"https:\/\/ousfootwear.com\/shop\/"},{"@type":"ListItem","position":3,"name":"PHIBO 5 8 13 BLACK FURTA COR OE"}]},{"@type":"WebSite","@id":"https:\/\/ousfootwear.com\/#website","url":"https:\/\/ousfootwear.com\/","name":"ousfootwear","description":"","potentialAction":[{"@type":"SearchAction","target":{"@type":"EntryPoint","urlTemplate":"https:\/\/ousfootwear.com\/?s={search_term_string}"},"query-input":{"@type":"PropertyValueSpecification","valueRequired":true,"valueName":"search_term_string"}}],"inLanguage":"en-US"}]}},"_links":{"self":[{"href":"https:\/\/ousfootwear.com\/en\/wp-json\/wp\/v2\/product\/4927","targetHints":{"allow":["GET"]}}],"collection":[{"href":"https:\/\/ousfootwear.com\/en\/wp-json\/wp\/v2\/product"}],"about":[{"href":"https:\/\/ousfootwear.com\/en\/wp-json\/wp\/v2\/types\/product"}],"wp:featuredmedia":[{"embeddable":true,"href":"https:\/\/ousfootwear.com\/en\/wp-json\/wp\/v2\/media\/511"}],"wp:attachment":[{"href":"https:\/\/ousfootwear.com\/en\/wp-json\/wp\/v2\/media?parent=4927"}],"wp:term":[{"taxonomy":"product_brand","embeddable":true,"href":"https:\/\/ousfootwear.com\/en\/wp-json\/wp\/v2\/product_brand?post=4927"},{"taxonomy":"product_cat","embeddable":true,"href":"https:\/\/ousfootwear.com\/en\/wp-json\/wp\/v2\/product_cat?post=4927"},{"taxonomy":"product_tag","embeddable":true,"href":"https:\/\/ousfootwear.com\/en\/wp-json\/wp\/v2\/product_tag?post=4927"}],"curies":[{"name":"wp","href":"https:\/\/api.w.org\/{rel}","templated":true}]}}