{"id":4932,"date":"2024-04-24T09:13:02","date_gmt":"2024-04-24T07:13:02","guid":{"rendered":"https:\/\/ousfootwear.com\/?post_type=product&#038;p=4932"},"modified":"2024-05-27T10:13:08","modified_gmt":"2024-05-27T08:13:08","slug":"ous-pro-dwf-ii-bco-azul-chaussure-skate-montante","status":"publish","type":"product","link":"https:\/\/ousfootwear.com\/en\/product\/ous-pro-dwf-ii-bco-azul-chaussure-skate-montante\/","title":{"rendered":"PHIBO PRO DWF II WHITE BLUE IMPERIAL"},"content":{"rendered":"<h1>L\u00e9gendaires chaussures de skate ultra performantes, les DWF\u00a0 de Dwyane Fagundes garantissent aux skateurs tout ce dont ils ont besoin pour \u00e9voluer sur leur board. Les chaussures DWF sont dot\u00e9es d&rsquo;un tout nouvel amorti PHIBO PRO, d&rsquo;un contrefort moul\u00e9, d&rsquo;une semelle int\u00e9rieure ATIVE retravaill\u00e9e. Elles assurent l&rsquo;essentiel pour les skateurs : respirabilit\u00e9, r\u00e9sistance et un ajustement id\u00e9al. La bande de renfort en deux parties avec un bout molet\u00e9 renforc\u00e9 assure un meilleur contact avec la planche.<\/h1>\n<p><a href=\"https:\/\/www.instagram.com\/dmoney051\/\">DMONEY51<\/a><\/p>\n<h1><img decoding=\"async\" class=\"alignnone wp-image-915\" src=\"https:\/\/lepureshop.com\/wp-content\/uploads\/2023\/07\/ae2df3f2-5d9a-4057-92f7-ce6efeb5139d___600d61edcb68ebf56ae63ac92f12ebfc.svg\" alt=\"\" width=\"150\" \/><\/h1>\n<p>Les semelles int\u00e9rieures Ative sont fabriqu\u00e9es avec une mousse intelligente qui favorise le confort et aide \u00e0 \u00e9liminer l&rsquo;humidit\u00e9 des pieds.<\/p>\n<h1><img decoding=\"async\" class=\"alignnone wp-image-896\" src=\"https:\/\/lepureshop.com\/wp-content\/uploads\/2023\/07\/3860c993-4287-4e8e-a97d-270feba6237d___96c4ebac6e929c0cd68e63d1e0276a6e.svg\" alt=\"\" width=\"150\" \/><\/h1>\n<p>Les semelles dot\u00e9es de la technologie PHIBO PRO consistent en une base principale en caoutchouc Granular A+ avec une semelle intercalaire en EVA \u00e0 haute r\u00e9silience, alignant la r\u00e9sistance la plus \u00e9lev\u00e9e avec le confort et l&rsquo;absorption des chocs. Sa pi\u00e8ce en caoutchouc granulaire A+ a une formulation plus adh\u00e9rente, pour une meilleure adh\u00e9rence au sol. Il dispose \u00e9galement d&rsquo;une pi\u00e8ce en TPU qui garantit une plus grande stabilit\u00e9 lors de la marche.<\/p>\n<p>&nbsp;<\/p>","protected":false},"excerpt":{"rendered":"<p>Pro mod\u00e8le de Dwayne Fagundes. Une chaussure de skate qui b\u00e9n\u00e9ficie de l&rsquo;\u00e9volution de la technologie PHIBO PRO, assurant la s\u00e9curit\u00e9 tant pour une utilisation quotidienne que pour le skate, alliant durabilit\u00e9, confort et absorption des chocs.<\/p>\n<ul>\n<li>Daim \/ Mesh \/ Synth\u00e9tique \/ Synth\u00e9tique r\u00e9fl\u00e9chissant \/ Doublure sport<\/li>\n<li>Semelle int\u00e9rieure Ative<\/li>\n<li>Semelle Phibo en EVA avec points structuraux en caoutchouc A+<\/li>\n<\/ul>","protected":false},"featured_media":516,"template":"","meta":[],"product_brand":[],"product_cat":[33,32],"product_tag":[],"class_list":{"0":"post-4932","1":"product","2":"type-product","3":"status-publish","4":"has-post-thumbnail","6":"product_cat-phibo","7":"product_cat-sneakers","9":"first","10":"instock","11":"taxable","12":"shipping-taxable","13":"purchasable","14":"product-type-variable"},"yoast_head":"<!-- This site is optimized with the Yoast SEO plugin v25.5 - https:\/\/yoast.com\/wordpress\/plugins\/seo\/ -->\n<title>Chaussure skate montante \u00d6US Fagundes<\/title>\n<meta name=\"description\" content=\"Le pro mod\u00e8le de la l\u00e9gende Dwyane Fagundes ! Chaussure de skate montante avec super amorti, parfaite \u00e9galement pour chil. Insta @ouseurope\" \/>\n<meta name=\"robots\" content=\"index, follow, max-snippet:-1, max-image-preview:large, max-video-preview:-1\" \/>\n<link rel=\"canonical\" href=\"https:\/\/ousfootwear.com\/en\/product\/ous-pro-dwf-ii-bco-azul-chaussure-skate-montante\/\" \/>\n<meta property=\"og:locale\" content=\"en_US\" \/>\n<meta property=\"og:type\" content=\"article\" \/>\n<meta property=\"og:title\" content=\"Chaussure skate montante \u00d6US Fagundes\" \/>\n<meta property=\"og:description\" content=\"Le pro mod\u00e8le de la l\u00e9gende Dwyane Fagundes ! Chaussure de skate montante avec super amorti, parfaite \u00e9galement pour chil. Insta @ouseurope\" \/>\n<meta property=\"og:url\" content=\"https:\/\/ousfootwear.com\/en\/product\/ous-pro-dwf-ii-bco-azul-chaussure-skate-montante\/\" \/>\n<meta property=\"og:site_name\" content=\"ousfootwear\" \/>\n<meta property=\"article:modified_time\" content=\"2024-05-27T08:13:08+00:00\" \/>\n<meta property=\"og:image\" content=\"https:\/\/ousfootwear.com\/wp-content\/uploads\/2024\/04\/178422-1200-auto.webp\" \/>\n\t<meta property=\"og:image:width\" content=\"1000\" \/>\n\t<meta property=\"og:image:height\" content=\"800\" \/>\n\t<meta property=\"og:image:type\" content=\"image\/webp\" \/>\n<meta name=\"twitter:card\" content=\"summary_large_image\" \/>\n<meta name=\"twitter:label1\" content=\"Est. reading time\" \/>\n\t<meta name=\"twitter:data1\" content=\"2 minutes\" \/>\n<script type=\"application\/ld+json\" class=\"yoast-schema-graph\">{\"@context\":\"https:\/\/schema.org\",\"@graph\":[{\"@type\":\"WebPage\",\"@id\":\"https:\/\/ousfootwear.com\/product\/ous-pro-dwf-ii-bco-azul-chaussure-skate-montante\/\",\"url\":\"https:\/\/ousfootwear.com\/product\/ous-pro-dwf-ii-bco-azul-chaussure-skate-montante\/\",\"name\":\"Chaussure skate montante \u00d6US Fagundes\",\"isPartOf\":{\"@id\":\"https:\/\/ousfootwear.com\/#website\"},\"primaryImageOfPage\":{\"@id\":\"https:\/\/ousfootwear.com\/product\/ous-pro-dwf-ii-bco-azul-chaussure-skate-montante\/#primaryimage\"},\"image\":{\"@id\":\"https:\/\/ousfootwear.com\/product\/ous-pro-dwf-ii-bco-azul-chaussure-skate-montante\/#primaryimage\"},\"thumbnailUrl\":\"https:\/\/ousfootwear.com\/wp-content\/uploads\/2024\/04\/178422-1200-auto.webp\",\"datePublished\":\"2024-04-24T07:13:02+00:00\",\"dateModified\":\"2024-05-27T08:13:08+00:00\",\"description\":\"Le pro mod\u00e8le de la l\u00e9gende Dwyane Fagundes ! Chaussure de skate montante avec super amorti, parfaite \u00e9galement pour chil. Insta @ouseurope\",\"breadcrumb\":{\"@id\":\"https:\/\/ousfootwear.com\/product\/ous-pro-dwf-ii-bco-azul-chaussure-skate-montante\/#breadcrumb\"},\"inLanguage\":\"en-US\",\"potentialAction\":[{\"@type\":\"ReadAction\",\"target\":[\"https:\/\/ousfootwear.com\/product\/ous-pro-dwf-ii-bco-azul-chaussure-skate-montante\/\"]}]},{\"@type\":\"ImageObject\",\"inLanguage\":\"en-US\",\"@id\":\"https:\/\/ousfootwear.com\/product\/ous-pro-dwf-ii-bco-azul-chaussure-skate-montante\/#primaryimage\",\"url\":\"https:\/\/ousfootwear.com\/wp-content\/uploads\/2024\/04\/178422-1200-auto.webp\",\"contentUrl\":\"https:\/\/ousfootwear.com\/wp-content\/uploads\/2024\/04\/178422-1200-auto.webp\",\"width\":1000,\"height\":800,\"caption\":\"Dwyane fagundes pro model\"},{\"@type\":\"BreadcrumbList\",\"@id\":\"https:\/\/ousfootwear.com\/product\/ous-pro-dwf-ii-bco-azul-chaussure-skate-montante\/#breadcrumb\",\"itemListElement\":[{\"@type\":\"ListItem\",\"position\":1,\"name\":\"Accueil\",\"item\":\"https:\/\/ousfootwear.com\/\"},{\"@type\":\"ListItem\",\"position\":2,\"name\":\"Shop\",\"item\":\"https:\/\/ousfootwear.com\/shop\/\"},{\"@type\":\"ListItem\",\"position\":3,\"name\":\"PHIBO PRO DWF II WHITE BLUE IMPERIAL\"}]},{\"@type\":\"WebSite\",\"@id\":\"https:\/\/ousfootwear.com\/#website\",\"url\":\"https:\/\/ousfootwear.com\/\",\"name\":\"ousfootwear\",\"description\":\"\",\"potentialAction\":[{\"@type\":\"SearchAction\",\"target\":{\"@type\":\"EntryPoint\",\"urlTemplate\":\"https:\/\/ousfootwear.com\/?s={search_term_string}\"},\"query-input\":{\"@type\":\"PropertyValueSpecification\",\"valueRequired\":true,\"valueName\":\"search_term_string\"}}],\"inLanguage\":\"en-US\"}]}<\/script>\n<!-- \/ Yoast SEO plugin. -->","yoast_head_json":{"title":"Chaussure skate montante \u00d6US Fagundes","description":"Le pro mod\u00e8le de la l\u00e9gende Dwyane Fagundes ! Chaussure de skate montante avec super amorti, parfaite \u00e9galement pour chil. Insta @ouseurope","robots":{"index":"index","follow":"follow","max-snippet":"max-snippet:-1","max-image-preview":"max-image-preview:large","max-video-preview":"max-video-preview:-1"},"canonical":"https:\/\/ousfootwear.com\/en\/product\/ous-pro-dwf-ii-bco-azul-chaussure-skate-montante\/","og_locale":"en_US","og_type":"article","og_title":"Chaussure skate montante \u00d6US Fagundes","og_description":"Le pro mod\u00e8le de la l\u00e9gende Dwyane Fagundes ! Chaussure de skate montante avec super amorti, parfaite \u00e9galement pour chil. Insta @ouseurope","og_url":"https:\/\/ousfootwear.com\/en\/product\/ous-pro-dwf-ii-bco-azul-chaussure-skate-montante\/","og_site_name":"ousfootwear","article_modified_time":"2024-05-27T08:13:08+00:00","og_image":[{"width":1000,"height":800,"url":"https:\/\/ousfootwear.com\/wp-content\/uploads\/2024\/04\/178422-1200-auto.webp","type":"image\/webp"}],"twitter_card":"summary_large_image","twitter_misc":{"Est. reading time":"2 minutes"},"schema":{"@context":"https:\/\/schema.org","@graph":[{"@type":"WebPage","@id":"https:\/\/ousfootwear.com\/product\/ous-pro-dwf-ii-bco-azul-chaussure-skate-montante\/","url":"https:\/\/ousfootwear.com\/product\/ous-pro-dwf-ii-bco-azul-chaussure-skate-montante\/","name":"Chaussure skate montante \u00d6US Fagundes","isPartOf":{"@id":"https:\/\/ousfootwear.com\/#website"},"primaryImageOfPage":{"@id":"https:\/\/ousfootwear.com\/product\/ous-pro-dwf-ii-bco-azul-chaussure-skate-montante\/#primaryimage"},"image":{"@id":"https:\/\/ousfootwear.com\/product\/ous-pro-dwf-ii-bco-azul-chaussure-skate-montante\/#primaryimage"},"thumbnailUrl":"https:\/\/ousfootwear.com\/wp-content\/uploads\/2024\/04\/178422-1200-auto.webp","datePublished":"2024-04-24T07:13:02+00:00","dateModified":"2024-05-27T08:13:08+00:00","description":"Le pro mod\u00e8le de la l\u00e9gende Dwyane Fagundes ! Chaussure de skate montante avec super amorti, parfaite \u00e9galement pour chil. Insta @ouseurope","breadcrumb":{"@id":"https:\/\/ousfootwear.com\/product\/ous-pro-dwf-ii-bco-azul-chaussure-skate-montante\/#breadcrumb"},"inLanguage":"en-US","potentialAction":[{"@type":"ReadAction","target":["https:\/\/ousfootwear.com\/product\/ous-pro-dwf-ii-bco-azul-chaussure-skate-montante\/"]}]},{"@type":"ImageObject","inLanguage":"en-US","@id":"https:\/\/ousfootwear.com\/product\/ous-pro-dwf-ii-bco-azul-chaussure-skate-montante\/#primaryimage","url":"https:\/\/ousfootwear.com\/wp-content\/uploads\/2024\/04\/178422-1200-auto.webp","contentUrl":"https:\/\/ousfootwear.com\/wp-content\/uploads\/2024\/04\/178422-1200-auto.webp","width":1000,"height":800,"caption":"Dwyane fagundes pro model"},{"@type":"BreadcrumbList","@id":"https:\/\/ousfootwear.com\/product\/ous-pro-dwf-ii-bco-azul-chaussure-skate-montante\/#breadcrumb","itemListElement":[{"@type":"ListItem","position":1,"name":"Accueil","item":"https:\/\/ousfootwear.com\/"},{"@type":"ListItem","position":2,"name":"Shop","item":"https:\/\/ousfootwear.com\/shop\/"},{"@type":"ListItem","position":3,"name":"PHIBO PRO DWF II WHITE BLUE IMPERIAL"}]},{"@type":"WebSite","@id":"https:\/\/ousfootwear.com\/#website","url":"https:\/\/ousfootwear.com\/","name":"ousfootwear","description":"","potentialAction":[{"@type":"SearchAction","target":{"@type":"EntryPoint","urlTemplate":"https:\/\/ousfootwear.com\/?s={search_term_string}"},"query-input":{"@type":"PropertyValueSpecification","valueRequired":true,"valueName":"search_term_string"}}],"inLanguage":"en-US"}]}},"_links":{"self":[{"href":"https:\/\/ousfootwear.com\/en\/wp-json\/wp\/v2\/product\/4932","targetHints":{"allow":["GET"]}}],"collection":[{"href":"https:\/\/ousfootwear.com\/en\/wp-json\/wp\/v2\/product"}],"about":[{"href":"https:\/\/ousfootwear.com\/en\/wp-json\/wp\/v2\/types\/product"}],"wp:featuredmedia":[{"embeddable":true,"href":"https:\/\/ousfootwear.com\/en\/wp-json\/wp\/v2\/media\/516"}],"wp:attachment":[{"href":"https:\/\/ousfootwear.com\/en\/wp-json\/wp\/v2\/media?parent=4932"}],"wp:term":[{"taxonomy":"product_brand","embeddable":true,"href":"https:\/\/ousfootwear.com\/en\/wp-json\/wp\/v2\/product_brand?post=4932"},{"taxonomy":"product_cat","embeddable":true,"href":"https:\/\/ousfootwear.com\/en\/wp-json\/wp\/v2\/product_cat?post=4932"},{"taxonomy":"product_tag","embeddable":true,"href":"https:\/\/ousfootwear.com\/en\/wp-json\/wp\/v2\/product_tag?post=4932"}],"curies":[{"name":"wp","href":"https:\/\/api.w.org\/{rel}","templated":true}]}}