{"id":5208,"date":"2024-04-24T09:14:32","date_gmt":"2024-04-24T07:14:32","guid":{"rendered":"https:\/\/ousfootwear.com\/?post_type=product&#038;p=5208"},"modified":"2024-05-27T10:26:13","modified_gmt":"2024-05-27T08:26:13","slug":"jacket-phibo","status":"publish","type":"product","link":"https:\/\/ousfootwear.com\/en\/product\/jacket-phibo\/","title":{"rendered":"JACKET PHIBO"},"content":{"rendered":"","protected":false},"excerpt":{"rendered":"<ul>\n<li><span class=\"HwtZe\" lang=\"fr\"><span class=\"jCAhz ChMk0b\"><span class=\"ryNqvb\">D\u00e9tail brod\u00e9 sur la poitrine <\/span><\/span><\/span><\/li>\n<li><span class=\"HwtZe\" lang=\"fr\"><span class=\"jCAhz ChMk0b\"><span class=\"ryNqvb\">Ajustement \u00e9lastique sur la capuche <\/span><\/span><\/span><\/li>\n<li><span class=\"HwtZe\" lang=\"fr\"><span class=\"jCAhz ChMk0b\"><span class=\"ryNqvb\">Capuche \u00e0 double r\u00e9glage<\/span><\/span><\/span><\/li>\n<li><span class=\"HwtZe\" lang=\"fr\"><span class=\"jCAhz ChMk0b\"><span class=\"ryNqvb\">Poche secr\u00e8te avec fermeture velcro<\/span><\/span><\/span><\/li>\n<li><span class=\"HwtZe\" lang=\"fr\"><span class=\"jCAhz ChMk0b\"><span class=\"ryNqvb\">D\u00e9tails brod\u00e9s en bas-relief ;<\/span><\/span> <\/span><\/li>\n<li><span class=\"HwtZe\" lang=\"fr\"><span class=\"jCAhz ChMk0b\"><span class=\"ryNqvb\">\u00c9tiquette externe en Tyvek<\/span><\/span><\/span><\/li>\n<\/ul>","protected":false},"featured_media":1670,"template":"","meta":[],"product_brand":[],"product_cat":[55,18,39],"product_tag":[],"class_list":{"0":"post-5208","1":"product","2":"type-product","3":"status-publish","4":"has-post-thumbnail","6":"product_cat-coupe-vents","7":"product_cat-ous","8":"product_cat-vetements","10":"first","11":"instock","12":"taxable","13":"shipping-taxable","14":"purchasable","15":"product-type-variable"},"yoast_head":"<!-- This site is optimized with the Yoast SEO plugin v25.5 - https:\/\/yoast.com\/wordpress\/plugins\/seo\/ -->\n<title>JACKET PHIBO - ousfootwear<\/title>\n<meta name=\"robots\" content=\"index, follow, max-snippet:-1, max-image-preview:large, max-video-preview:-1\" \/>\n<link rel=\"canonical\" href=\"https:\/\/ousfootwear.com\/en\/product\/jacket-phibo\/\" \/>\n<meta property=\"og:locale\" content=\"en_US\" \/>\n<meta property=\"og:type\" content=\"article\" \/>\n<meta property=\"og:title\" content=\"JACKET PHIBO - ousfootwear\" \/>\n<meta property=\"og:description\" content=\"D\u00e9tail brod\u00e9 sur la poitrine   Ajustement \u00e9lastique sur la capuche   Capuche \u00e0 double r\u00e9glage  Poche secr\u00e8te avec fermeture velcro  D\u00e9tails brod\u00e9s en bas-relief ;   \u00c9tiquette externe en Tyvek\" \/>\n<meta property=\"og:url\" content=\"https:\/\/ousfootwear.com\/en\/product\/jacket-phibo\/\" \/>\n<meta property=\"og:site_name\" content=\"ousfootwear\" \/>\n<meta property=\"article:modified_time\" content=\"2024-05-27T08:26:13+00:00\" \/>\n<meta property=\"og:image\" content=\"https:\/\/ousfootwear.com\/wp-content\/uploads\/2024\/04\/JAQUETA-PHIBO-CAMPO-TUR_AZUL_BCO-1.jpg\" \/>\n\t<meta property=\"og:image:width\" content=\"2000\" \/>\n\t<meta property=\"og:image:height\" content=\"1600\" \/>\n\t<meta property=\"og:image:type\" content=\"image\/jpeg\" \/>\n<meta name=\"twitter:card\" content=\"summary_large_image\" \/>\n<script type=\"application\/ld+json\" class=\"yoast-schema-graph\">{\"@context\":\"https:\/\/schema.org\",\"@graph\":[{\"@type\":\"WebPage\",\"@id\":\"https:\/\/ousfootwear.com\/product\/jacket-phibo\/\",\"url\":\"https:\/\/ousfootwear.com\/product\/jacket-phibo\/\",\"name\":\"JACKET PHIBO - ousfootwear\",\"isPartOf\":{\"@id\":\"https:\/\/ousfootwear.com\/#website\"},\"primaryImageOfPage\":{\"@id\":\"https:\/\/ousfootwear.com\/product\/jacket-phibo\/#primaryimage\"},\"image\":{\"@id\":\"https:\/\/ousfootwear.com\/product\/jacket-phibo\/#primaryimage\"},\"thumbnailUrl\":\"https:\/\/ousfootwear.com\/wp-content\/uploads\/2024\/04\/JAQUETA-PHIBO-CAMPO-TUR_AZUL_BCO-1.jpg\",\"datePublished\":\"2024-04-24T07:14:32+00:00\",\"dateModified\":\"2024-05-27T08:26:13+00:00\",\"breadcrumb\":{\"@id\":\"https:\/\/ousfootwear.com\/product\/jacket-phibo\/#breadcrumb\"},\"inLanguage\":\"en-US\",\"potentialAction\":[{\"@type\":\"ReadAction\",\"target\":[\"https:\/\/ousfootwear.com\/product\/jacket-phibo\/\"]}]},{\"@type\":\"ImageObject\",\"inLanguage\":\"en-US\",\"@id\":\"https:\/\/ousfootwear.com\/product\/jacket-phibo\/#primaryimage\",\"url\":\"https:\/\/ousfootwear.com\/wp-content\/uploads\/2024\/04\/JAQUETA-PHIBO-CAMPO-TUR_AZUL_BCO-1.jpg\",\"contentUrl\":\"https:\/\/ousfootwear.com\/wp-content\/uploads\/2024\/04\/JAQUETA-PHIBO-CAMPO-TUR_AZUL_BCO-1.jpg\",\"width\":2000,\"height\":1600},{\"@type\":\"BreadcrumbList\",\"@id\":\"https:\/\/ousfootwear.com\/product\/jacket-phibo\/#breadcrumb\",\"itemListElement\":[{\"@type\":\"ListItem\",\"position\":1,\"name\":\"Accueil\",\"item\":\"https:\/\/ousfootwear.com\/\"},{\"@type\":\"ListItem\",\"position\":2,\"name\":\"Shop\",\"item\":\"https:\/\/ousfootwear.com\/shop\/\"},{\"@type\":\"ListItem\",\"position\":3,\"name\":\"JACKET PHIBO\"}]},{\"@type\":\"WebSite\",\"@id\":\"https:\/\/ousfootwear.com\/#website\",\"url\":\"https:\/\/ousfootwear.com\/\",\"name\":\"ousfootwear\",\"description\":\"\",\"potentialAction\":[{\"@type\":\"SearchAction\",\"target\":{\"@type\":\"EntryPoint\",\"urlTemplate\":\"https:\/\/ousfootwear.com\/?s={search_term_string}\"},\"query-input\":{\"@type\":\"PropertyValueSpecification\",\"valueRequired\":true,\"valueName\":\"search_term_string\"}}],\"inLanguage\":\"en-US\"}]}<\/script>\n<!-- \/ Yoast SEO plugin. -->","yoast_head_json":{"title":"JACKET PHIBO - ousfootwear","robots":{"index":"index","follow":"follow","max-snippet":"max-snippet:-1","max-image-preview":"max-image-preview:large","max-video-preview":"max-video-preview:-1"},"canonical":"https:\/\/ousfootwear.com\/en\/product\/jacket-phibo\/","og_locale":"en_US","og_type":"article","og_title":"JACKET PHIBO - ousfootwear","og_description":"D\u00e9tail brod\u00e9 sur la poitrine   Ajustement \u00e9lastique sur la capuche   Capuche \u00e0 double r\u00e9glage  Poche secr\u00e8te avec fermeture velcro  D\u00e9tails brod\u00e9s en bas-relief ;   \u00c9tiquette externe en Tyvek","og_url":"https:\/\/ousfootwear.com\/en\/product\/jacket-phibo\/","og_site_name":"ousfootwear","article_modified_time":"2024-05-27T08:26:13+00:00","og_image":[{"width":2000,"height":1600,"url":"https:\/\/ousfootwear.com\/wp-content\/uploads\/2024\/04\/JAQUETA-PHIBO-CAMPO-TUR_AZUL_BCO-1.jpg","type":"image\/jpeg"}],"twitter_card":"summary_large_image","schema":{"@context":"https:\/\/schema.org","@graph":[{"@type":"WebPage","@id":"https:\/\/ousfootwear.com\/product\/jacket-phibo\/","url":"https:\/\/ousfootwear.com\/product\/jacket-phibo\/","name":"JACKET PHIBO - ousfootwear","isPartOf":{"@id":"https:\/\/ousfootwear.com\/#website"},"primaryImageOfPage":{"@id":"https:\/\/ousfootwear.com\/product\/jacket-phibo\/#primaryimage"},"image":{"@id":"https:\/\/ousfootwear.com\/product\/jacket-phibo\/#primaryimage"},"thumbnailUrl":"https:\/\/ousfootwear.com\/wp-content\/uploads\/2024\/04\/JAQUETA-PHIBO-CAMPO-TUR_AZUL_BCO-1.jpg","datePublished":"2024-04-24T07:14:32+00:00","dateModified":"2024-05-27T08:26:13+00:00","breadcrumb":{"@id":"https:\/\/ousfootwear.com\/product\/jacket-phibo\/#breadcrumb"},"inLanguage":"en-US","potentialAction":[{"@type":"ReadAction","target":["https:\/\/ousfootwear.com\/product\/jacket-phibo\/"]}]},{"@type":"ImageObject","inLanguage":"en-US","@id":"https:\/\/ousfootwear.com\/product\/jacket-phibo\/#primaryimage","url":"https:\/\/ousfootwear.com\/wp-content\/uploads\/2024\/04\/JAQUETA-PHIBO-CAMPO-TUR_AZUL_BCO-1.jpg","contentUrl":"https:\/\/ousfootwear.com\/wp-content\/uploads\/2024\/04\/JAQUETA-PHIBO-CAMPO-TUR_AZUL_BCO-1.jpg","width":2000,"height":1600},{"@type":"BreadcrumbList","@id":"https:\/\/ousfootwear.com\/product\/jacket-phibo\/#breadcrumb","itemListElement":[{"@type":"ListItem","position":1,"name":"Accueil","item":"https:\/\/ousfootwear.com\/"},{"@type":"ListItem","position":2,"name":"Shop","item":"https:\/\/ousfootwear.com\/shop\/"},{"@type":"ListItem","position":3,"name":"JACKET PHIBO"}]},{"@type":"WebSite","@id":"https:\/\/ousfootwear.com\/#website","url":"https:\/\/ousfootwear.com\/","name":"ousfootwear","description":"","potentialAction":[{"@type":"SearchAction","target":{"@type":"EntryPoint","urlTemplate":"https:\/\/ousfootwear.com\/?s={search_term_string}"},"query-input":{"@type":"PropertyValueSpecification","valueRequired":true,"valueName":"search_term_string"}}],"inLanguage":"en-US"}]}},"_links":{"self":[{"href":"https:\/\/ousfootwear.com\/en\/wp-json\/wp\/v2\/product\/5208","targetHints":{"allow":["GET"]}}],"collection":[{"href":"https:\/\/ousfootwear.com\/en\/wp-json\/wp\/v2\/product"}],"about":[{"href":"https:\/\/ousfootwear.com\/en\/wp-json\/wp\/v2\/types\/product"}],"wp:featuredmedia":[{"embeddable":true,"href":"https:\/\/ousfootwear.com\/en\/wp-json\/wp\/v2\/media\/1670"}],"wp:attachment":[{"href":"https:\/\/ousfootwear.com\/en\/wp-json\/wp\/v2\/media?parent=5208"}],"wp:term":[{"taxonomy":"product_brand","embeddable":true,"href":"https:\/\/ousfootwear.com\/en\/wp-json\/wp\/v2\/product_brand?post=5208"},{"taxonomy":"product_cat","embeddable":true,"href":"https:\/\/ousfootwear.com\/en\/wp-json\/wp\/v2\/product_cat?post=5208"},{"taxonomy":"product_tag","embeddable":true,"href":"https:\/\/ousfootwear.com\/en\/wp-json\/wp\/v2\/product_tag?post=5208"}],"curies":[{"name":"wp","href":"https:\/\/api.w.org\/{rel}","templated":true}]}}