{"id":5228,"date":"2024-04-24T09:14:39","date_gmt":"2024-04-24T07:14:39","guid":{"rendered":"https:\/\/ousfootwear.com\/?post_type=product&#038;p=5228"},"modified":"2024-05-27T10:25:27","modified_gmt":"2024-05-27T08:25:27","slug":"sweat-a-capuche-bio-poche-kangourou-vernacular","status":"publish","type":"product","link":"https:\/\/ousfootwear.com\/en\/product\/sweat-a-capuche-bio-poche-kangourou-vernacular\/","title":{"rendered":"\u00d6US SWEAT VERNACULAR &#8211; Sweat \u00e0 capuche bio poche kangourou"},"content":{"rendered":"<p>Ce sweat a capuche de chez \u00d6US est fabriqu\u00e9 au Br\u00e9sil en coton bio. Coton biologique avec d\u00e9tail c\u00f4tel\u00e9 et poche kangourou.<\/p>\n<p>&nbsp;<\/p>\n<p><a href=\"https:\/\/www.instagram.com\/p\/CowRxhHMndu\/?img_index=1\">\u00d6US streetwear<\/a><\/p>","protected":false},"excerpt":{"rendered":"<ul>\n<li><span class=\"HwtZe\" lang=\"fr\"><span class=\"jCAhz ChMk0b\"><span class=\"ryNqvb\">Sweat \u00e9pais, 68% coton et 32% polyester<\/span><\/span><\/span><\/li>\n<li><span class=\"HwtZe\" lang=\"fr\"><span class=\"jCAhz ChMk0b\"><span class=\"ryNqvb\">Coton biologique avec d\u00e9tail c\u00f4tel\u00e9 en sweat-shirt<\/span><\/span><\/span><\/li>\n<li><span class=\"HwtZe\" lang=\"fr\"><span class=\"jCAhz ChMk0b\"><span class=\"ryNqvb\">Poche kangourou <\/span><\/span><\/span><\/li>\n<li><span class=\"HwtZe\" lang=\"fr\"><span class=\"jCAhz ChMk0b\"><span class=\"ryNqvb\">C\u00f4tes fermes, 97% coton et 3% \u00e9lasthanne<\/span><\/span><\/span><\/li>\n<li><span class=\"HwtZe\" lang=\"fr\"><span class=\"jCAhz ChMk0b\"><span class=\"ryNqvb\"> Brillant plastisol sur le devant en soie<\/span><\/span><\/span><\/li>\n<li><span class=\"HwtZe\" lang=\"fr\"><span class=\"jCAhz ChMk0b\"><span class=\"ryNqvb\">dos en plastisol brillant soyeux \/\u00a0<\/span><\/span><\/span>Impression \u00e0 base d&rsquo;eau<\/li>\n<\/ul>","protected":false},"featured_media":1709,"template":"","meta":[],"product_brand":[],"product_cat":[56,18,39],"product_tag":[49,23,47],"class_list":{"0":"post-5228","1":"product","2":"type-product","3":"status-publish","4":"has-post-thumbnail","6":"product_cat-hoodies","7":"product_cat-ous","8":"product_cat-vetements","9":"product_tag-hoodie","10":"product_tag-ous","11":"product_tag-streetwear","13":"first","14":"instock","15":"taxable","16":"shipping-taxable","17":"purchasable","18":"product-type-variable"},"yoast_head":"<!-- This site is optimized with the Yoast SEO plugin v25.5 - https:\/\/yoast.com\/wordpress\/plugins\/seo\/ -->\n<title>\u00d6US SWEAT VERNACULAR - Sweat \u00e0 capuche bio poche kangourou - ousfootwear<\/title>\n<meta name=\"robots\" content=\"index, follow, max-snippet:-1, max-image-preview:large, max-video-preview:-1\" \/>\n<link rel=\"canonical\" href=\"https:\/\/ousfootwear.com\/en\/product\/sweat-a-capuche-bio-poche-kangourou-vernacular\/\" \/>\n<meta property=\"og:locale\" content=\"en_US\" \/>\n<meta property=\"og:type\" content=\"article\" \/>\n<meta property=\"og:title\" content=\"\u00d6US SWEAT VERNACULAR - Sweat \u00e0 capuche bio poche kangourou - ousfootwear\" \/>\n<meta property=\"og:description\" content=\"Sweat \u00e9pais, 68% coton et 32% polyester  Coton biologique avec d\u00e9tail c\u00f4tel\u00e9 en sweat-shirt  Poche kangourou   C\u00f4tes fermes, 97% coton et 3% \u00e9lasthanne   Brillant plastisol sur le devant en soie  dos en plastisol brillant soyeux \/\u00a0Impression \u00e0 base d&#039;eau\" \/>\n<meta property=\"og:url\" content=\"https:\/\/ousfootwear.com\/en\/product\/sweat-a-capuche-bio-poche-kangourou-vernacular\/\" \/>\n<meta property=\"og:site_name\" content=\"ousfootwear\" \/>\n<meta property=\"article:modified_time\" content=\"2024-05-27T08:25:27+00:00\" \/>\n<meta property=\"og:image\" content=\"https:\/\/ousfootwear.com\/wp-content\/uploads\/2024\/04\/MOLETOM-CANGURU-VERNACULAR-PTO-1.jpg\" \/>\n\t<meta property=\"og:image:width\" content=\"2000\" \/>\n\t<meta property=\"og:image:height\" content=\"1600\" \/>\n\t<meta property=\"og:image:type\" content=\"image\/jpeg\" \/>\n<meta name=\"twitter:card\" content=\"summary_large_image\" \/>\n<script type=\"application\/ld+json\" class=\"yoast-schema-graph\">{\"@context\":\"https:\/\/schema.org\",\"@graph\":[{\"@type\":\"WebPage\",\"@id\":\"https:\/\/ousfootwear.com\/product\/sweat-a-capuche-bio-poche-kangourou-vernacular\/\",\"url\":\"https:\/\/ousfootwear.com\/product\/sweat-a-capuche-bio-poche-kangourou-vernacular\/\",\"name\":\"\u00d6US SWEAT VERNACULAR - Sweat \u00e0 capuche bio poche kangourou - ousfootwear\",\"isPartOf\":{\"@id\":\"https:\/\/ousfootwear.com\/#website\"},\"primaryImageOfPage\":{\"@id\":\"https:\/\/ousfootwear.com\/product\/sweat-a-capuche-bio-poche-kangourou-vernacular\/#primaryimage\"},\"image\":{\"@id\":\"https:\/\/ousfootwear.com\/product\/sweat-a-capuche-bio-poche-kangourou-vernacular\/#primaryimage\"},\"thumbnailUrl\":\"https:\/\/ousfootwear.com\/wp-content\/uploads\/2024\/04\/MOLETOM-CANGURU-VERNACULAR-PTO-1.jpg\",\"datePublished\":\"2024-04-24T07:14:39+00:00\",\"dateModified\":\"2024-05-27T08:25:27+00:00\",\"breadcrumb\":{\"@id\":\"https:\/\/ousfootwear.com\/product\/sweat-a-capuche-bio-poche-kangourou-vernacular\/#breadcrumb\"},\"inLanguage\":\"en-US\",\"potentialAction\":[{\"@type\":\"ReadAction\",\"target\":[\"https:\/\/ousfootwear.com\/product\/sweat-a-capuche-bio-poche-kangourou-vernacular\/\"]}]},{\"@type\":\"ImageObject\",\"inLanguage\":\"en-US\",\"@id\":\"https:\/\/ousfootwear.com\/product\/sweat-a-capuche-bio-poche-kangourou-vernacular\/#primaryimage\",\"url\":\"https:\/\/ousfootwear.com\/wp-content\/uploads\/2024\/04\/MOLETOM-CANGURU-VERNACULAR-PTO-1.jpg\",\"contentUrl\":\"https:\/\/ousfootwear.com\/wp-content\/uploads\/2024\/04\/MOLETOM-CANGURU-VERNACULAR-PTO-1.jpg\",\"width\":2000,\"height\":1600},{\"@type\":\"BreadcrumbList\",\"@id\":\"https:\/\/ousfootwear.com\/product\/sweat-a-capuche-bio-poche-kangourou-vernacular\/#breadcrumb\",\"itemListElement\":[{\"@type\":\"ListItem\",\"position\":1,\"name\":\"Accueil\",\"item\":\"https:\/\/ousfootwear.com\/\"},{\"@type\":\"ListItem\",\"position\":2,\"name\":\"Shop\",\"item\":\"https:\/\/ousfootwear.com\/shop\/\"},{\"@type\":\"ListItem\",\"position\":3,\"name\":\"\u00d6US SWEAT VERNACULAR &#8211; Sweat \u00e0 capuche bio poche kangourou\"}]},{\"@type\":\"WebSite\",\"@id\":\"https:\/\/ousfootwear.com\/#website\",\"url\":\"https:\/\/ousfootwear.com\/\",\"name\":\"ousfootwear\",\"description\":\"\",\"potentialAction\":[{\"@type\":\"SearchAction\",\"target\":{\"@type\":\"EntryPoint\",\"urlTemplate\":\"https:\/\/ousfootwear.com\/?s={search_term_string}\"},\"query-input\":{\"@type\":\"PropertyValueSpecification\",\"valueRequired\":true,\"valueName\":\"search_term_string\"}}],\"inLanguage\":\"en-US\"}]}<\/script>\n<!-- \/ Yoast SEO plugin. -->","yoast_head_json":{"title":"\u00d6US SWEAT VERNACULAR - Sweat \u00e0 capuche bio poche kangourou - ousfootwear","robots":{"index":"index","follow":"follow","max-snippet":"max-snippet:-1","max-image-preview":"max-image-preview:large","max-video-preview":"max-video-preview:-1"},"canonical":"https:\/\/ousfootwear.com\/en\/product\/sweat-a-capuche-bio-poche-kangourou-vernacular\/","og_locale":"en_US","og_type":"article","og_title":"\u00d6US SWEAT VERNACULAR - Sweat \u00e0 capuche bio poche kangourou - ousfootwear","og_description":"Sweat \u00e9pais, 68% coton et 32% polyester  Coton biologique avec d\u00e9tail c\u00f4tel\u00e9 en sweat-shirt  Poche kangourou   C\u00f4tes fermes, 97% coton et 3% \u00e9lasthanne   Brillant plastisol sur le devant en soie  dos en plastisol brillant soyeux \/\u00a0Impression \u00e0 base d'eau","og_url":"https:\/\/ousfootwear.com\/en\/product\/sweat-a-capuche-bio-poche-kangourou-vernacular\/","og_site_name":"ousfootwear","article_modified_time":"2024-05-27T08:25:27+00:00","og_image":[{"width":2000,"height":1600,"url":"https:\/\/ousfootwear.com\/wp-content\/uploads\/2024\/04\/MOLETOM-CANGURU-VERNACULAR-PTO-1.jpg","type":"image\/jpeg"}],"twitter_card":"summary_large_image","schema":{"@context":"https:\/\/schema.org","@graph":[{"@type":"WebPage","@id":"https:\/\/ousfootwear.com\/product\/sweat-a-capuche-bio-poche-kangourou-vernacular\/","url":"https:\/\/ousfootwear.com\/product\/sweat-a-capuche-bio-poche-kangourou-vernacular\/","name":"\u00d6US SWEAT VERNACULAR - Sweat \u00e0 capuche bio poche kangourou - ousfootwear","isPartOf":{"@id":"https:\/\/ousfootwear.com\/#website"},"primaryImageOfPage":{"@id":"https:\/\/ousfootwear.com\/product\/sweat-a-capuche-bio-poche-kangourou-vernacular\/#primaryimage"},"image":{"@id":"https:\/\/ousfootwear.com\/product\/sweat-a-capuche-bio-poche-kangourou-vernacular\/#primaryimage"},"thumbnailUrl":"https:\/\/ousfootwear.com\/wp-content\/uploads\/2024\/04\/MOLETOM-CANGURU-VERNACULAR-PTO-1.jpg","datePublished":"2024-04-24T07:14:39+00:00","dateModified":"2024-05-27T08:25:27+00:00","breadcrumb":{"@id":"https:\/\/ousfootwear.com\/product\/sweat-a-capuche-bio-poche-kangourou-vernacular\/#breadcrumb"},"inLanguage":"en-US","potentialAction":[{"@type":"ReadAction","target":["https:\/\/ousfootwear.com\/product\/sweat-a-capuche-bio-poche-kangourou-vernacular\/"]}]},{"@type":"ImageObject","inLanguage":"en-US","@id":"https:\/\/ousfootwear.com\/product\/sweat-a-capuche-bio-poche-kangourou-vernacular\/#primaryimage","url":"https:\/\/ousfootwear.com\/wp-content\/uploads\/2024\/04\/MOLETOM-CANGURU-VERNACULAR-PTO-1.jpg","contentUrl":"https:\/\/ousfootwear.com\/wp-content\/uploads\/2024\/04\/MOLETOM-CANGURU-VERNACULAR-PTO-1.jpg","width":2000,"height":1600},{"@type":"BreadcrumbList","@id":"https:\/\/ousfootwear.com\/product\/sweat-a-capuche-bio-poche-kangourou-vernacular\/#breadcrumb","itemListElement":[{"@type":"ListItem","position":1,"name":"Accueil","item":"https:\/\/ousfootwear.com\/"},{"@type":"ListItem","position":2,"name":"Shop","item":"https:\/\/ousfootwear.com\/shop\/"},{"@type":"ListItem","position":3,"name":"\u00d6US SWEAT VERNACULAR &#8211; Sweat \u00e0 capuche bio poche kangourou"}]},{"@type":"WebSite","@id":"https:\/\/ousfootwear.com\/#website","url":"https:\/\/ousfootwear.com\/","name":"ousfootwear","description":"","potentialAction":[{"@type":"SearchAction","target":{"@type":"EntryPoint","urlTemplate":"https:\/\/ousfootwear.com\/?s={search_term_string}"},"query-input":{"@type":"PropertyValueSpecification","valueRequired":true,"valueName":"search_term_string"}}],"inLanguage":"en-US"}]}},"_links":{"self":[{"href":"https:\/\/ousfootwear.com\/en\/wp-json\/wp\/v2\/product\/5228","targetHints":{"allow":["GET"]}}],"collection":[{"href":"https:\/\/ousfootwear.com\/en\/wp-json\/wp\/v2\/product"}],"about":[{"href":"https:\/\/ousfootwear.com\/en\/wp-json\/wp\/v2\/types\/product"}],"wp:featuredmedia":[{"embeddable":true,"href":"https:\/\/ousfootwear.com\/en\/wp-json\/wp\/v2\/media\/1709"}],"wp:attachment":[{"href":"https:\/\/ousfootwear.com\/en\/wp-json\/wp\/v2\/media?parent=5228"}],"wp:term":[{"taxonomy":"product_brand","embeddable":true,"href":"https:\/\/ousfootwear.com\/en\/wp-json\/wp\/v2\/product_brand?post=5228"},{"taxonomy":"product_cat","embeddable":true,"href":"https:\/\/ousfootwear.com\/en\/wp-json\/wp\/v2\/product_cat?post=5228"},{"taxonomy":"product_tag","embeddable":true,"href":"https:\/\/ousfootwear.com\/en\/wp-json\/wp\/v2\/product_tag?post=5228"}],"curies":[{"name":"wp","href":"https:\/\/api.w.org\/{rel}","templated":true}]}}