{"id":5428,"date":"2024-04-24T09:15:41","date_gmt":"2024-04-24T07:15:41","guid":{"rendered":"https:\/\/ousfootwear.com\/?post_type=product&#038;p=5428"},"modified":"2024-04-24T09:15:46","modified_gmt":"2024-04-24T07:15:46","slug":"sneakers-vegan-ous-phibo-5-8-13-aluminio-reflex-oe","status":"publish","type":"product","link":"https:\/\/ousfootwear.com\/en\/product\/sneakers-vegan-ous-phibo-5-8-13-aluminio-reflex-oe\/","title":{"rendered":"SNEAKERS VEGAN \u00d6US PHIBO 5 8 13 ALUMINIO REFLEX OE"},"content":{"rendered":"<h1>Sneakers vegan de la collection Phibo<\/h1>\n<p>La technologie PHIBO apporte \u00e0 vos pieds une structure l\u00e9g\u00e8re et tr\u00e8s confortable pour un usage quotidien avec un design inspir\u00e9 de la s\u00e9quence de Fibonacci. Ses formes et ses structures harmonieuses et l\u00e9g\u00e8res offre 1 meilleure r\u00e9partition du poids .<\/p>\n<p>Sneakers VEGAN, sans origine animale ni m\u00e9taux lourd dans les teintures<\/p>\n<h1><img decoding=\"async\" class=\"alignnone wp-image-915\" src=\"https:\/\/lepureshop.com\/wp-content\/uploads\/2023\/07\/ae2df3f2-5d9a-4057-92f7-ce6efeb5139d___600d61edcb68ebf56ae63ac92f12ebfc.svg\" alt=\"\" width=\"150\" \/><\/h1>\n<p>Les semelles int\u00e9rieures Ative sont fabriqu\u00e9es avec une mousse intelligente qui favorise le confort et aide \u00e0 \u00e9liminer l&rsquo;humidit\u00e9 des pieds.<\/p>\n<h1><img decoding=\"async\" class=\"alignnone wp-image-986\" src=\"https:\/\/lepureshop.com\/wp-content\/uploads\/2023\/07\/Phibo.svg\" alt=\"\" width=\"150\" height=\"150\" \/><\/h1>\n<p>Les semelles sont bi-composant m\u00e9langeant de l&rsquo;EVA noble avec des d\u00e9tails en caoutchouc granuleux A+, l\u00e9g\u00e8res, ultra confortables et souples.<\/p>\n<p>&nbsp;<\/p>\n<p><a href=\"https:\/\/www.instagram.com\/p\/Cxmp1r0M5v1\/\" target=\"_blank\" rel=\"noopener\">vid\u00e9o \u00d6US<\/a><\/p>","protected":false},"excerpt":{"rendered":"<p>La technologie PHIBO apporte \u00e0 vos pieds une structure l\u00e9g\u00e8re et tr\u00e8s confortable pour un usage quotidien avec un design inspir\u00e9 de la s\u00e9quence de Fibonacci. Ses formes et ses structures harmonieuses et l\u00e9g\u00e8res offre 1 meilleure r\u00e9partition du poids .<\/p>\n<p>Mod\u00e8le VEGAN, sans origine animale ni m\u00e9taux lourd dans les teintures<\/p>\n<p><img decoding=\"async\" class=\"alignnone size-full wp-image-866\" src=\"https:\/\/lepureshop.com\/wp-content\/uploads\/2023\/07\/00187f22-4f22-4e6a-8484-4d3c2cbb3b07___f7cae70899304126c703e5ae3ce0f8ba.svg\" alt=\"\" width=\"90\" height=\"90\" \/><\/p>\n<ul>\n<li>Doublure d\u00e9taill\u00e9e synth\u00e9tique \/ Mesh \/ Sport<\/li>\n<li>Embout synth\u00e9tique appliqu\u00e9 par fusion<\/li>\n<li>Contour du talon fa\u00e7onn\u00e9 et structur\u00e9 avec contrefort thermoform\u00e9<\/li>\n<li>Semelles int\u00e9rieures Ative<\/li>\n<li>Semelle Phibo en EVA avec points structuraux en caoutchouc A+<\/li>\n<li>Chaussures sans mat\u00e9riaux ni composite d&rsquo;origine animale.<\/li>\n<\/ul>","protected":false},"featured_media":2160,"template":"","meta":[],"product_brand":[],"product_cat":[33,32],"product_tag":[23,69,25],"class_list":{"0":"post-5428","1":"product","2":"type-product","3":"status-publish","4":"has-post-thumbnail","6":"product_cat-phibo","7":"product_cat-sneakers","8":"product_tag-ous","9":"product_tag-phibo","10":"product_tag-sneakers","12":"first","13":"instock","14":"taxable","15":"shipping-taxable","16":"purchasable","17":"product-type-variable"},"yoast_head":"<!-- This site is optimized with the Yoast SEO plugin v25.5 - https:\/\/yoast.com\/wordpress\/plugins\/seo\/ -->\n<title>SNEAKERS VEGAN \u00d6US PHIBO 5 8 13 ALUMINIO REFLEX OE - ousfootwear<\/title>\n<meta name=\"robots\" content=\"index, follow, max-snippet:-1, max-image-preview:large, max-video-preview:-1\" \/>\n<link rel=\"canonical\" href=\"https:\/\/ousfootwear.com\/en\/product\/sneakers-vegan-ous-phibo-5-8-13-aluminio-reflex-oe\/\" \/>\n<meta property=\"og:locale\" content=\"en_US\" \/>\n<meta property=\"og:type\" content=\"article\" \/>\n<meta property=\"og:title\" content=\"SNEAKERS VEGAN \u00d6US PHIBO 5 8 13 ALUMINIO REFLEX OE - ousfootwear\" \/>\n<meta property=\"og:description\" content=\"La technologie PHIBO apporte \u00e0 vos pieds une structure l\u00e9g\u00e8re et tr\u00e8s confortable pour un usage quotidien avec un design inspir\u00e9 de la s\u00e9quence de Fibonacci. Ses formes et ses structures harmonieuses et l\u00e9g\u00e8res offre 1 meilleure r\u00e9partition du poids .  Mod\u00e8le VEGAN, sans origine animale ni m\u00e9taux lourd dans les teintures     Doublure d\u00e9taill\u00e9e synth\u00e9tique \/ Mesh \/ Sport  Embout synth\u00e9tique appliqu\u00e9 par fusion  Contour du talon fa\u00e7onn\u00e9 et structur\u00e9 avec contrefort thermoform\u00e9  Semelles int\u00e9rieures Ative  Semelle Phibo en EVA avec points structuraux en caoutchouc A+  Chaussures sans mat\u00e9riaux ni composite d&#039;origine animale.\" \/>\n<meta property=\"og:url\" content=\"https:\/\/ousfootwear.com\/en\/product\/sneakers-vegan-ous-phibo-5-8-13-aluminio-reflex-oe\/\" \/>\n<meta property=\"og:site_name\" content=\"ousfootwear\" \/>\n<meta property=\"article:modified_time\" content=\"2024-04-24T07:15:46+00:00\" \/>\n<meta property=\"og:image\" content=\"https:\/\/ousfootwear.com\/wp-content\/uploads\/2024\/04\/350015_37_1.jpg\" \/>\n\t<meta property=\"og:image:width\" content=\"2000\" \/>\n\t<meta property=\"og:image:height\" content=\"1600\" \/>\n\t<meta property=\"og:image:type\" content=\"image\/jpeg\" \/>\n<meta name=\"twitter:card\" content=\"summary_large_image\" \/>\n<meta name=\"twitter:label1\" content=\"Est. reading time\" \/>\n\t<meta name=\"twitter:data1\" content=\"1 minute\" \/>\n<script type=\"application\/ld+json\" class=\"yoast-schema-graph\">{\"@context\":\"https:\/\/schema.org\",\"@graph\":[{\"@type\":\"WebPage\",\"@id\":\"https:\/\/ousfootwear.com\/product\/sneakers-vegan-ous-phibo-5-8-13-aluminio-reflex-oe\/\",\"url\":\"https:\/\/ousfootwear.com\/product\/sneakers-vegan-ous-phibo-5-8-13-aluminio-reflex-oe\/\",\"name\":\"SNEAKERS VEGAN \u00d6US PHIBO 5 8 13 ALUMINIO REFLEX OE - ousfootwear\",\"isPartOf\":{\"@id\":\"https:\/\/ousfootwear.com\/#website\"},\"primaryImageOfPage\":{\"@id\":\"https:\/\/ousfootwear.com\/product\/sneakers-vegan-ous-phibo-5-8-13-aluminio-reflex-oe\/#primaryimage\"},\"image\":{\"@id\":\"https:\/\/ousfootwear.com\/product\/sneakers-vegan-ous-phibo-5-8-13-aluminio-reflex-oe\/#primaryimage\"},\"thumbnailUrl\":\"https:\/\/ousfootwear.com\/wp-content\/uploads\/2024\/04\/350015_37_1.jpg\",\"datePublished\":\"2024-04-24T07:15:41+00:00\",\"dateModified\":\"2024-04-24T07:15:46+00:00\",\"breadcrumb\":{\"@id\":\"https:\/\/ousfootwear.com\/product\/sneakers-vegan-ous-phibo-5-8-13-aluminio-reflex-oe\/#breadcrumb\"},\"inLanguage\":\"en-US\",\"potentialAction\":[{\"@type\":\"ReadAction\",\"target\":[\"https:\/\/ousfootwear.com\/product\/sneakers-vegan-ous-phibo-5-8-13-aluminio-reflex-oe\/\"]}]},{\"@type\":\"ImageObject\",\"inLanguage\":\"en-US\",\"@id\":\"https:\/\/ousfootwear.com\/product\/sneakers-vegan-ous-phibo-5-8-13-aluminio-reflex-oe\/#primaryimage\",\"url\":\"https:\/\/ousfootwear.com\/wp-content\/uploads\/2024\/04\/350015_37_1.jpg\",\"contentUrl\":\"https:\/\/ousfootwear.com\/wp-content\/uploads\/2024\/04\/350015_37_1.jpg\",\"width\":2000,\"height\":1600},{\"@type\":\"BreadcrumbList\",\"@id\":\"https:\/\/ousfootwear.com\/product\/sneakers-vegan-ous-phibo-5-8-13-aluminio-reflex-oe\/#breadcrumb\",\"itemListElement\":[{\"@type\":\"ListItem\",\"position\":1,\"name\":\"Accueil\",\"item\":\"https:\/\/ousfootwear.com\/\"},{\"@type\":\"ListItem\",\"position\":2,\"name\":\"Shop\",\"item\":\"https:\/\/ousfootwear.com\/shop\/\"},{\"@type\":\"ListItem\",\"position\":3,\"name\":\"SNEAKERS VEGAN \u00d6US PHIBO 5 8 13 ALUMINIO REFLEX OE\"}]},{\"@type\":\"WebSite\",\"@id\":\"https:\/\/ousfootwear.com\/#website\",\"url\":\"https:\/\/ousfootwear.com\/\",\"name\":\"ousfootwear\",\"description\":\"\",\"potentialAction\":[{\"@type\":\"SearchAction\",\"target\":{\"@type\":\"EntryPoint\",\"urlTemplate\":\"https:\/\/ousfootwear.com\/?s={search_term_string}\"},\"query-input\":{\"@type\":\"PropertyValueSpecification\",\"valueRequired\":true,\"valueName\":\"search_term_string\"}}],\"inLanguage\":\"en-US\"}]}<\/script>\n<!-- \/ Yoast SEO plugin. -->","yoast_head_json":{"title":"SNEAKERS VEGAN \u00d6US PHIBO 5 8 13 ALUMINIO REFLEX OE - ousfootwear","robots":{"index":"index","follow":"follow","max-snippet":"max-snippet:-1","max-image-preview":"max-image-preview:large","max-video-preview":"max-video-preview:-1"},"canonical":"https:\/\/ousfootwear.com\/en\/product\/sneakers-vegan-ous-phibo-5-8-13-aluminio-reflex-oe\/","og_locale":"en_US","og_type":"article","og_title":"SNEAKERS VEGAN \u00d6US PHIBO 5 8 13 ALUMINIO REFLEX OE - ousfootwear","og_description":"La technologie PHIBO apporte \u00e0 vos pieds une structure l\u00e9g\u00e8re et tr\u00e8s confortable pour un usage quotidien avec un design inspir\u00e9 de la s\u00e9quence de Fibonacci. Ses formes et ses structures harmonieuses et l\u00e9g\u00e8res offre 1 meilleure r\u00e9partition du poids .  Mod\u00e8le VEGAN, sans origine animale ni m\u00e9taux lourd dans les teintures     Doublure d\u00e9taill\u00e9e synth\u00e9tique \/ Mesh \/ Sport  Embout synth\u00e9tique appliqu\u00e9 par fusion  Contour du talon fa\u00e7onn\u00e9 et structur\u00e9 avec contrefort thermoform\u00e9  Semelles int\u00e9rieures Ative  Semelle Phibo en EVA avec points structuraux en caoutchouc A+  Chaussures sans mat\u00e9riaux ni composite d'origine animale.","og_url":"https:\/\/ousfootwear.com\/en\/product\/sneakers-vegan-ous-phibo-5-8-13-aluminio-reflex-oe\/","og_site_name":"ousfootwear","article_modified_time":"2024-04-24T07:15:46+00:00","og_image":[{"width":2000,"height":1600,"url":"https:\/\/ousfootwear.com\/wp-content\/uploads\/2024\/04\/350015_37_1.jpg","type":"image\/jpeg"}],"twitter_card":"summary_large_image","twitter_misc":{"Est. reading time":"1 minute"},"schema":{"@context":"https:\/\/schema.org","@graph":[{"@type":"WebPage","@id":"https:\/\/ousfootwear.com\/product\/sneakers-vegan-ous-phibo-5-8-13-aluminio-reflex-oe\/","url":"https:\/\/ousfootwear.com\/product\/sneakers-vegan-ous-phibo-5-8-13-aluminio-reflex-oe\/","name":"SNEAKERS VEGAN \u00d6US PHIBO 5 8 13 ALUMINIO REFLEX OE - ousfootwear","isPartOf":{"@id":"https:\/\/ousfootwear.com\/#website"},"primaryImageOfPage":{"@id":"https:\/\/ousfootwear.com\/product\/sneakers-vegan-ous-phibo-5-8-13-aluminio-reflex-oe\/#primaryimage"},"image":{"@id":"https:\/\/ousfootwear.com\/product\/sneakers-vegan-ous-phibo-5-8-13-aluminio-reflex-oe\/#primaryimage"},"thumbnailUrl":"https:\/\/ousfootwear.com\/wp-content\/uploads\/2024\/04\/350015_37_1.jpg","datePublished":"2024-04-24T07:15:41+00:00","dateModified":"2024-04-24T07:15:46+00:00","breadcrumb":{"@id":"https:\/\/ousfootwear.com\/product\/sneakers-vegan-ous-phibo-5-8-13-aluminio-reflex-oe\/#breadcrumb"},"inLanguage":"en-US","potentialAction":[{"@type":"ReadAction","target":["https:\/\/ousfootwear.com\/product\/sneakers-vegan-ous-phibo-5-8-13-aluminio-reflex-oe\/"]}]},{"@type":"ImageObject","inLanguage":"en-US","@id":"https:\/\/ousfootwear.com\/product\/sneakers-vegan-ous-phibo-5-8-13-aluminio-reflex-oe\/#primaryimage","url":"https:\/\/ousfootwear.com\/wp-content\/uploads\/2024\/04\/350015_37_1.jpg","contentUrl":"https:\/\/ousfootwear.com\/wp-content\/uploads\/2024\/04\/350015_37_1.jpg","width":2000,"height":1600},{"@type":"BreadcrumbList","@id":"https:\/\/ousfootwear.com\/product\/sneakers-vegan-ous-phibo-5-8-13-aluminio-reflex-oe\/#breadcrumb","itemListElement":[{"@type":"ListItem","position":1,"name":"Accueil","item":"https:\/\/ousfootwear.com\/"},{"@type":"ListItem","position":2,"name":"Shop","item":"https:\/\/ousfootwear.com\/shop\/"},{"@type":"ListItem","position":3,"name":"SNEAKERS VEGAN \u00d6US PHIBO 5 8 13 ALUMINIO REFLEX OE"}]},{"@type":"WebSite","@id":"https:\/\/ousfootwear.com\/#website","url":"https:\/\/ousfootwear.com\/","name":"ousfootwear","description":"","potentialAction":[{"@type":"SearchAction","target":{"@type":"EntryPoint","urlTemplate":"https:\/\/ousfootwear.com\/?s={search_term_string}"},"query-input":{"@type":"PropertyValueSpecification","valueRequired":true,"valueName":"search_term_string"}}],"inLanguage":"en-US"}]}},"_links":{"self":[{"href":"https:\/\/ousfootwear.com\/en\/wp-json\/wp\/v2\/product\/5428","targetHints":{"allow":["GET"]}}],"collection":[{"href":"https:\/\/ousfootwear.com\/en\/wp-json\/wp\/v2\/product"}],"about":[{"href":"https:\/\/ousfootwear.com\/en\/wp-json\/wp\/v2\/types\/product"}],"wp:featuredmedia":[{"embeddable":true,"href":"https:\/\/ousfootwear.com\/en\/wp-json\/wp\/v2\/media\/2160"}],"wp:attachment":[{"href":"https:\/\/ousfootwear.com\/en\/wp-json\/wp\/v2\/media?parent=5428"}],"wp:term":[{"taxonomy":"product_brand","embeddable":true,"href":"https:\/\/ousfootwear.com\/en\/wp-json\/wp\/v2\/product_brand?post=5428"},{"taxonomy":"product_cat","embeddable":true,"href":"https:\/\/ousfootwear.com\/en\/wp-json\/wp\/v2\/product_cat?post=5428"},{"taxonomy":"product_tag","embeddable":true,"href":"https:\/\/ousfootwear.com\/en\/wp-json\/wp\/v2\/product_tag?post=5428"}],"curies":[{"name":"wp","href":"https:\/\/api.w.org\/{rel}","templated":true}]}}