{"id":7790,"date":"2024-07-06T11:41:21","date_gmt":"2024-07-06T09:41:21","guid":{"rendered":"https:\/\/ousfootwear.com\/product\/produit-1099\/"},"modified":"2024-07-09T10:48:07","modified_gmt":"2024-07-09T08:48:07","slug":"skateboard-shoes-2k-preto-chantilly-essencial","status":"publish","type":"product","link":"https:\/\/ousfootwear.com\/en\/product\/skateboard-shoes-2k-preto-chantilly-essencial\/","title":{"rendered":"Skateboard shoes 2K PRETO CHANTILLY ESSENCIAL"},"content":{"rendered":"<p>LA skateboard shoes de chez \u00d6US qui va ravir les plus exigeant !!<\/p>\n<p>&nbsp;<\/p>\n<h1><img decoding=\"async\" class=\"alignnone wp-image-538\" src=\"https:\/\/lepureshop.com\/wp-content\/uploads\/2023\/07\/fd811b73-31ca-4a4e-8ac6-307ac883c0f9___32bc94e174a8850edef04336ab132f09.svg\" alt=\"\" width=\"150\" \/><\/h1>\n<p><span class=\"HwtZe\" lang=\"fr\"><span class=\"jCAhz JxVs2d ChMk0b\"><span class=\"ryNqvb\">Semelle ext\u00e9rieure fabriqu\u00e9e avec de petits granul\u00e9s de caoutchouc dans la quantit\u00e9 exacte requise, consommant moins d&rsquo;\u00e9nergie et pratiquement aucun d\u00e9chet de production.<\/span><\/span> <span class=\"jCAhz JxVs2d ChMk0b\"><span class=\"ryNqvb\">Le caoutchouc granulaire A+ est compos\u00e9 de mat\u00e9riaux nobles, m\u00e9langeant du caoutchouc naturel issu de l&rsquo;h\u00e9v\u00e9a et du caoutchouc synth\u00e9tique, pour un produit de haute performance, flexibilit\u00e9 et adh\u00e9rence au sol.<\/span><\/span><\/span><\/p>\n<h1><img decoding=\"async\" class=\"wp-image-539 alignnone\" src=\"https:\/\/lepureshop.com\/wp-content\/uploads\/2023\/07\/cbb0cf94-5b9a-4234-b61f-7c5bef7d698f___0726cd560717152d3f4bdb869d7fb2d9.svg\" alt=\"\" width=\"150\" \/><\/h1>\n<p>La semelle int\u00e9rieure Circular Light a \u00e9t\u00e9 d\u00e9velopp\u00e9e \u00e0 la fois pour un usage quotidien et pour le skateboard. Sa densit\u00e9 interm\u00e9diaire entre Soft et Hard apporte le confort.<\/p>\n<p>&nbsp;<\/p>","protected":false},"excerpt":{"rendered":"<div class=\"lRu31\"><span class=\"HwtZe\" lang=\"fr\"><span class=\"jCAhz ChMk0b\"><span class=\"ryNqvb\">Inspir\u00e9 de l&rsquo;esth\u00e9tique des ann\u00e9es 2000, le 2K allie style et fonctionnalit\u00e9.<\/span><\/span> <span class=\"jCAhz ChMk0b\"><span class=\"ryNqvb\">Fabriqu\u00e9 avec des mat\u00e9riaux en daim et en cuir, qui garantissent la durabilit\u00e9, ce mod\u00e8le a un look \u00ab\u00a0bouffant\u00a0\u00bb, avec une silhouette plus robuste et mousseuse.<\/span><\/span> <span class=\"jCAhz ChMk0b\"><span class=\"ryNqvb\">La semelle ext\u00e9rieure en caoutchouc A+ offre traction et durabilit\u00e9 en utilisant moins de d\u00e9chets, tandis que la semelle int\u00e9rieure circulaire garantit le confort.<\/span><\/span> <span class=\"jCAhz ChMk0b\"><span class=\"ryNqvb\">Il pr\u00e9sente un d\u00e9tail en filigramme qui sert de boucle et un \u00e9lastique sur la languette qui offre une stabilit\u00e9 pour votre course quotidienne ou pour faire du skateboard au look classique des ann\u00e9es 2000.<\/span><\/span><\/span><\/div>\n<div id=\"ow424\"><\/div>\n<ul>\n<li>Daim tann\u00e9 sans m\u00e9taux lourds \/ Synth\u00e9tique \/ Synth\u00e9tique r\u00e9fl\u00e9chissant \/ Mesh \/ Doublure sport<\/li>\n<li>Contour de talon profil\u00e9 et structur\u00e9 avec contrefort de talon thermoform\u00e9<\/li>\n<li>Semelle Int\u00e9rieure Circulaire L\u00e9g\u00e8re<\/li>\n<li>Plateforme de semelle en caoutchouc A+<\/li>\n<\/ul>\n<p>&nbsp;<\/p>","protected":false},"featured_media":9784,"template":"","meta":[],"product_brand":[],"product_cat":[62,18,19],"product_tag":[63,23,24],"class_list":{"0":"post-7790","1":"product","2":"type-product","3":"status-publish","4":"has-post-thumbnail","6":"product_cat-2k","7":"product_cat-ous","8":"product_cat-skate-shoes","9":"product_tag-2k","10":"product_tag-ous","11":"product_tag-skate-shoes","13":"first","14":"instock","15":"taxable","16":"shipping-taxable","17":"purchasable","18":"product-type-variable"},"yoast_head":"<!-- This site is optimized with the Yoast SEO plugin v25.5 - https:\/\/yoast.com\/wordpress\/plugins\/seo\/ -->\n<title>Skateboard shoes 2K PRETO CHANTILLY ESSENCIAL - ousfootwear<\/title>\n<meta name=\"robots\" content=\"index, follow, max-snippet:-1, max-image-preview:large, max-video-preview:-1\" \/>\n<link rel=\"canonical\" href=\"https:\/\/ousfootwear.com\/en\/product\/skateboard-shoes-2k-preto-chantilly-essencial\/\" \/>\n<meta property=\"og:locale\" content=\"en_US\" \/>\n<meta property=\"og:type\" content=\"article\" \/>\n<meta property=\"og:title\" content=\"Skateboard shoes 2K PRETO CHANTILLY ESSENCIAL - ousfootwear\" \/>\n<meta property=\"og:description\" content=\"Inspir\u00e9 de l&#039;esth\u00e9tique des ann\u00e9es 2000, le 2K allie style et fonctionnalit\u00e9. Fabriqu\u00e9 avec des mat\u00e9riaux en daim et en cuir, qui garantissent la durabilit\u00e9, ce mod\u00e8le a un look \u00ab\u00a0bouffant\u00a0\u00bb, avec une silhouette plus robuste et mousseuse. La semelle ext\u00e9rieure en caoutchouc A+ offre traction et durabilit\u00e9 en utilisant moins de d\u00e9chets, tandis que la semelle int\u00e9rieure circulaire garantit le confort. Il pr\u00e9sente un d\u00e9tail en filigramme qui sert de boucle et un \u00e9lastique sur la languette qui offre une stabilit\u00e9 pour votre course quotidienne ou pour faire du skateboard au look classique des ann\u00e9es 2000.    Daim tann\u00e9 sans m\u00e9taux lourds \/ Synth\u00e9tique \/ Synth\u00e9tique r\u00e9fl\u00e9chissant \/ Mesh \/ Doublure sport  Contour de talon profil\u00e9 et structur\u00e9 avec contrefort de talon thermoform\u00e9  Semelle Int\u00e9rieure Circulaire L\u00e9g\u00e8re  Plateforme de semelle en caoutchouc A+  &nbsp;\" \/>\n<meta property=\"og:url\" content=\"https:\/\/ousfootwear.com\/en\/product\/skateboard-shoes-2k-preto-chantilly-essencial\/\" \/>\n<meta property=\"og:site_name\" content=\"ousfootwear\" \/>\n<meta property=\"article:modified_time\" content=\"2024-07-09T08:48:07+00:00\" \/>\n<meta property=\"og:image\" content=\"https:\/\/ousfootwear.com\/wp-content\/uploads\/2024\/07\/350043_12_1.jpg\" \/>\n\t<meta property=\"og:image:width\" content=\"2000\" \/>\n\t<meta property=\"og:image:height\" content=\"1600\" \/>\n\t<meta property=\"og:image:type\" content=\"image\/jpeg\" \/>\n<meta name=\"twitter:card\" content=\"summary_large_image\" \/>\n<meta name=\"twitter:label1\" content=\"Est. reading time\" \/>\n\t<meta name=\"twitter:data1\" content=\"2 minutes\" \/>\n<script type=\"application\/ld+json\" class=\"yoast-schema-graph\">{\"@context\":\"https:\/\/schema.org\",\"@graph\":[{\"@type\":\"WebPage\",\"@id\":\"https:\/\/ousfootwear.com\/product\/skateboard-shoes-2k-preto-chantilly-essencial\/\",\"url\":\"https:\/\/ousfootwear.com\/product\/skateboard-shoes-2k-preto-chantilly-essencial\/\",\"name\":\"Skateboard shoes 2K PRETO CHANTILLY ESSENCIAL - ousfootwear\",\"isPartOf\":{\"@id\":\"https:\/\/ousfootwear.com\/#website\"},\"primaryImageOfPage\":{\"@id\":\"https:\/\/ousfootwear.com\/product\/skateboard-shoes-2k-preto-chantilly-essencial\/#primaryimage\"},\"image\":{\"@id\":\"https:\/\/ousfootwear.com\/product\/skateboard-shoes-2k-preto-chantilly-essencial\/#primaryimage\"},\"thumbnailUrl\":\"https:\/\/ousfootwear.com\/wp-content\/uploads\/2024\/07\/350043_12_1.jpg\",\"datePublished\":\"2024-07-06T09:41:21+00:00\",\"dateModified\":\"2024-07-09T08:48:07+00:00\",\"breadcrumb\":{\"@id\":\"https:\/\/ousfootwear.com\/product\/skateboard-shoes-2k-preto-chantilly-essencial\/#breadcrumb\"},\"inLanguage\":\"en-US\",\"potentialAction\":[{\"@type\":\"ReadAction\",\"target\":[\"https:\/\/ousfootwear.com\/product\/skateboard-shoes-2k-preto-chantilly-essencial\/\"]}]},{\"@type\":\"ImageObject\",\"inLanguage\":\"en-US\",\"@id\":\"https:\/\/ousfootwear.com\/product\/skateboard-shoes-2k-preto-chantilly-essencial\/#primaryimage\",\"url\":\"https:\/\/ousfootwear.com\/wp-content\/uploads\/2024\/07\/350043_12_1.jpg\",\"contentUrl\":\"https:\/\/ousfootwear.com\/wp-content\/uploads\/2024\/07\/350043_12_1.jpg\",\"width\":2000,\"height\":1600},{\"@type\":\"BreadcrumbList\",\"@id\":\"https:\/\/ousfootwear.com\/product\/skateboard-shoes-2k-preto-chantilly-essencial\/#breadcrumb\",\"itemListElement\":[{\"@type\":\"ListItem\",\"position\":1,\"name\":\"Accueil\",\"item\":\"https:\/\/ousfootwear.com\/\"},{\"@type\":\"ListItem\",\"position\":2,\"name\":\"Shop\",\"item\":\"https:\/\/ousfootwear.com\/shop\/\"},{\"@type\":\"ListItem\",\"position\":3,\"name\":\"Skateboard shoes 2K PRETO CHANTILLY ESSENCIAL\"}]},{\"@type\":\"WebSite\",\"@id\":\"https:\/\/ousfootwear.com\/#website\",\"url\":\"https:\/\/ousfootwear.com\/\",\"name\":\"ousfootwear\",\"description\":\"\",\"potentialAction\":[{\"@type\":\"SearchAction\",\"target\":{\"@type\":\"EntryPoint\",\"urlTemplate\":\"https:\/\/ousfootwear.com\/?s={search_term_string}\"},\"query-input\":{\"@type\":\"PropertyValueSpecification\",\"valueRequired\":true,\"valueName\":\"search_term_string\"}}],\"inLanguage\":\"en-US\"}]}<\/script>\n<!-- \/ Yoast SEO plugin. -->","yoast_head_json":{"title":"Skateboard shoes 2K PRETO CHANTILLY ESSENCIAL - ousfootwear","robots":{"index":"index","follow":"follow","max-snippet":"max-snippet:-1","max-image-preview":"max-image-preview:large","max-video-preview":"max-video-preview:-1"},"canonical":"https:\/\/ousfootwear.com\/en\/product\/skateboard-shoes-2k-preto-chantilly-essencial\/","og_locale":"en_US","og_type":"article","og_title":"Skateboard shoes 2K PRETO CHANTILLY ESSENCIAL - ousfootwear","og_description":"Inspir\u00e9 de l'esth\u00e9tique des ann\u00e9es 2000, le 2K allie style et fonctionnalit\u00e9. Fabriqu\u00e9 avec des mat\u00e9riaux en daim et en cuir, qui garantissent la durabilit\u00e9, ce mod\u00e8le a un look \u00ab\u00a0bouffant\u00a0\u00bb, avec une silhouette plus robuste et mousseuse. La semelle ext\u00e9rieure en caoutchouc A+ offre traction et durabilit\u00e9 en utilisant moins de d\u00e9chets, tandis que la semelle int\u00e9rieure circulaire garantit le confort. Il pr\u00e9sente un d\u00e9tail en filigramme qui sert de boucle et un \u00e9lastique sur la languette qui offre une stabilit\u00e9 pour votre course quotidienne ou pour faire du skateboard au look classique des ann\u00e9es 2000.    Daim tann\u00e9 sans m\u00e9taux lourds \/ Synth\u00e9tique \/ Synth\u00e9tique r\u00e9fl\u00e9chissant \/ Mesh \/ Doublure sport  Contour de talon profil\u00e9 et structur\u00e9 avec contrefort de talon thermoform\u00e9  Semelle Int\u00e9rieure Circulaire L\u00e9g\u00e8re  Plateforme de semelle en caoutchouc A+  &nbsp;","og_url":"https:\/\/ousfootwear.com\/en\/product\/skateboard-shoes-2k-preto-chantilly-essencial\/","og_site_name":"ousfootwear","article_modified_time":"2024-07-09T08:48:07+00:00","og_image":[{"width":2000,"height":1600,"url":"https:\/\/ousfootwear.com\/wp-content\/uploads\/2024\/07\/350043_12_1.jpg","type":"image\/jpeg"}],"twitter_card":"summary_large_image","twitter_misc":{"Est. reading time":"2 minutes"},"schema":{"@context":"https:\/\/schema.org","@graph":[{"@type":"WebPage","@id":"https:\/\/ousfootwear.com\/product\/skateboard-shoes-2k-preto-chantilly-essencial\/","url":"https:\/\/ousfootwear.com\/product\/skateboard-shoes-2k-preto-chantilly-essencial\/","name":"Skateboard shoes 2K PRETO CHANTILLY ESSENCIAL - ousfootwear","isPartOf":{"@id":"https:\/\/ousfootwear.com\/#website"},"primaryImageOfPage":{"@id":"https:\/\/ousfootwear.com\/product\/skateboard-shoes-2k-preto-chantilly-essencial\/#primaryimage"},"image":{"@id":"https:\/\/ousfootwear.com\/product\/skateboard-shoes-2k-preto-chantilly-essencial\/#primaryimage"},"thumbnailUrl":"https:\/\/ousfootwear.com\/wp-content\/uploads\/2024\/07\/350043_12_1.jpg","datePublished":"2024-07-06T09:41:21+00:00","dateModified":"2024-07-09T08:48:07+00:00","breadcrumb":{"@id":"https:\/\/ousfootwear.com\/product\/skateboard-shoes-2k-preto-chantilly-essencial\/#breadcrumb"},"inLanguage":"en-US","potentialAction":[{"@type":"ReadAction","target":["https:\/\/ousfootwear.com\/product\/skateboard-shoes-2k-preto-chantilly-essencial\/"]}]},{"@type":"ImageObject","inLanguage":"en-US","@id":"https:\/\/ousfootwear.com\/product\/skateboard-shoes-2k-preto-chantilly-essencial\/#primaryimage","url":"https:\/\/ousfootwear.com\/wp-content\/uploads\/2024\/07\/350043_12_1.jpg","contentUrl":"https:\/\/ousfootwear.com\/wp-content\/uploads\/2024\/07\/350043_12_1.jpg","width":2000,"height":1600},{"@type":"BreadcrumbList","@id":"https:\/\/ousfootwear.com\/product\/skateboard-shoes-2k-preto-chantilly-essencial\/#breadcrumb","itemListElement":[{"@type":"ListItem","position":1,"name":"Accueil","item":"https:\/\/ousfootwear.com\/"},{"@type":"ListItem","position":2,"name":"Shop","item":"https:\/\/ousfootwear.com\/shop\/"},{"@type":"ListItem","position":3,"name":"Skateboard shoes 2K PRETO CHANTILLY ESSENCIAL"}]},{"@type":"WebSite","@id":"https:\/\/ousfootwear.com\/#website","url":"https:\/\/ousfootwear.com\/","name":"ousfootwear","description":"","potentialAction":[{"@type":"SearchAction","target":{"@type":"EntryPoint","urlTemplate":"https:\/\/ousfootwear.com\/?s={search_term_string}"},"query-input":{"@type":"PropertyValueSpecification","valueRequired":true,"valueName":"search_term_string"}}],"inLanguage":"en-US"}]}},"_links":{"self":[{"href":"https:\/\/ousfootwear.com\/en\/wp-json\/wp\/v2\/product\/7790","targetHints":{"allow":["GET"]}}],"collection":[{"href":"https:\/\/ousfootwear.com\/en\/wp-json\/wp\/v2\/product"}],"about":[{"href":"https:\/\/ousfootwear.com\/en\/wp-json\/wp\/v2\/types\/product"}],"wp:featuredmedia":[{"embeddable":true,"href":"https:\/\/ousfootwear.com\/en\/wp-json\/wp\/v2\/media\/9784"}],"wp:attachment":[{"href":"https:\/\/ousfootwear.com\/en\/wp-json\/wp\/v2\/media?parent=7790"}],"wp:term":[{"taxonomy":"product_brand","embeddable":true,"href":"https:\/\/ousfootwear.com\/en\/wp-json\/wp\/v2\/product_brand?post=7790"},{"taxonomy":"product_cat","embeddable":true,"href":"https:\/\/ousfootwear.com\/en\/wp-json\/wp\/v2\/product_cat?post=7790"},{"taxonomy":"product_tag","embeddable":true,"href":"https:\/\/ousfootwear.com\/en\/wp-json\/wp\/v2\/product_tag?post=7790"}],"curies":[{"name":"wp","href":"https:\/\/api.w.org\/{rel}","templated":true}]}}