{"id":9862,"date":"2024-07-08T17:36:32","date_gmt":"2024-07-08T15:36:32","guid":{"rendered":"https:\/\/ousfootwear.com\/?post_type=product&#038;p=9862"},"modified":"2024-07-09T10:48:36","modified_gmt":"2024-07-09T08:48:36","slug":"sousa-cinza-esc-reflex-imperial","status":"publish","type":"product","link":"https:\/\/ousfootwear.com\/en\/product\/sousa-cinza-esc-reflex-imperial\/","title":{"rendered":"SOUSA CINZA ESC REFLEX IMPERIAL"},"content":{"rendered":"<h1><img decoding=\"async\" class=\"alignnone wp-image-538\" src=\"https:\/\/lepureshop.com\/wp-content\/uploads\/2023\/07\/fd811b73-31ca-4a4e-8ac6-307ac883c0f9___32bc94e174a8850edef04336ab132f09.svg\" alt=\"\" width=\"150\" \/><\/h1>\n<p><span class=\"HwtZe\" lang=\"fr\"><span class=\"jCAhz JxVs2d ChMk0b\"><span class=\"ryNqvb\">Semelle ext\u00e9rieure fabriqu\u00e9e avec de petits granul\u00e9s de caoutchouc dans la quantit\u00e9 exacte requise, consommant moins d&rsquo;\u00e9nergie et pratiquement aucun d\u00e9chet de production.<\/span><\/span> <span class=\"jCAhz JxVs2d ChMk0b\"><span class=\"ryNqvb\">Le caoutchouc granulaire A+ est compos\u00e9 de mat\u00e9riaux nobles, m\u00e9langeant du caoutchouc naturel issu de l&rsquo;h\u00e9v\u00e9a et du caoutchouc synth\u00e9tique, pour un produit de haute performance, flexibilit\u00e9 et adh\u00e9rence au sol.<\/span><\/span><\/span><\/p>\n<p>&nbsp;<\/p>\n<h1><a href=\"https:\/\/lepureshop.com\/wp-content\/uploads\/2023\/07\/ae2df3f2-5d9a-4057-92f7-ce6efeb5139d___600d61edcb68ebf56ae63ac92f12ebfc.svg\"><img decoding=\"async\" class=\"alignnone wp-image-915\" src=\"https:\/\/lepureshop.com\/wp-content\/uploads\/2023\/07\/ae2df3f2-5d9a-4057-92f7-ce6efeb5139d___600d61edcb68ebf56ae63ac92f12ebfc.svg\" alt=\"\" width=\"133\" height=\"34\" \/><\/a><\/h1>\n<div class=\"lRu31\" dir=\"ltr\">\n<p><span class=\"HwtZe\" lang=\"fr\"><span class=\"jCAhz JxVs2d ChMk0b\"><span class=\"ryNqvb\">Les semelles int\u00e9rieures actives sont fabriqu\u00e9es avec une mousse intelligente qui offre un confort en absorbant les impacts lors de la marche et en aidant \u00e0 \u00e9liminer l&rsquo;humidit\u00e9 des pieds.<\/span><\/span> <span class=\"jCAhz JxVs2d ChMk0b\"><span class=\"ryNqvb\">Ils conservent leur forme pendant une longue p\u00e9riode d&rsquo;utilisation, sont lavables (m\u00eame en machine !), favorisent le confort de marche et s\u00e8chent rapidement.<\/span><\/span><\/span><\/p>\n<div id=\"ow4539\"><\/div>\n<\/div>","protected":false},"excerpt":{"rendered":"<div class=\"lRu31\" dir=\"ltr\"><span class=\"HwtZe\" lang=\"fr\"><span class=\"jCAhz JxVs2d ChMk0b\"><span class=\"ryNqvb\">La S\u00f6usa a une structure externe en cuir ferme et robuste pour une plus grande r\u00e9sistance, tandis que sa partie interne est bien mouss\u00e9e et douce, offrant une sensation suppl\u00e9mentaire de confort et de s\u00e9curit\u00e9, ce qui la rend parfaite aussi bien pour la vie quotidienne que pour les longues s\u00e9ances d&rsquo;exercice de skateboard. . <\/span><\/span><span class=\"jCAhz JxVs2d ChMk0b\"><span class=\"ryNqvb\">Les pi\u00e8ces en cuir sont fabriqu\u00e9es sans utilisation de m\u00e9taux lourds et la semelle cousue est en caoutchouc granulaire A+ qui m\u00e9lange de petits granules de caoutchouc naturel de l&rsquo;h\u00e9v\u00e9a avec du caoutchouc synth\u00e9tique.<\/span><\/span> <\/span><\/div>\n<div dir=\"ltr\"><\/div>\n<div class=\"lRu31\" dir=\"ltr\">\n<p><span class=\"HwtZe\" lang=\"fr\"><span class=\"jCAhz JxVs2d ChMk0b\"><span class=\"ryNqvb\">Fabriqu\u00e9 selon un processus de production qui ne g\u00e9n\u00e8re pratiquement aucun d\u00e9chet, il en r\u00e9sulte un produit tr\u00e8s durable et \u00e9cologiquement responsable.<\/span><\/span><\/span><\/p>\n<div id=\"ow4463\">&#8211; Cuir tann\u00e9 sans m\u00e9taux lourds \/ Synth\u00e9tique \/ Synth\u00e9tique r\u00e9\ufb02\u00e9chissant \/ Mesh \/ Doublure sport<\/div>\n<div>&#8211; Boucle d&rsquo;\u00e9tiquette en dentelle en m\u00e9tal<\/div>\n<div>&#8211; Nouvelle semelle en caoutchouc Granular A+<\/div>\n<div>&#8211; Lacets en polyester<\/div>\n<div>&#8211; Semelle\u00a0 Novo sola Active<\/div>\n<\/div>","protected":false},"featured_media":9868,"template":"","meta":[],"product_brand":[],"product_cat":[18,32,70],"product_tag":[23,25,71],"class_list":{"0":"post-9862","1":"product","2":"type-product","3":"status-publish","4":"has-post-thumbnail","6":"product_cat-ous","7":"product_cat-sneakers","8":"product_cat-sousa","9":"product_tag-ous","10":"product_tag-sneakers","11":"product_tag-sousa","13":"first","14":"instock","15":"taxable","16":"shipping-taxable","17":"purchasable","18":"product-type-variable"},"yoast_head":"<!-- This site is optimized with the Yoast SEO plugin v25.5 - https:\/\/yoast.com\/wordpress\/plugins\/seo\/ -->\n<title>SOUSA CINZA ESC REFLEX IMPERIAL - ousfootwear<\/title>\n<meta name=\"robots\" content=\"index, follow, max-snippet:-1, max-image-preview:large, max-video-preview:-1\" \/>\n<link rel=\"canonical\" href=\"https:\/\/ousfootwear.com\/en\/product\/sousa-cinza-esc-reflex-imperial\/\" \/>\n<meta property=\"og:locale\" content=\"en_US\" \/>\n<meta property=\"og:type\" content=\"article\" \/>\n<meta property=\"og:title\" content=\"SOUSA CINZA ESC REFLEX IMPERIAL - ousfootwear\" \/>\n<meta property=\"og:description\" content=\"La S\u00f6usa a une structure externe en cuir ferme et robuste pour une plus grande r\u00e9sistance, tandis que sa partie interne est bien mouss\u00e9e et douce, offrant une sensation suppl\u00e9mentaire de confort et de s\u00e9curit\u00e9, ce qui la rend parfaite aussi bien pour la vie quotidienne que pour les longues s\u00e9ances d&#039;exercice de skateboard. . Les pi\u00e8ces en cuir sont fabriqu\u00e9es sans utilisation de m\u00e9taux lourds et la semelle cousue est en caoutchouc granulaire A+ qui m\u00e9lange de petits granules de caoutchouc naturel de l&#039;h\u00e9v\u00e9a avec du caoutchouc synth\u00e9tique.     Fabriqu\u00e9 selon un processus de production qui ne g\u00e9n\u00e8re pratiquement aucun d\u00e9chet, il en r\u00e9sulte un produit tr\u00e8s durable et \u00e9cologiquement responsable. - Cuir tann\u00e9 sans m\u00e9taux lourds \/ Synth\u00e9tique \/ Synth\u00e9tique r\u00e9\ufb02\u00e9chissant \/ Mesh \/ Doublure sport - Boucle d&#039;\u00e9tiquette en dentelle en m\u00e9tal - Nouvelle semelle en caoutchouc Granular A+ - Lacets en polyester - Semelle\u00a0 Novo sola Active\" \/>\n<meta property=\"og:url\" content=\"https:\/\/ousfootwear.com\/en\/product\/sousa-cinza-esc-reflex-imperial\/\" \/>\n<meta property=\"og:site_name\" content=\"ousfootwear\" \/>\n<meta property=\"article:modified_time\" content=\"2024-07-09T08:48:36+00:00\" \/>\n<meta property=\"og:image\" content=\"https:\/\/ousfootwear.com\/wp-content\/uploads\/2024\/07\/350042_12_1.jpg\" \/>\n\t<meta property=\"og:image:width\" content=\"2000\" \/>\n\t<meta property=\"og:image:height\" content=\"1600\" \/>\n\t<meta property=\"og:image:type\" content=\"image\/jpeg\" \/>\n<meta name=\"twitter:card\" content=\"summary_large_image\" \/>\n<meta name=\"twitter:label1\" content=\"Est. reading time\" \/>\n\t<meta name=\"twitter:data1\" content=\"2 minutes\" \/>\n<script type=\"application\/ld+json\" class=\"yoast-schema-graph\">{\"@context\":\"https:\/\/schema.org\",\"@graph\":[{\"@type\":\"WebPage\",\"@id\":\"https:\/\/ousfootwear.com\/product\/sousa-cinza-esc-reflex-imperial\/\",\"url\":\"https:\/\/ousfootwear.com\/product\/sousa-cinza-esc-reflex-imperial\/\",\"name\":\"SOUSA CINZA ESC REFLEX IMPERIAL - ousfootwear\",\"isPartOf\":{\"@id\":\"https:\/\/ousfootwear.com\/#website\"},\"primaryImageOfPage\":{\"@id\":\"https:\/\/ousfootwear.com\/product\/sousa-cinza-esc-reflex-imperial\/#primaryimage\"},\"image\":{\"@id\":\"https:\/\/ousfootwear.com\/product\/sousa-cinza-esc-reflex-imperial\/#primaryimage\"},\"thumbnailUrl\":\"https:\/\/ousfootwear.com\/wp-content\/uploads\/2024\/07\/350042_12_1.jpg\",\"datePublished\":\"2024-07-08T15:36:32+00:00\",\"dateModified\":\"2024-07-09T08:48:36+00:00\",\"breadcrumb\":{\"@id\":\"https:\/\/ousfootwear.com\/product\/sousa-cinza-esc-reflex-imperial\/#breadcrumb\"},\"inLanguage\":\"en-US\",\"potentialAction\":[{\"@type\":\"ReadAction\",\"target\":[\"https:\/\/ousfootwear.com\/product\/sousa-cinza-esc-reflex-imperial\/\"]}]},{\"@type\":\"ImageObject\",\"inLanguage\":\"en-US\",\"@id\":\"https:\/\/ousfootwear.com\/product\/sousa-cinza-esc-reflex-imperial\/#primaryimage\",\"url\":\"https:\/\/ousfootwear.com\/wp-content\/uploads\/2024\/07\/350042_12_1.jpg\",\"contentUrl\":\"https:\/\/ousfootwear.com\/wp-content\/uploads\/2024\/07\/350042_12_1.jpg\",\"width\":2000,\"height\":1600},{\"@type\":\"BreadcrumbList\",\"@id\":\"https:\/\/ousfootwear.com\/product\/sousa-cinza-esc-reflex-imperial\/#breadcrumb\",\"itemListElement\":[{\"@type\":\"ListItem\",\"position\":1,\"name\":\"Accueil\",\"item\":\"https:\/\/ousfootwear.com\/\"},{\"@type\":\"ListItem\",\"position\":2,\"name\":\"Shop\",\"item\":\"https:\/\/ousfootwear.com\/shop\/\"},{\"@type\":\"ListItem\",\"position\":3,\"name\":\"SOUSA CINZA ESC REFLEX IMPERIAL\"}]},{\"@type\":\"WebSite\",\"@id\":\"https:\/\/ousfootwear.com\/#website\",\"url\":\"https:\/\/ousfootwear.com\/\",\"name\":\"ousfootwear\",\"description\":\"\",\"potentialAction\":[{\"@type\":\"SearchAction\",\"target\":{\"@type\":\"EntryPoint\",\"urlTemplate\":\"https:\/\/ousfootwear.com\/?s={search_term_string}\"},\"query-input\":{\"@type\":\"PropertyValueSpecification\",\"valueRequired\":true,\"valueName\":\"search_term_string\"}}],\"inLanguage\":\"en-US\"}]}<\/script>\n<!-- \/ Yoast SEO plugin. -->","yoast_head_json":{"title":"SOUSA CINZA ESC REFLEX IMPERIAL - ousfootwear","robots":{"index":"index","follow":"follow","max-snippet":"max-snippet:-1","max-image-preview":"max-image-preview:large","max-video-preview":"max-video-preview:-1"},"canonical":"https:\/\/ousfootwear.com\/en\/product\/sousa-cinza-esc-reflex-imperial\/","og_locale":"en_US","og_type":"article","og_title":"SOUSA CINZA ESC REFLEX IMPERIAL - ousfootwear","og_description":"La S\u00f6usa a une structure externe en cuir ferme et robuste pour une plus grande r\u00e9sistance, tandis que sa partie interne est bien mouss\u00e9e et douce, offrant une sensation suppl\u00e9mentaire de confort et de s\u00e9curit\u00e9, ce qui la rend parfaite aussi bien pour la vie quotidienne que pour les longues s\u00e9ances d'exercice de skateboard. . Les pi\u00e8ces en cuir sont fabriqu\u00e9es sans utilisation de m\u00e9taux lourds et la semelle cousue est en caoutchouc granulaire A+ qui m\u00e9lange de petits granules de caoutchouc naturel de l'h\u00e9v\u00e9a avec du caoutchouc synth\u00e9tique.     Fabriqu\u00e9 selon un processus de production qui ne g\u00e9n\u00e8re pratiquement aucun d\u00e9chet, il en r\u00e9sulte un produit tr\u00e8s durable et \u00e9cologiquement responsable. - Cuir tann\u00e9 sans m\u00e9taux lourds \/ Synth\u00e9tique \/ Synth\u00e9tique r\u00e9\ufb02\u00e9chissant \/ Mesh \/ Doublure sport - Boucle d'\u00e9tiquette en dentelle en m\u00e9tal - Nouvelle semelle en caoutchouc Granular A+ - Lacets en polyester - Semelle\u00a0 Novo sola Active","og_url":"https:\/\/ousfootwear.com\/en\/product\/sousa-cinza-esc-reflex-imperial\/","og_site_name":"ousfootwear","article_modified_time":"2024-07-09T08:48:36+00:00","og_image":[{"width":2000,"height":1600,"url":"https:\/\/ousfootwear.com\/wp-content\/uploads\/2024\/07\/350042_12_1.jpg","type":"image\/jpeg"}],"twitter_card":"summary_large_image","twitter_misc":{"Est. reading time":"2 minutes"},"schema":{"@context":"https:\/\/schema.org","@graph":[{"@type":"WebPage","@id":"https:\/\/ousfootwear.com\/product\/sousa-cinza-esc-reflex-imperial\/","url":"https:\/\/ousfootwear.com\/product\/sousa-cinza-esc-reflex-imperial\/","name":"SOUSA CINZA ESC REFLEX IMPERIAL - ousfootwear","isPartOf":{"@id":"https:\/\/ousfootwear.com\/#website"},"primaryImageOfPage":{"@id":"https:\/\/ousfootwear.com\/product\/sousa-cinza-esc-reflex-imperial\/#primaryimage"},"image":{"@id":"https:\/\/ousfootwear.com\/product\/sousa-cinza-esc-reflex-imperial\/#primaryimage"},"thumbnailUrl":"https:\/\/ousfootwear.com\/wp-content\/uploads\/2024\/07\/350042_12_1.jpg","datePublished":"2024-07-08T15:36:32+00:00","dateModified":"2024-07-09T08:48:36+00:00","breadcrumb":{"@id":"https:\/\/ousfootwear.com\/product\/sousa-cinza-esc-reflex-imperial\/#breadcrumb"},"inLanguage":"en-US","potentialAction":[{"@type":"ReadAction","target":["https:\/\/ousfootwear.com\/product\/sousa-cinza-esc-reflex-imperial\/"]}]},{"@type":"ImageObject","inLanguage":"en-US","@id":"https:\/\/ousfootwear.com\/product\/sousa-cinza-esc-reflex-imperial\/#primaryimage","url":"https:\/\/ousfootwear.com\/wp-content\/uploads\/2024\/07\/350042_12_1.jpg","contentUrl":"https:\/\/ousfootwear.com\/wp-content\/uploads\/2024\/07\/350042_12_1.jpg","width":2000,"height":1600},{"@type":"BreadcrumbList","@id":"https:\/\/ousfootwear.com\/product\/sousa-cinza-esc-reflex-imperial\/#breadcrumb","itemListElement":[{"@type":"ListItem","position":1,"name":"Accueil","item":"https:\/\/ousfootwear.com\/"},{"@type":"ListItem","position":2,"name":"Shop","item":"https:\/\/ousfootwear.com\/shop\/"},{"@type":"ListItem","position":3,"name":"SOUSA CINZA ESC REFLEX IMPERIAL"}]},{"@type":"WebSite","@id":"https:\/\/ousfootwear.com\/#website","url":"https:\/\/ousfootwear.com\/","name":"ousfootwear","description":"","potentialAction":[{"@type":"SearchAction","target":{"@type":"EntryPoint","urlTemplate":"https:\/\/ousfootwear.com\/?s={search_term_string}"},"query-input":{"@type":"PropertyValueSpecification","valueRequired":true,"valueName":"search_term_string"}}],"inLanguage":"en-US"}]}},"_links":{"self":[{"href":"https:\/\/ousfootwear.com\/en\/wp-json\/wp\/v2\/product\/9862","targetHints":{"allow":["GET"]}}],"collection":[{"href":"https:\/\/ousfootwear.com\/en\/wp-json\/wp\/v2\/product"}],"about":[{"href":"https:\/\/ousfootwear.com\/en\/wp-json\/wp\/v2\/types\/product"}],"wp:featuredmedia":[{"embeddable":true,"href":"https:\/\/ousfootwear.com\/en\/wp-json\/wp\/v2\/media\/9868"}],"wp:attachment":[{"href":"https:\/\/ousfootwear.com\/en\/wp-json\/wp\/v2\/media?parent=9862"}],"wp:term":[{"taxonomy":"product_brand","embeddable":true,"href":"https:\/\/ousfootwear.com\/en\/wp-json\/wp\/v2\/product_brand?post=9862"},{"taxonomy":"product_cat","embeddable":true,"href":"https:\/\/ousfootwear.com\/en\/wp-json\/wp\/v2\/product_cat?post=9862"},{"taxonomy":"product_tag","embeddable":true,"href":"https:\/\/ousfootwear.com\/en\/wp-json\/wp\/v2\/product_tag?post=9862"}],"curies":[{"name":"wp","href":"https:\/\/api.w.org\/{rel}","templated":true}]}}