{"id":9896,"date":"2024-07-09T10:06:45","date_gmt":"2024-07-09T08:06:45","guid":{"rendered":"https:\/\/ousfootwear.com\/?post_type=product&#038;p=9896"},"modified":"2024-07-09T10:46:40","modified_gmt":"2024-07-09T08:46:40","slug":"imigrante-azul-claro-essencial","status":"publish","type":"product","link":"https:\/\/ousfootwear.com\/en\/product\/imigrante-azul-claro-essencial\/","title":{"rendered":"IMIGRANTE AZUL CLARO ESSENCIAL"},"content":{"rendered":"<p><strong>Chaussure de skate \u00d6US\u00a0 pour skateur cherchant la pr\u00e9cision et la performance<\/strong><\/p>\n<p>Classique d&rsquo;\u00d6US, l&rsquo;Imigrante pr\u00e9sente des mat\u00e9riaux qui garantissent r\u00e9sistance, adh\u00e9rence, douceur et beaucoup de style dans une paire de baskets.<\/p>\n<h1><img decoding=\"async\" class=\"alignnone wp-image-538\" src=\"https:\/\/lepureshop.com\/wp-content\/uploads\/2023\/07\/fd811b73-31ca-4a4e-8ac6-307ac883c0f9___32bc94e174a8850edef04336ab132f09.svg\" alt=\"\" width=\"150\" height=\"60\" \/><\/h1>\n<p>Semelle ext\u00e9rieure fabriqu\u00e9e avec de petits granul\u00e9s de caoutchouc dans la quantit\u00e9 exacte requise, consommant moins d&rsquo;\u00e9nergie et pratiquement aucun d\u00e9chet de production. Le caoutchouc granulaire A+ est compos\u00e9 de mat\u00e9riaux nobles, m\u00e9langeant du caoutchouc naturel issu de l&rsquo;h\u00e9v\u00e9a et du caoutchouc synth\u00e9tique, pour un produit de haute performance, flexibilit\u00e9 et adh\u00e9rence au sol.<\/p>\n<h1><a href=\"https:\/\/lepureshop.com\/wp-content\/uploads\/2023\/07\/Soft.svg\"><img decoding=\"async\" class=\"alignnone wp-image-983\" src=\"https:\/\/lepureshop.com\/wp-content\/uploads\/2023\/07\/Soft.svg\" alt=\"\" width=\"161\" height=\"31\" \/><\/a><\/h1>\n<p>La semelle int\u00e9rieure Circular Soft a \u00e9t\u00e9 d\u00e9velopp\u00e9e pour un usage quotidien. Plus doux et plus confortable, il est indispensable pour ceux qui ont un quotidien charg\u00e9 et souhaitent passer la journ\u00e9e sans douleurs aux pieds.<\/p>\n<p>&nbsp;<\/p>\n<p>MADE IN BRAZIL<\/p>","protected":false},"excerpt":{"rendered":"<ul>\n<li>Daim tann\u00e9 sans m\u00e9taux lourds \/ Mesh \/ Synth\u00e9tique \/ Logo r\u00e9fl\u00e9chissant\/doublure sport<\/li>\n<li>Contour du talon profil\u00e9 et structur\u00e9 avec contrefort thermoform\u00e9<\/li>\n<li>Semelle int\u00e9rieure circulaire soft<\/li>\n<li>Semelle en caoutchouc A+<\/li>\n<\/ul>","protected":false},"featured_media":9903,"template":"","meta":[],"product_brand":[],"product_cat":[26,18,19],"product_tag":[61,23,24],"class_list":{"0":"post-9896","1":"product","2":"type-product","3":"status-publish","4":"has-post-thumbnail","6":"product_cat-imigrante","7":"product_cat-ous","8":"product_cat-skate-shoes","9":"product_tag-imigrante","10":"product_tag-ous","11":"product_tag-skate-shoes","13":"first","14":"instock","15":"taxable","16":"shipping-taxable","17":"purchasable","18":"product-type-variable"},"yoast_head":"<!-- This site is optimized with the Yoast SEO plugin v25.5 - https:\/\/yoast.com\/wordpress\/plugins\/seo\/ -->\n<title>IMIGRANTE AZUL CLARO ESSENCIAL - ousfootwear<\/title>\n<meta name=\"robots\" content=\"index, follow, max-snippet:-1, max-image-preview:large, max-video-preview:-1\" \/>\n<link rel=\"canonical\" href=\"https:\/\/ousfootwear.com\/en\/product\/imigrante-azul-claro-essencial\/\" \/>\n<meta property=\"og:locale\" content=\"en_US\" \/>\n<meta property=\"og:type\" content=\"article\" \/>\n<meta property=\"og:title\" content=\"IMIGRANTE AZUL CLARO ESSENCIAL - ousfootwear\" \/>\n<meta property=\"og:description\" content=\"Daim tann\u00e9 sans m\u00e9taux lourds \/ Mesh \/ Synth\u00e9tique \/ Logo r\u00e9fl\u00e9chissant\/doublure sport  Contour du talon profil\u00e9 et structur\u00e9 avec contrefort thermoform\u00e9  Semelle int\u00e9rieure circulaire soft  Semelle en caoutchouc A+\" \/>\n<meta property=\"og:url\" content=\"https:\/\/ousfootwear.com\/en\/product\/imigrante-azul-claro-essencial\/\" \/>\n<meta property=\"og:site_name\" content=\"ousfootwear\" \/>\n<meta property=\"article:modified_time\" content=\"2024-07-09T08:46:40+00:00\" \/>\n<meta property=\"og:image\" content=\"https:\/\/ousfootwear.com\/wp-content\/uploads\/2024\/07\/350001_100_1.jpg\" \/>\n\t<meta property=\"og:image:width\" content=\"2000\" \/>\n\t<meta property=\"og:image:height\" content=\"1600\" \/>\n\t<meta property=\"og:image:type\" content=\"image\/jpeg\" \/>\n<meta name=\"twitter:card\" content=\"summary_large_image\" \/>\n<meta name=\"twitter:label1\" content=\"Est. reading time\" \/>\n\t<meta name=\"twitter:data1\" content=\"2 minutes\" \/>\n<script type=\"application\/ld+json\" class=\"yoast-schema-graph\">{\"@context\":\"https:\/\/schema.org\",\"@graph\":[{\"@type\":\"WebPage\",\"@id\":\"https:\/\/ousfootwear.com\/product\/imigrante-azul-claro-essencial\/\",\"url\":\"https:\/\/ousfootwear.com\/product\/imigrante-azul-claro-essencial\/\",\"name\":\"IMIGRANTE AZUL CLARO ESSENCIAL - ousfootwear\",\"isPartOf\":{\"@id\":\"https:\/\/ousfootwear.com\/#website\"},\"primaryImageOfPage\":{\"@id\":\"https:\/\/ousfootwear.com\/product\/imigrante-azul-claro-essencial\/#primaryimage\"},\"image\":{\"@id\":\"https:\/\/ousfootwear.com\/product\/imigrante-azul-claro-essencial\/#primaryimage\"},\"thumbnailUrl\":\"https:\/\/ousfootwear.com\/wp-content\/uploads\/2024\/07\/350001_100_1.jpg\",\"datePublished\":\"2024-07-09T08:06:45+00:00\",\"dateModified\":\"2024-07-09T08:46:40+00:00\",\"breadcrumb\":{\"@id\":\"https:\/\/ousfootwear.com\/product\/imigrante-azul-claro-essencial\/#breadcrumb\"},\"inLanguage\":\"en-US\",\"potentialAction\":[{\"@type\":\"ReadAction\",\"target\":[\"https:\/\/ousfootwear.com\/product\/imigrante-azul-claro-essencial\/\"]}]},{\"@type\":\"ImageObject\",\"inLanguage\":\"en-US\",\"@id\":\"https:\/\/ousfootwear.com\/product\/imigrante-azul-claro-essencial\/#primaryimage\",\"url\":\"https:\/\/ousfootwear.com\/wp-content\/uploads\/2024\/07\/350001_100_1.jpg\",\"contentUrl\":\"https:\/\/ousfootwear.com\/wp-content\/uploads\/2024\/07\/350001_100_1.jpg\",\"width\":2000,\"height\":1600},{\"@type\":\"BreadcrumbList\",\"@id\":\"https:\/\/ousfootwear.com\/product\/imigrante-azul-claro-essencial\/#breadcrumb\",\"itemListElement\":[{\"@type\":\"ListItem\",\"position\":1,\"name\":\"Accueil\",\"item\":\"https:\/\/ousfootwear.com\/\"},{\"@type\":\"ListItem\",\"position\":2,\"name\":\"Shop\",\"item\":\"https:\/\/ousfootwear.com\/shop\/\"},{\"@type\":\"ListItem\",\"position\":3,\"name\":\"IMIGRANTE AZUL CLARO ESSENCIAL\"}]},{\"@type\":\"WebSite\",\"@id\":\"https:\/\/ousfootwear.com\/#website\",\"url\":\"https:\/\/ousfootwear.com\/\",\"name\":\"ousfootwear\",\"description\":\"\",\"potentialAction\":[{\"@type\":\"SearchAction\",\"target\":{\"@type\":\"EntryPoint\",\"urlTemplate\":\"https:\/\/ousfootwear.com\/?s={search_term_string}\"},\"query-input\":{\"@type\":\"PropertyValueSpecification\",\"valueRequired\":true,\"valueName\":\"search_term_string\"}}],\"inLanguage\":\"en-US\"}]}<\/script>\n<!-- \/ Yoast SEO plugin. -->","yoast_head_json":{"title":"IMIGRANTE AZUL CLARO ESSENCIAL - ousfootwear","robots":{"index":"index","follow":"follow","max-snippet":"max-snippet:-1","max-image-preview":"max-image-preview:large","max-video-preview":"max-video-preview:-1"},"canonical":"https:\/\/ousfootwear.com\/en\/product\/imigrante-azul-claro-essencial\/","og_locale":"en_US","og_type":"article","og_title":"IMIGRANTE AZUL CLARO ESSENCIAL - ousfootwear","og_description":"Daim tann\u00e9 sans m\u00e9taux lourds \/ Mesh \/ Synth\u00e9tique \/ Logo r\u00e9fl\u00e9chissant\/doublure sport  Contour du talon profil\u00e9 et structur\u00e9 avec contrefort thermoform\u00e9  Semelle int\u00e9rieure circulaire soft  Semelle en caoutchouc A+","og_url":"https:\/\/ousfootwear.com\/en\/product\/imigrante-azul-claro-essencial\/","og_site_name":"ousfootwear","article_modified_time":"2024-07-09T08:46:40+00:00","og_image":[{"width":2000,"height":1600,"url":"https:\/\/ousfootwear.com\/wp-content\/uploads\/2024\/07\/350001_100_1.jpg","type":"image\/jpeg"}],"twitter_card":"summary_large_image","twitter_misc":{"Est. reading time":"2 minutes"},"schema":{"@context":"https:\/\/schema.org","@graph":[{"@type":"WebPage","@id":"https:\/\/ousfootwear.com\/product\/imigrante-azul-claro-essencial\/","url":"https:\/\/ousfootwear.com\/product\/imigrante-azul-claro-essencial\/","name":"IMIGRANTE AZUL CLARO ESSENCIAL - ousfootwear","isPartOf":{"@id":"https:\/\/ousfootwear.com\/#website"},"primaryImageOfPage":{"@id":"https:\/\/ousfootwear.com\/product\/imigrante-azul-claro-essencial\/#primaryimage"},"image":{"@id":"https:\/\/ousfootwear.com\/product\/imigrante-azul-claro-essencial\/#primaryimage"},"thumbnailUrl":"https:\/\/ousfootwear.com\/wp-content\/uploads\/2024\/07\/350001_100_1.jpg","datePublished":"2024-07-09T08:06:45+00:00","dateModified":"2024-07-09T08:46:40+00:00","breadcrumb":{"@id":"https:\/\/ousfootwear.com\/product\/imigrante-azul-claro-essencial\/#breadcrumb"},"inLanguage":"en-US","potentialAction":[{"@type":"ReadAction","target":["https:\/\/ousfootwear.com\/product\/imigrante-azul-claro-essencial\/"]}]},{"@type":"ImageObject","inLanguage":"en-US","@id":"https:\/\/ousfootwear.com\/product\/imigrante-azul-claro-essencial\/#primaryimage","url":"https:\/\/ousfootwear.com\/wp-content\/uploads\/2024\/07\/350001_100_1.jpg","contentUrl":"https:\/\/ousfootwear.com\/wp-content\/uploads\/2024\/07\/350001_100_1.jpg","width":2000,"height":1600},{"@type":"BreadcrumbList","@id":"https:\/\/ousfootwear.com\/product\/imigrante-azul-claro-essencial\/#breadcrumb","itemListElement":[{"@type":"ListItem","position":1,"name":"Accueil","item":"https:\/\/ousfootwear.com\/"},{"@type":"ListItem","position":2,"name":"Shop","item":"https:\/\/ousfootwear.com\/shop\/"},{"@type":"ListItem","position":3,"name":"IMIGRANTE AZUL CLARO ESSENCIAL"}]},{"@type":"WebSite","@id":"https:\/\/ousfootwear.com\/#website","url":"https:\/\/ousfootwear.com\/","name":"ousfootwear","description":"","potentialAction":[{"@type":"SearchAction","target":{"@type":"EntryPoint","urlTemplate":"https:\/\/ousfootwear.com\/?s={search_term_string}"},"query-input":{"@type":"PropertyValueSpecification","valueRequired":true,"valueName":"search_term_string"}}],"inLanguage":"en-US"}]}},"_links":{"self":[{"href":"https:\/\/ousfootwear.com\/en\/wp-json\/wp\/v2\/product\/9896","targetHints":{"allow":["GET"]}}],"collection":[{"href":"https:\/\/ousfootwear.com\/en\/wp-json\/wp\/v2\/product"}],"about":[{"href":"https:\/\/ousfootwear.com\/en\/wp-json\/wp\/v2\/types\/product"}],"wp:featuredmedia":[{"embeddable":true,"href":"https:\/\/ousfootwear.com\/en\/wp-json\/wp\/v2\/media\/9903"}],"wp:attachment":[{"href":"https:\/\/ousfootwear.com\/en\/wp-json\/wp\/v2\/media?parent=9896"}],"wp:term":[{"taxonomy":"product_brand","embeddable":true,"href":"https:\/\/ousfootwear.com\/en\/wp-json\/wp\/v2\/product_brand?post=9896"},{"taxonomy":"product_cat","embeddable":true,"href":"https:\/\/ousfootwear.com\/en\/wp-json\/wp\/v2\/product_cat?post=9896"},{"taxonomy":"product_tag","embeddable":true,"href":"https:\/\/ousfootwear.com\/en\/wp-json\/wp\/v2\/product_tag?post=9896"}],"curies":[{"name":"wp","href":"https:\/\/api.w.org\/{rel}","templated":true}]}}