{"id":9907,"date":"2024-07-09T10:13:14","date_gmt":"2024-07-09T08:13:14","guid":{"rendered":"https:\/\/ousfootwear.com\/?post_type=product&#038;p=9907"},"modified":"2025-07-24T12:50:34","modified_gmt":"2025-07-24T10:50:34","slug":"ous-arquitetonicoblack-onyx","status":"publish","type":"product","link":"https:\/\/ousfootwear.com\/en\/product\/ous-arquitetonicoblack-onyx\/","title":{"rendered":"\u00d6us ARQUITETONICO BLACK ONYX"},"content":{"rendered":"<p>La chaussure de skate avec tout l&rsquo;esprit du Br\u00e9sil : super originale et surtout indestructible !!!<\/p>\n<p><a href=\"https:\/\/www.instagram.com\/p\/CxaPn-kMFP2\/?img_index=1\" target=\"_blank\" rel=\"noopener\">\u00f6us Arquitetonico<\/a><\/p>\n<h1><img decoding=\"async\" class=\"alignnone wp-image-538\" src=\"https:\/\/lepureshop.com\/wp-content\/uploads\/2023\/07\/fd811b73-31ca-4a4e-8ac6-307ac883c0f9___32bc94e174a8850edef04336ab132f09.svg\" alt=\"\" width=\"150\" \/><\/h1>\n<div class=\"lRu31\" dir=\"ltr\">\n<p><span class=\"HwtZe\" lang=\"fr\"><span class=\"jCAhz JxVs2d ChMk0b\"><span class=\"ryNqvb\">Semelle ext\u00e9rieure fabriqu\u00e9e avec de petits granul\u00e9s de caoutchouc dans la quantit\u00e9 exacte requise, consommant moins d&rsquo;\u00e9nergie et pratiquement aucun d\u00e9chet de production.<\/span><\/span> <span class=\"jCAhz JxVs2d ChMk0b\"><span class=\"ryNqvb\">Le caoutchouc granulaire A+ est compos\u00e9 de mat\u00e9riaux nobles, m\u00e9langeant du caoutchouc naturel issu de l&rsquo;h\u00e9v\u00e9a et du caoutchouc synth\u00e9tique, pour un produit de haute performance, flexibilit\u00e9 et adh\u00e9rence au sol.<\/span><\/span><\/span><\/p>\n<div id=\"ow2320\"><\/div>\n<\/div>\n<h1><img decoding=\"async\" class=\"wp-image-539 alignnone\" src=\"https:\/\/lepureshop.com\/wp-content\/uploads\/2023\/07\/cbb0cf94-5b9a-4234-b61f-7c5bef7d698f___0726cd560717152d3f4bdb869d7fb2d9.svg\" alt=\"\" width=\"150\" \/><\/h1>\n<p>La semelle int\u00e9rieure Circular Light a \u00e9t\u00e9 d\u00e9velopp\u00e9e \u00e0 la fois pour un usage quotidien et pour le skateboard. Sa densit\u00e9 interm\u00e9diaire entre Soft et Hard apporte le confort.<\/p>","protected":false},"excerpt":{"rendered":"<p>Sculpt\u00e9e et polie pour faire passer le statut de chaussures de skate \u00e0 une \u0153uvre d&rsquo;art, Arquitet\u00f4nico garantit la r\u00e9sistance dont vous avez besoin, combin\u00e9e \u00e0 la douceur que vous souhaitez et \u00e0 une meilleure adh\u00e9rence.<\/p>\n<ul>\n<li>Daim tann\u00e9 sans m\u00e9taux lourds\/ Synth\u00e9tique \/ Mesh \/ Doublure sport<\/li>\n<li>Contour du talon d\u00e9limit\u00e9 et structur\u00e9 avec contrefort de talon thermoform\u00e9<\/li>\n<li>Semelle Int\u00e9rieure Circulaire Light<\/li>\n<li>Nouvelle plateforme de semelle en caoutchouc A+<\/li>\n<\/ul>\n<p>&nbsp;<\/p>","protected":false},"featured_media":9915,"template":"","meta":[],"product_brand":[],"product_cat":[20,18,19],"product_tag":[38,23,24],"class_list":{"0":"post-9907","1":"product","2":"type-product","3":"status-publish","4":"has-post-thumbnail","6":"product_cat-arquitetonico","7":"product_cat-ous","8":"product_cat-skate-shoes","9":"product_tag-arquitetonico","10":"product_tag-ous","11":"product_tag-skate-shoes","13":"first","14":"instock","15":"taxable","16":"shipping-taxable","17":"purchasable","18":"product-type-variable"},"yoast_head":"<!-- This site is optimized with the Yoast SEO plugin v25.5 - https:\/\/yoast.com\/wordpress\/plugins\/seo\/ -->\n<title>\u00d6us ARQUITETONICO BLACK ONYX - ousfootwear<\/title>\n<meta name=\"description\" content=\"Sculpt\u00e9e et polie pour faire passer le statut de chaussures de skate \u00e0 une \u0153uvre d&#039;art, Arquitet\u00f4nico et la skate shoes inusable made in \u00d6US Br\u00e9sil !\" \/>\n<meta name=\"robots\" content=\"index, follow, max-snippet:-1, max-image-preview:large, max-video-preview:-1\" \/>\n<link rel=\"canonical\" href=\"https:\/\/ousfootwear.com\/en\/product\/ous-arquitetonicoblack-onyx\/\" \/>\n<meta property=\"og:locale\" content=\"en_US\" \/>\n<meta property=\"og:type\" content=\"article\" \/>\n<meta property=\"og:title\" content=\"\u00d6us ARQUITETONICO BLACK ONYX - ousfootwear\" \/>\n<meta property=\"og:description\" content=\"Sculpt\u00e9e et polie pour faire passer le statut de chaussures de skate \u00e0 une \u0153uvre d&#039;art, Arquitet\u00f4nico et la skate shoes inusable made in \u00d6US Br\u00e9sil !\" \/>\n<meta property=\"og:url\" content=\"https:\/\/ousfootwear.com\/en\/product\/ous-arquitetonicoblack-onyx\/\" \/>\n<meta property=\"og:site_name\" content=\"ousfootwear\" \/>\n<meta property=\"article:modified_time\" content=\"2025-07-24T10:50:34+00:00\" \/>\n<meta property=\"og:image\" content=\"https:\/\/ousfootwear.com\/wp-content\/uploads\/2024\/07\/350024_52_1.jpg\" \/>\n\t<meta property=\"og:image:width\" content=\"2000\" \/>\n\t<meta property=\"og:image:height\" content=\"1600\" \/>\n\t<meta property=\"og:image:type\" content=\"image\/jpeg\" \/>\n<meta name=\"twitter:card\" content=\"summary_large_image\" \/>\n<meta name=\"twitter:label1\" content=\"Est. reading time\" \/>\n\t<meta name=\"twitter:data1\" content=\"2 minutes\" \/>\n<script type=\"application\/ld+json\" class=\"yoast-schema-graph\">{\"@context\":\"https:\/\/schema.org\",\"@graph\":[{\"@type\":\"WebPage\",\"@id\":\"https:\/\/ousfootwear.com\/product\/ous-arquitetonicoblack-onyx\/\",\"url\":\"https:\/\/ousfootwear.com\/product\/ous-arquitetonicoblack-onyx\/\",\"name\":\"\u00d6us ARQUITETONICO BLACK ONYX - ousfootwear\",\"isPartOf\":{\"@id\":\"https:\/\/ousfootwear.com\/#website\"},\"primaryImageOfPage\":{\"@id\":\"https:\/\/ousfootwear.com\/product\/ous-arquitetonicoblack-onyx\/#primaryimage\"},\"image\":{\"@id\":\"https:\/\/ousfootwear.com\/product\/ous-arquitetonicoblack-onyx\/#primaryimage\"},\"thumbnailUrl\":\"https:\/\/ousfootwear.com\/wp-content\/uploads\/2024\/07\/350024_52_1.jpg\",\"datePublished\":\"2024-07-09T08:13:14+00:00\",\"dateModified\":\"2025-07-24T10:50:34+00:00\",\"description\":\"Sculpt\u00e9e et polie pour faire passer le statut de chaussures de skate \u00e0 une \u0153uvre d'art, Arquitet\u00f4nico et la skate shoes inusable made in \u00d6US Br\u00e9sil !\",\"breadcrumb\":{\"@id\":\"https:\/\/ousfootwear.com\/product\/ous-arquitetonicoblack-onyx\/#breadcrumb\"},\"inLanguage\":\"en-US\",\"potentialAction\":[{\"@type\":\"ReadAction\",\"target\":[\"https:\/\/ousfootwear.com\/product\/ous-arquitetonicoblack-onyx\/\"]}]},{\"@type\":\"ImageObject\",\"inLanguage\":\"en-US\",\"@id\":\"https:\/\/ousfootwear.com\/product\/ous-arquitetonicoblack-onyx\/#primaryimage\",\"url\":\"https:\/\/ousfootwear.com\/wp-content\/uploads\/2024\/07\/350024_52_1.jpg\",\"contentUrl\":\"https:\/\/ousfootwear.com\/wp-content\/uploads\/2024\/07\/350024_52_1.jpg\",\"width\":2000,\"height\":1600},{\"@type\":\"BreadcrumbList\",\"@id\":\"https:\/\/ousfootwear.com\/product\/ous-arquitetonicoblack-onyx\/#breadcrumb\",\"itemListElement\":[{\"@type\":\"ListItem\",\"position\":1,\"name\":\"Accueil\",\"item\":\"https:\/\/ousfootwear.com\/\"},{\"@type\":\"ListItem\",\"position\":2,\"name\":\"Shop\",\"item\":\"https:\/\/ousfootwear.com\/shop\/\"},{\"@type\":\"ListItem\",\"position\":3,\"name\":\"\u00d6us ARQUITETONICO BLACK ONYX\"}]},{\"@type\":\"WebSite\",\"@id\":\"https:\/\/ousfootwear.com\/#website\",\"url\":\"https:\/\/ousfootwear.com\/\",\"name\":\"ousfootwear\",\"description\":\"\",\"potentialAction\":[{\"@type\":\"SearchAction\",\"target\":{\"@type\":\"EntryPoint\",\"urlTemplate\":\"https:\/\/ousfootwear.com\/?s={search_term_string}\"},\"query-input\":{\"@type\":\"PropertyValueSpecification\",\"valueRequired\":true,\"valueName\":\"search_term_string\"}}],\"inLanguage\":\"en-US\"}]}<\/script>\n<!-- \/ Yoast SEO plugin. -->","yoast_head_json":{"title":"\u00d6us ARQUITETONICO BLACK ONYX - ousfootwear","description":"Sculpt\u00e9e et polie pour faire passer le statut de chaussures de skate \u00e0 une \u0153uvre d'art, Arquitet\u00f4nico et la skate shoes inusable made in \u00d6US Br\u00e9sil !","robots":{"index":"index","follow":"follow","max-snippet":"max-snippet:-1","max-image-preview":"max-image-preview:large","max-video-preview":"max-video-preview:-1"},"canonical":"https:\/\/ousfootwear.com\/en\/product\/ous-arquitetonicoblack-onyx\/","og_locale":"en_US","og_type":"article","og_title":"\u00d6us ARQUITETONICO BLACK ONYX - ousfootwear","og_description":"Sculpt\u00e9e et polie pour faire passer le statut de chaussures de skate \u00e0 une \u0153uvre d'art, Arquitet\u00f4nico et la skate shoes inusable made in \u00d6US Br\u00e9sil !","og_url":"https:\/\/ousfootwear.com\/en\/product\/ous-arquitetonicoblack-onyx\/","og_site_name":"ousfootwear","article_modified_time":"2025-07-24T10:50:34+00:00","og_image":[{"width":2000,"height":1600,"url":"https:\/\/ousfootwear.com\/wp-content\/uploads\/2024\/07\/350024_52_1.jpg","type":"image\/jpeg"}],"twitter_card":"summary_large_image","twitter_misc":{"Est. reading time":"2 minutes"},"schema":{"@context":"https:\/\/schema.org","@graph":[{"@type":"WebPage","@id":"https:\/\/ousfootwear.com\/product\/ous-arquitetonicoblack-onyx\/","url":"https:\/\/ousfootwear.com\/product\/ous-arquitetonicoblack-onyx\/","name":"\u00d6us ARQUITETONICO BLACK ONYX - ousfootwear","isPartOf":{"@id":"https:\/\/ousfootwear.com\/#website"},"primaryImageOfPage":{"@id":"https:\/\/ousfootwear.com\/product\/ous-arquitetonicoblack-onyx\/#primaryimage"},"image":{"@id":"https:\/\/ousfootwear.com\/product\/ous-arquitetonicoblack-onyx\/#primaryimage"},"thumbnailUrl":"https:\/\/ousfootwear.com\/wp-content\/uploads\/2024\/07\/350024_52_1.jpg","datePublished":"2024-07-09T08:13:14+00:00","dateModified":"2025-07-24T10:50:34+00:00","description":"Sculpt\u00e9e et polie pour faire passer le statut de chaussures de skate \u00e0 une \u0153uvre d'art, Arquitet\u00f4nico et la skate shoes inusable made in \u00d6US Br\u00e9sil !","breadcrumb":{"@id":"https:\/\/ousfootwear.com\/product\/ous-arquitetonicoblack-onyx\/#breadcrumb"},"inLanguage":"en-US","potentialAction":[{"@type":"ReadAction","target":["https:\/\/ousfootwear.com\/product\/ous-arquitetonicoblack-onyx\/"]}]},{"@type":"ImageObject","inLanguage":"en-US","@id":"https:\/\/ousfootwear.com\/product\/ous-arquitetonicoblack-onyx\/#primaryimage","url":"https:\/\/ousfootwear.com\/wp-content\/uploads\/2024\/07\/350024_52_1.jpg","contentUrl":"https:\/\/ousfootwear.com\/wp-content\/uploads\/2024\/07\/350024_52_1.jpg","width":2000,"height":1600},{"@type":"BreadcrumbList","@id":"https:\/\/ousfootwear.com\/product\/ous-arquitetonicoblack-onyx\/#breadcrumb","itemListElement":[{"@type":"ListItem","position":1,"name":"Accueil","item":"https:\/\/ousfootwear.com\/"},{"@type":"ListItem","position":2,"name":"Shop","item":"https:\/\/ousfootwear.com\/shop\/"},{"@type":"ListItem","position":3,"name":"\u00d6us ARQUITETONICO BLACK ONYX"}]},{"@type":"WebSite","@id":"https:\/\/ousfootwear.com\/#website","url":"https:\/\/ousfootwear.com\/","name":"ousfootwear","description":"","potentialAction":[{"@type":"SearchAction","target":{"@type":"EntryPoint","urlTemplate":"https:\/\/ousfootwear.com\/?s={search_term_string}"},"query-input":{"@type":"PropertyValueSpecification","valueRequired":true,"valueName":"search_term_string"}}],"inLanguage":"en-US"}]}},"_links":{"self":[{"href":"https:\/\/ousfootwear.com\/en\/wp-json\/wp\/v2\/product\/9907","targetHints":{"allow":["GET"]}}],"collection":[{"href":"https:\/\/ousfootwear.com\/en\/wp-json\/wp\/v2\/product"}],"about":[{"href":"https:\/\/ousfootwear.com\/en\/wp-json\/wp\/v2\/types\/product"}],"wp:featuredmedia":[{"embeddable":true,"href":"https:\/\/ousfootwear.com\/en\/wp-json\/wp\/v2\/media\/9915"}],"wp:attachment":[{"href":"https:\/\/ousfootwear.com\/en\/wp-json\/wp\/v2\/media?parent=9907"}],"wp:term":[{"taxonomy":"product_brand","embeddable":true,"href":"https:\/\/ousfootwear.com\/en\/wp-json\/wp\/v2\/product_brand?post=9907"},{"taxonomy":"product_cat","embeddable":true,"href":"https:\/\/ousfootwear.com\/en\/wp-json\/wp\/v2\/product_cat?post=9907"},{"taxonomy":"product_tag","embeddable":true,"href":"https:\/\/ousfootwear.com\/en\/wp-json\/wp\/v2\/product_tag?post=9907"}],"curies":[{"name":"wp","href":"https:\/\/api.w.org\/{rel}","templated":true}]}}