{"id":3781,"date":"2024-04-23T15:38:07","date_gmt":"2024-04-23T13:38:07","guid":{"rendered":"https:\/\/ousfootwear.com\/?page_id=3781"},"modified":"2024-05-07T10:29:46","modified_gmt":"2024-05-07T08:29:46","slug":"qui-sommes-nous","status":"publish","type":"page","link":"https:\/\/ousfootwear.com\/es\/qui-sommes-nous\/","title":{"rendered":"Qui\u00e9nes somos"},"content":{"rendered":"<div data-elementor-type=\"wp-page\" data-elementor-id=\"3781\" class=\"elementor elementor-3781\" data-elementor-post-type=\"page\">\n\t\t\t\t<div class=\"elementor-element elementor-element-e7b57fe e-flex e-con-boxed e-con e-parent\" data-id=\"e7b57fe\" data-element_type=\"container\">\n\t\t\t\t\t<div class=\"e-con-inner\">\n\t\t\t\t<div class=\"elementor-element elementor-element-6665dbf elementor-widget elementor-widget-wd_text_block\" data-id=\"6665dbf\" data-element_type=\"widget\" data-widget_type=\"wd_text_block.default\">\n\t\t\t\t<div class=\"elementor-widget-container\">\n\t\t\t\t\t\t\t<div class=\"wd-text-block reset-last-child text-left\">\n\t\t\t\n\t\t\t<h2 class=\"wp-block-heading\">Qui sommes-nous ?<\/h2><p><!-- \/wp:heading --><!-- wp:paragraph --><\/p><p>L\u2019adresse de notre site est : <a href=\"https:\/\/lepureshop.com\">https:\/\/ousfootwear.com<\/a><\/p><p><!-- \/wp:paragraph --><!-- wp:paragraph --><\/p><p>Dans le cadre de son activit\u00e9, HelveTic-Tac S\u00e0rl, dont le si\u00e8ge social est situ\u00e9 au Chemin de l\u2019Armoise, 1 \u2013 1224 Ch\u00eane-Bougeries - Suisse, est amen\u00e9e \u00e0 collecter et \u00e0 traiter des informations dont certaines sont qualifi\u00e9es de \"donn\u00e9es personnelles\". HelveTic-Tac S\u00e0rl attache une grande importance au respect de la vie priv\u00e9e, et n\u2019utilise que des donnes de mani\u00e8re responsable et confidentielle et dans une finalit\u00e9 pr\u00e9cise<\/p><p><!-- \/wp:paragraph --><!-- wp:heading --><\/p><h2 class=\"wp-block-heading\">Collecte de l\u2019information<\/h2><p><!-- \/wp:heading --><!-- wp:paragraph --><\/p><p>Nous recueillons des informations lorsque vous vous inscrivez sur notre site, lorsque vous vous connectez \u00e0 votre compte, faites un achat, participez \u00e0 un concours, et \/ ou lorsque vous vous d\u00e9connectez. Les informations recueillies incluent votre nom, votre adresse e-mail, num\u00e9ro de t\u00e9l\u00e9phone, et \/ ou carte de cr\u00e9dit. En outre, nous recevons et enregistrons automatiquement des informations \u00e0 partir de votre ordinateur et navigateur, y compris votre adresse IP, vos logiciels et votre mat\u00e9riel, et la page que vous demandez.<\/p><p><!-- \/wp:paragraph --><!-- wp:heading {\"level\":3} --><\/p><h3 class=\"wp-block-heading\">Donn\u00e9es personnelles<\/h3><p><!-- \/wp:heading --><!-- wp:paragraph --><\/p><p>Sur le site web <a href=\"https:\/\/lepureshop.com\">https:\/\/ousfootwear.com<\/a>, il y a 2 types de donn\u00e9es susceptibles d\u2019\u00eatre recueillies :<\/p><p><!-- \/wp:paragraph --><!-- wp:heading {\"level\":4} --><\/p><h4 class=\"wp-block-heading\">\u00d8<strong>\u00a0 <\/strong>Les donn\u00e9es transmises directement<\/h4><p><!-- \/wp:heading --><!-- wp:paragraph --><\/p><p>Ces donn\u00e9es sont celles que vous nous transmettez directement, via un formulaire de contact ou bien par contact direct par email. Sont obligatoires dans le formulaire de contact le champs \u00ab pr\u00e9nom et nom \u00bb et \u00ab email \u00bb.<\/p><p><!-- \/wp:paragraph --><!-- wp:heading {\"level\":4} --><\/p><h4 class=\"wp-block-heading\">\u00d8<strong>\u00a0 <\/strong>Les donn\u00e9es collect\u00e9es automatiquement<\/h4><p><!-- \/wp:heading --><!-- wp:paragraph --><\/p><p>Lors de vos visites, une fois votre consentement donn\u00e9, nous pouvons recueillir des informations de type \u00ab web analytics \u00bb relatives \u00e0 votre navigation, la dur\u00e9e de votre consultation, votre adresse IP, votre type et version de navigateur. La technologie utilis\u00e9e est le cookie.<\/p><p><!-- \/wp:paragraph --><!-- wp:heading --><\/p><h2 class=\"wp-block-heading\">Utilisation des informations<\/h2><p><!-- \/wp:heading --><!-- wp:paragraph --><\/p><p>Toutes les informations que nous recueillons aupr\u00e8s de vous peuvent \u00eatre utilis\u00e9es pour :<\/p><p><!-- \/wp:paragraph --><!-- wp:paragraph --><\/p><p>\u2013\u00a0 \u00a0 \u00a0 Personnaliser votre exp\u00e9rience et r\u00e9pondre \u00e0 vos besoins individuels<\/p><p><!-- \/wp:paragraph --><!-- wp:paragraph --><\/p><p>\u2013\u00a0 \u00a0 \u00a0 Fournir un contenu publicitaire personnalis\u00e9<\/p><p><!-- \/wp:paragraph --><!-- wp:paragraph --><\/p><p>\u2013\u00a0 \u00a0 \u00a0 R\u00e9aliser des op\u00e9rations de marketing automatis\u00e9e et\/ou de profilage r\u00e9alis\u00e9es \u00e0 l\u2019aide des donn\u00e9es personnelles<\/p><p><!-- \/wp:paragraph --><!-- wp:paragraph --><\/p><p>\u2013\u00a0 \u00a0 \u00a0 Am\u00e9liorer notre site<\/p><p><!-- \/wp:paragraph --><!-- wp:paragraph --><\/p><p>\u2013\u00a0 \u00a0 \u00a0 Am\u00e9liorer le service client et vos besoins de prise en charge<\/p><p><!-- \/wp:paragraph --><!-- wp:paragraph --><\/p><p>\u2013\u00a0 \u00a0 \u00a0 Vous contacter par e-mail<\/p><p><!-- \/wp:paragraph --><!-- wp:paragraph --><\/p><p>\u2013\u00a0 \u00a0 \u00a0 Administrer un concours, une promotion, ou une enqu\u00eate<\/p><p><!-- \/wp:paragraph --><!-- wp:paragraph --><\/p><p>Les donn\u00e9es \u00ab web analytics \u00bb sont collect\u00e9es de forme anonyme (en enregistrant des adresses IP anonymes) par Google Analytics, et nous permettent de mesurer l'audience de notre site web, les consultations et les \u00e9ventuelles erreurs afin d\u2019am\u00e9liorer constamment l\u2019exp\u00e9rience des utilisateurs. Ces donn\u00e9es sont utilis\u00e9es par HelveTic-Tac S\u00e0rl, responsable du traitement des donn\u00e9es, et ne seront jamais c\u00e9d\u00e9es \u00e0 un tiers ni utilis\u00e9es \u00e0 d\u2019autres fins que celles d\u00e9taill\u00e9es ci-dessus.<\/p><p><!-- \/wp:paragraph --><!-- wp:heading --><\/p><h2 class=\"wp-block-heading\">Base l\u00e9gale<\/h2><p><!-- \/wp:heading --><!-- wp:paragraph --><\/p><p>Les donn\u00e9es personnelles ne sont collect\u00e9es qu\u2019apr\u00e8s consentement obligatoire de l\u2019utilisateur. Ce consentement est valablement recueilli (boutons et cases \u00e0 cocher), libre, clair et sans \u00e9quivoque.<\/p><p><!-- \/wp:paragraph --><!-- wp:heading {\"level\":3} --><\/p><h3 class=\"wp-block-heading\">Dur\u00e9e de conservation<\/h3><p><!-- \/wp:heading --><!-- wp:paragraph --><\/p><p>Les donn\u00e9es seront sauvegard\u00e9es durant une dur\u00e9e maximale de 3 ans.<\/p><p><!-- \/wp:paragraph --><!-- wp:heading --><\/p><h2 class=\"wp-block-heading\">Cookies<\/h2><p><!-- \/wp:heading --><!-- wp:paragraph --><\/p><p>Voici la liste des cookies utilis\u00e9es et leur objectif :<\/p><p><!-- \/wp:paragraph --><!-- wp:paragraph --><\/p><p>\u00b7 \u00a0 \u00a0 \u00a0 Cookies Google Analytics : Web analytics<\/p><p><!-- \/wp:paragraph --><!-- wp:paragraph --><\/p><p>\u00b7 \u00a0 \u00a0 \u00a0 Politiques des cookies : Permet de garder en m\u00e9moire le fait que vous acceptez les cookies afin de ne plus vous importuner lors de votre prochaine visite.<\/p><p><!-- \/wp:paragraph --><!-- wp:heading --><\/p><h2 class=\"wp-block-heading\">M\u00e9dias<\/h2><p><!-- \/wp:heading --><!-- wp:paragraph --><\/p><p>Si vous t\u00e9l\u00e9versez des images sur le site, nous vous conseillons d\u2019\u00e9viter de t\u00e9l\u00e9verser des images contenant des donn\u00e9es EXIF de coordonn\u00e9es GPS. Les personnes visitant votre site peuvent t\u00e9l\u00e9charger et extraire des donn\u00e9es de localisation depuis ces images.<\/p><p><!-- \/wp:paragraph --><!-- wp:heading --><\/p><h2 class=\"wp-block-heading\">Formulaires de contact<\/h2><p><!-- \/wp:heading --><!-- wp:heading {\"level\":3} --><\/p><h3 class=\"wp-block-heading\">Cookies du formulaire de contact<\/h3><p><!-- \/wp:heading --><!-- wp:paragraph --><\/p><p>Si vous d\u00e9posez un commentaire sur notre site, il vous sera propos\u00e9 d\u2019enregistrer votre nom, adresse e-mail et site dans des cookies. C\u2019est uniquement pour votre confort afin de ne pas avoir \u00e0 saisir ces informations si vous d\u00e9posez un autre commentaire plus tard. Ces cookies expirent au bout d\u2019un an.<\/p><p><!-- \/wp:paragraph --><!-- wp:paragraph --><\/p><p>Si vous vous rendez sur la page de connexion, un cookie temporaire sera cr\u00e9\u00e9 afin de d\u00e9terminer si votre navigateur accepte les cookies. Il ne contient pas de donn\u00e9es personnelles et sera supprim\u00e9 automatiquement \u00e0 la fermeture de votre navigateur.<\/p><p><!-- \/wp:paragraph --><!-- wp:paragraph --><\/p><p>Lorsque vous vous connecterez, nous mettrons en place un certain nombre de cookies pour enregistrer vos informations de connexion et vos pr\u00e9f\u00e9rences d\u2019\u00e9cran. La dur\u00e9e de vie d\u2019un cookie de connexion est de deux jours, celle d\u2019un cookie d\u2019option d\u2019\u00e9cran est d\u2019un an. Si vous cochez \u00ab Se souvenir de moi \u00bb, votre cookie de connexion sera conserv\u00e9 pendant deux semaines. Si vous vous d\u00e9connectez de votre compte, le cookie de connexion sera effac\u00e9.<\/p><p><!-- \/wp:paragraph --><!-- wp:paragraph --><\/p><p>En modifiant ou en publiant une publication, un cookie suppl\u00e9mentaire sera enregistr\u00e9 dans votre navigateur. Ce cookie ne comprend aucune donn\u00e9e personnelle. Il indique simplement l\u2019ID de la publication que vous venez de modifier. Il expire au bout d\u2019un jour.<\/p><p><!-- \/wp:paragraph --><!-- wp:heading --><\/p><h2 class=\"wp-block-heading\">Contenu embarqu\u00e9 depuis d\u2019autres sites<\/h2><p><!-- \/wp:heading --><!-- wp:paragraph --><\/p><p>Les articles de ce site peuvent inclure des contenus int\u00e9gr\u00e9s (par exemple des vid\u00e9os, images, articles\u2026). Le contenu int\u00e9gr\u00e9 depuis d\u2019autres sites se comporte de la m\u00eame mani\u00e8re que si le visiteur se rendait sur cet autre site.<\/p><p><!-- \/wp:paragraph --><!-- wp:paragraph --><\/p><p>Ces sites web pourraient collecter des donn\u00e9es sur vous, utiliser des cookies, embarquer des outils de suivis tiers, suivre vos interactions avec ces contenus embarqu\u00e9s si vous disposez d\u2019un compte connect\u00e9 sur leur site web.<\/p><p><!-- \/wp:paragraph --><!-- wp:heading --><\/p><h2 class=\"wp-block-heading\">Confidentialit\u00e9 du commerce en ligne<\/h2><p><!-- \/wp:heading --><!-- wp:paragraph --><\/p><p>Nous sommes les seuls propri\u00e9taires des informations recueillies sur ce site. Vos informations personnelles ne seront pas vendues, \u00e9chang\u00e9es, transf\u00e9r\u00e9es, ou donn\u00e9es \u00e0 une autre soci\u00e9t\u00e9 pour n\u2019importe quelle raison, sans votre consentement, en dehors de ce qui est n\u00e9cessaire pour r\u00e9pondre \u00e0 une demande et \/ ou une transaction, comme par exemple pour exp\u00e9dier une commande.<\/p><p><!-- \/wp:paragraph --><!-- wp:heading --><\/p><h2 class=\"wp-block-heading\">Divulgation \u00e0 des tiers<\/h2><p><!-- \/wp:heading --><!-- wp:paragraph --><\/p><p>Nous ne vendons, n\u2019\u00e9changeons et ne transf\u00e9rons pas vos informations personnelles identifiables \u00e0 des tiers. Cela ne comprend pas les tierce parties de confiance qui nous aident \u00e0 exploiter notre site Web ou \u00e0 mener nos affaires, tant que ces parties conviennent de garder ces informations confidentielles. Nous pensons qu\u2019il est n\u00e9cessaire de partager des informations afin d\u2019enqu\u00eater, de pr\u00e9venir ou de prendre des mesures concernant des activit\u00e9s ill\u00e9gales, fraudes pr\u00e9sum\u00e9es, situations impliquant des menaces potentielles \u00e0 la s\u00e9curit\u00e9 physique de toute personne, violations de nos conditions d\u2019utilisation, ou quand la loi nous y contraint. Les informations non-priv\u00e9es, cependant, peuvent \u00eatre fournies \u00e0 d\u2019autres parties pour le marketing, la publicit\u00e9, ou d\u2019autres utilisations.<\/p><p><!-- \/wp:paragraph --><!-- wp:heading --><\/p><h2 class=\"wp-block-heading\">Protection des informations<\/h2><p><!-- \/wp:heading --><!-- wp:paragraph --><\/p><p>Nous mettons en \u0153uvre une vari\u00e9t\u00e9 de mesures de s\u00e9curit\u00e9 pour pr\u00e9server la s\u00e9curit\u00e9 de vos informations personnelles. Nous utilisons un cryptage \u00e0 la pointe de la technologie pour prot\u00e9ger les informations sensibles transmises en ligne. Nous prot\u00e9geons \u00e9galement vos informations hors ligne. Seuls les employ\u00e9s qui ont besoin d\u2019effectuer un travail sp\u00e9cifique (par exemple, la facturation ou le service \u00e0 la client\u00e8le) ont acc\u00e8s aux informations personnelles identifiables. Les ordinateurs et serveurs utilis\u00e9s pour stocker des informations personnelles identifiables sont conserv\u00e9s dans un environnement s\u00e9curis\u00e9.<\/p><p><!-- \/wp:paragraph --><!-- wp:paragraph --><\/p><p>Les commentaires des visiteurs peuvent \u00eatre v\u00e9rifi\u00e9s \u00e0 l\u2019aide d\u2019un service automatis\u00e9 de d\u00e9tection des commentaires ind\u00e9sirables.<\/p><p><!-- \/wp:paragraph --><!-- wp:heading {\"level\":3} --><\/p><h3 class=\"wp-block-heading\">Est-ce que nous utilisons des cookies ?<\/h3><p><!-- \/wp:heading --><!-- wp:paragraph --><\/p><p>Oui, car nos cookies am\u00e9liorent l\u2019acc\u00e8s \u00e0 notre site et identifient les visiteurs r\u00e9guliers. En outre, nos cookies am\u00e9liorent l\u2019exp\u00e9rience d\u2019utilisateur gr\u00e2ce au suivi et au ciblage de ses int\u00e9r\u00eats. Cependant, cette utilisation des cookies n\u2019est en aucune fa\u00e7on li\u00e9e \u00e0 des informations personnelles identifiables sur notre site.<\/p><p><!-- \/wp:paragraph --><!-- wp:heading {\"level\":3} --><\/p><h3 class=\"wp-block-heading\">Vos droits concernant les donn\u00e9es personnelles<\/h3><p><!-- \/wp:heading --><!-- wp:paragraph --><\/p><p>Vous avez le droit de consultation, demande de modification ou d\u2019effacement sur l\u2019ensemble de vos donn\u00e9es personnelles. Vous pouvez \u00e9galement retirer votre consentement au traitement de vos donn\u00e9es.<\/p><p><!-- \/wp:paragraph --><!-- wp:paragraph --><\/p><p>Si vous avez un compte ou si vous avez laiss\u00e9 des commentaires sur le site, vous pouvez demander \u00e0 recevoir un fichier contenant toutes les donn\u00e9es personnelles que nous poss\u00e9dons \u00e0 votre sujet, incluant celles que vous nous avez fournies. Vous pouvez \u00e9galement demander la suppression des donn\u00e9es personnelles vous concernant. Cela ne prend pas en compte les donn\u00e9es stock\u00e9es \u00e0 des fins administratives, l\u00e9gales ou pour des raisons de s\u00e9curit\u00e9.<\/p><p><!-- \/wp:paragraph --><!-- wp:heading {\"level\":3} --><\/p><h3 class=\"wp-block-heading\">Utilisation et transmission de vos donn\u00e9es personnelles<\/h3><p><!-- \/wp:heading --><!-- wp:paragraph --><\/p><p>Si vous demandez une r\u00e9initialisation de votre mot de passe, votre adresse IP sera incluse dans l\u2019e-mail de r\u00e9initialisation.<\/p><p><!-- \/wp:paragraph --><!-- wp:heading --><\/p><h2 class=\"wp-block-heading\">Se d\u00e9sabonner<\/h2><p><!-- \/wp:heading --><!-- wp:paragraph --><\/p><p>Nous utilisons l\u2019adresse e-mail que vous fournissez pour vous envoyer des informations et mises \u00e0 jour relatives \u00e0 votre commande, des nouvelles de l\u2019entreprise de fa\u00e7on occasionnelle, des informations sur des produits li\u00e9s, etc. Si \u00e0 n\u2019importe quel moment vous souhaitez-vous d\u00e9sinscrire et ne plus recevoir d\u2019e-mails, des instructions de d\u00e9sabonnement d\u00e9taill\u00e9es sont incluses en bas de chaque e-mail.<\/p><p><!-- \/wp:paragraph --><!-- wp:heading --><\/p><h2 class=\"wp-block-heading\">Consentement<\/h2><p><!-- \/wp:heading --><!-- wp:paragraph --><\/p><p>En utilisant notre site, vous consentez \u00e0 notre politique de confidentialit\u00e9.<\/p><p><!-- \/wp:paragraph --><!-- wp:heading --><\/p><h2 class=\"wp-block-heading\">Dur\u00e9es de stockage de vos donn\u00e9es<\/h2><p><!-- \/wp:heading --><!-- wp:paragraph --><\/p><p>Si vous laissez un commentaire, le commentaire et ses m\u00e9tadonn\u00e9es sont conserv\u00e9s ind\u00e9finiment. Cela permet de reconna\u00eetre et approuver automatiquement les commentaires suivants au lieu de les laisser dans la file de mod\u00e9ration.<\/p><p><!-- \/wp:paragraph --><!-- wp:paragraph --><\/p><p>Pour les comptes qui s\u2019inscrivent sur notre site (le cas \u00e9ch\u00e9ant), nous stockons \u00e9galement les donn\u00e9es personnelles indiqu\u00e9es dans leur profil. Tous les comptes peuvent voir, modifier ou supprimer leurs informations personnelles \u00e0 tout moment (\u00e0 l\u2019exception de leur identifiant). Les gestionnaires du site peuvent aussi voir et modifier ces informations.<\/p>\n\t\t\t\t\t<\/div>\n\t\t\t\t\t\t<\/div>\n\t\t\t\t<\/div>\n\t\t\t\t\t<\/div>\n\t\t\t\t<\/div>\n\t\t\t\t<\/div>","protected":false},"excerpt":{"rendered":"<p>Qui sommes-nous ? L\u2019adresse de notre site est : https:\/\/ousfootwear.com Dans le cadre de son activit\u00e9, HelveTic-Tac S\u00e0rl, dont le<\/p>","protected":false},"author":1,"featured_media":0,"parent":0,"menu_order":0,"comment_status":"closed","ping_status":"closed","template":"","meta":{"footnotes":""},"class_list":["post-3781","page","type-page","status-publish","hentry"],"yoast_head":"<!-- This site is optimized with the Yoast SEO plugin v25.5 - https:\/\/yoast.com\/wordpress\/plugins\/seo\/ -->\n<title>Qui sommes-nous - ousfootwear<\/title>\n<meta name=\"robots\" content=\"index, follow, max-snippet:-1, max-image-preview:large, max-video-preview:-1\" \/>\n<link rel=\"canonical\" href=\"https:\/\/ousfootwear.com\/es\/qui-sommes-nous\/\" \/>\n<meta property=\"og:locale\" content=\"es_ES\" \/>\n<meta property=\"og:type\" content=\"article\" \/>\n<meta property=\"og:title\" content=\"Qui sommes-nous - ousfootwear\" \/>\n<meta property=\"og:description\" content=\"Qui sommes-nous ? L\u2019adresse de notre site est : https:\/\/ousfootwear.com Dans le cadre de son activit\u00e9, HelveTic-Tac S\u00e0rl, dont le\" \/>\n<meta property=\"og:url\" content=\"https:\/\/ousfootwear.com\/es\/qui-sommes-nous\/\" \/>\n<meta property=\"og:site_name\" content=\"ousfootwear\" \/>\n<meta property=\"article:modified_time\" content=\"2024-05-07T08:29:46+00:00\" \/>\n<meta name=\"twitter:card\" content=\"summary_large_image\" \/>\n<meta name=\"twitter:label1\" content=\"Tiempo de lectura\" \/>\n\t<meta name=\"twitter:data1\" content=\"8 minutos\" \/>\n<script type=\"application\/ld+json\" class=\"yoast-schema-graph\">{\"@context\":\"https:\/\/schema.org\",\"@graph\":[{\"@type\":\"WebPage\",\"@id\":\"https:\/\/ousfootwear.com\/qui-sommes-nous\/\",\"url\":\"https:\/\/ousfootwear.com\/qui-sommes-nous\/\",\"name\":\"Qui sommes-nous - ousfootwear\",\"isPartOf\":{\"@id\":\"https:\/\/ousfootwear.com\/#website\"},\"datePublished\":\"2024-04-23T13:38:07+00:00\",\"dateModified\":\"2024-05-07T08:29:46+00:00\",\"breadcrumb\":{\"@id\":\"https:\/\/ousfootwear.com\/qui-sommes-nous\/#breadcrumb\"},\"inLanguage\":\"es\",\"potentialAction\":[{\"@type\":\"ReadAction\",\"target\":[\"https:\/\/ousfootwear.com\/qui-sommes-nous\/\"]}]},{\"@type\":\"BreadcrumbList\",\"@id\":\"https:\/\/ousfootwear.com\/qui-sommes-nous\/#breadcrumb\",\"itemListElement\":[{\"@type\":\"ListItem\",\"position\":1,\"name\":\"Accueil\",\"item\":\"https:\/\/ousfootwear.com\/\"},{\"@type\":\"ListItem\",\"position\":2,\"name\":\"Qui sommes-nous\"}]},{\"@type\":\"WebSite\",\"@id\":\"https:\/\/ousfootwear.com\/#website\",\"url\":\"https:\/\/ousfootwear.com\/\",\"name\":\"ousfootwear\",\"description\":\"\",\"potentialAction\":[{\"@type\":\"SearchAction\",\"target\":{\"@type\":\"EntryPoint\",\"urlTemplate\":\"https:\/\/ousfootwear.com\/?s={search_term_string}\"},\"query-input\":{\"@type\":\"PropertyValueSpecification\",\"valueRequired\":true,\"valueName\":\"search_term_string\"}}],\"inLanguage\":\"es\"}]}<\/script>\n<!-- \/ Yoast SEO plugin. -->","yoast_head_json":{"title":"Qui sommes-nous - ousfootwear","robots":{"index":"index","follow":"follow","max-snippet":"max-snippet:-1","max-image-preview":"max-image-preview:large","max-video-preview":"max-video-preview:-1"},"canonical":"https:\/\/ousfootwear.com\/es\/qui-sommes-nous\/","og_locale":"es_ES","og_type":"article","og_title":"Qui sommes-nous - ousfootwear","og_description":"Qui sommes-nous ? L\u2019adresse de notre site est : https:\/\/ousfootwear.com Dans le cadre de son activit\u00e9, HelveTic-Tac S\u00e0rl, dont le","og_url":"https:\/\/ousfootwear.com\/es\/qui-sommes-nous\/","og_site_name":"ousfootwear","article_modified_time":"2024-05-07T08:29:46+00:00","twitter_card":"summary_large_image","twitter_misc":{"Tiempo de lectura":"8 minutos"},"schema":{"@context":"https:\/\/schema.org","@graph":[{"@type":"WebPage","@id":"https:\/\/ousfootwear.com\/qui-sommes-nous\/","url":"https:\/\/ousfootwear.com\/qui-sommes-nous\/","name":"Qui sommes-nous - ousfootwear","isPartOf":{"@id":"https:\/\/ousfootwear.com\/#website"},"datePublished":"2024-04-23T13:38:07+00:00","dateModified":"2024-05-07T08:29:46+00:00","breadcrumb":{"@id":"https:\/\/ousfootwear.com\/qui-sommes-nous\/#breadcrumb"},"inLanguage":"es","potentialAction":[{"@type":"ReadAction","target":["https:\/\/ousfootwear.com\/qui-sommes-nous\/"]}]},{"@type":"BreadcrumbList","@id":"https:\/\/ousfootwear.com\/qui-sommes-nous\/#breadcrumb","itemListElement":[{"@type":"ListItem","position":1,"name":"Accueil","item":"https:\/\/ousfootwear.com\/"},{"@type":"ListItem","position":2,"name":"Qui sommes-nous"}]},{"@type":"WebSite","@id":"https:\/\/ousfootwear.com\/#website","url":"https:\/\/ousfootwear.com\/","name":"ousfootwear","description":"","potentialAction":[{"@type":"SearchAction","target":{"@type":"EntryPoint","urlTemplate":"https:\/\/ousfootwear.com\/?s={search_term_string}"},"query-input":{"@type":"PropertyValueSpecification","valueRequired":true,"valueName":"search_term_string"}}],"inLanguage":"es"}]}},"_links":{"self":[{"href":"https:\/\/ousfootwear.com\/es\/wp-json\/wp\/v2\/pages\/3781","targetHints":{"allow":["GET"]}}],"collection":[{"href":"https:\/\/ousfootwear.com\/es\/wp-json\/wp\/v2\/pages"}],"about":[{"href":"https:\/\/ousfootwear.com\/es\/wp-json\/wp\/v2\/types\/page"}],"author":[{"embeddable":true,"href":"https:\/\/ousfootwear.com\/es\/wp-json\/wp\/v2\/users\/1"}],"replies":[{"embeddable":true,"href":"https:\/\/ousfootwear.com\/es\/wp-json\/wp\/v2\/comments?post=3781"}],"version-history":[{"count":4,"href":"https:\/\/ousfootwear.com\/es\/wp-json\/wp\/v2\/pages\/3781\/revisions"}],"predecessor-version":[{"id":6520,"href":"https:\/\/ousfootwear.com\/es\/wp-json\/wp\/v2\/pages\/3781\/revisions\/6520"}],"wp:attachment":[{"href":"https:\/\/ousfootwear.com\/es\/wp-json\/wp\/v2\/media?parent=3781"}],"curies":[{"name":"wp","href":"https:\/\/api.w.org\/{rel}","templated":true}]}}