{"id":4935,"date":"2024-04-24T09:13:03","date_gmt":"2024-04-24T07:13:03","guid":{"rendered":"https:\/\/ousfootwear.com\/?post_type=product&#038;p=4935"},"modified":"2024-05-27T13:42:37","modified_gmt":"2024-05-27T11:42:37","slug":"phibo-pro-quartzo-2-prt-turquesa-essencial","status":"publish","type":"product","link":"https:\/\/ousfootwear.com\/es\/product\/phibo-pro-quartzo-2-prt-turquesa-essencial\/","title":{"rendered":"PHIBO PRO QUARTZO 2 BLACK TURQUOISE ESSENCIAL"},"content":{"rendered":"<h1><img decoding=\"async\" class=\"alignnone wp-image-915\" src=\"https:\/\/lepureshop.com\/wp-content\/uploads\/2023\/07\/ae2df3f2-5d9a-4057-92f7-ce6efeb5139d___600d61edcb68ebf56ae63ac92f12ebfc.svg\" alt=\"\" width=\"150\" \/><\/h1>\n<p>Les semelles int\u00e9rieures Ative sont fabriqu\u00e9es avec une mousse intelligente qui favorise le confort et aide \u00e0 \u00e9liminer l&rsquo;humidit\u00e9 des pieds.<\/p>\n<p><img decoding=\"async\" class=\"alignnone wp-image-896\" src=\"https:\/\/lepureshop.com\/wp-content\/uploads\/2023\/07\/3860c993-4287-4e8e-a97d-270feba6237d___96c4ebac6e929c0cd68e63d1e0276a6e.svg\" alt=\"\" width=\"150\" \/><\/p>\n<p>Les semelles dot\u00e9es de la technologie PHIBO PRO consistent en une base principale en caoutchouc Granular A+ avec une semelle intercalaire en EVA \u00e0 haute r\u00e9silience, alignant la r\u00e9sistance la plus \u00e9lev\u00e9e avec le confort et l&rsquo;absorption des chocs. Sa pi\u00e8ce en caoutchouc granulaire A+ a une formulation plus adh\u00e9rente, pour une meilleure adh\u00e9rence au sol. Il dispose \u00e9galement d&rsquo;une pi\u00e8ce en TPU qui garantit une plus grande stabilit\u00e9 lors de la marche.<\/p>","protected":false},"excerpt":{"rendered":"<p>Avec une nouvelle forme plus ajust\u00e9e au pied, la PHIBO PRO QUARTZO allie haute r\u00e9sistance, confort et absorption des chocs.<\/p>\n<ul>\n<li>Daim \/ Mesh \/ Synth\u00e9tique \/ Doublure sport<\/li>\n<li>Logo lat\u00e9ral appliqu\u00e9 par fusion<\/li>\n<li>Semelle int\u00e9rieure Ative<\/li>\n<li>Semelle Phibo en EVA avec points structuraux en caoutchouc A+<\/li>\n<\/ul>","protected":false},"featured_media":521,"template":"","meta":[],"product_brand":[],"product_cat":[33,32],"product_tag":[],"class_list":{"0":"post-4935","1":"product","2":"type-product","3":"status-publish","4":"has-post-thumbnail","6":"product_cat-phibo","7":"product_cat-sneakers","9":"first","10":"instock","11":"taxable","12":"shipping-taxable","13":"purchasable","14":"product-type-variable"},"yoast_head":"<!-- This site is optimized with the Yoast SEO plugin v25.5 - https:\/\/yoast.com\/wordpress\/plugins\/seo\/ -->\n<title>PHIBO PRO QUARTZO 2 BLACK TURQUOISE ESSENCIAL - ousfootwear<\/title>\n<meta name=\"robots\" content=\"index, follow, max-snippet:-1, max-image-preview:large, max-video-preview:-1\" \/>\n<link rel=\"canonical\" href=\"https:\/\/ousfootwear.com\/es\/product\/phibo-pro-quartzo-2-prt-turquesa-essencial\/\" \/>\n<meta property=\"og:locale\" content=\"es_ES\" \/>\n<meta property=\"og:type\" content=\"article\" \/>\n<meta property=\"og:title\" content=\"PHIBO PRO QUARTZO 2 BLACK TURQUOISE ESSENCIAL - ousfootwear\" \/>\n<meta property=\"og:description\" content=\"Avec une nouvelle forme plus ajust\u00e9e au pied, la PHIBO PRO QUARTZO allie haute r\u00e9sistance, confort et absorption des chocs.   Daim \/ Mesh \/ Synth\u00e9tique \/ Doublure sport  Logo lat\u00e9ral appliqu\u00e9 par fusion  Semelle int\u00e9rieure Ative  Semelle Phibo en EVA avec points structuraux en caoutchouc A+\" \/>\n<meta property=\"og:url\" content=\"https:\/\/ousfootwear.com\/es\/product\/phibo-pro-quartzo-2-prt-turquesa-essencial\/\" \/>\n<meta property=\"og:site_name\" content=\"ousfootwear\" \/>\n<meta property=\"article:modified_time\" content=\"2024-05-27T11:42:37+00:00\" \/>\n<meta property=\"og:image\" content=\"https:\/\/ousfootwear.com\/wp-content\/uploads\/2024\/04\/184521-1200-auto.webp\" \/>\n\t<meta property=\"og:image:width\" content=\"1000\" \/>\n\t<meta property=\"og:image:height\" content=\"800\" \/>\n\t<meta property=\"og:image:type\" content=\"image\/webp\" \/>\n<meta name=\"twitter:card\" content=\"summary_large_image\" \/>\n<meta name=\"twitter:label1\" content=\"Tiempo de lectura\" \/>\n\t<meta name=\"twitter:data1\" content=\"2 minutos\" \/>\n<script type=\"application\/ld+json\" class=\"yoast-schema-graph\">{\"@context\":\"https:\/\/schema.org\",\"@graph\":[{\"@type\":\"WebPage\",\"@id\":\"https:\/\/ousfootwear.com\/product\/phibo-pro-quartzo-2-prt-turquesa-essencial\/\",\"url\":\"https:\/\/ousfootwear.com\/product\/phibo-pro-quartzo-2-prt-turquesa-essencial\/\",\"name\":\"PHIBO PRO QUARTZO 2 BLACK TURQUOISE ESSENCIAL - ousfootwear\",\"isPartOf\":{\"@id\":\"https:\/\/ousfootwear.com\/#website\"},\"primaryImageOfPage\":{\"@id\":\"https:\/\/ousfootwear.com\/product\/phibo-pro-quartzo-2-prt-turquesa-essencial\/#primaryimage\"},\"image\":{\"@id\":\"https:\/\/ousfootwear.com\/product\/phibo-pro-quartzo-2-prt-turquesa-essencial\/#primaryimage\"},\"thumbnailUrl\":\"https:\/\/ousfootwear.com\/wp-content\/uploads\/2024\/04\/184521-1200-auto.webp\",\"datePublished\":\"2024-04-24T07:13:03+00:00\",\"dateModified\":\"2024-05-27T11:42:37+00:00\",\"breadcrumb\":{\"@id\":\"https:\/\/ousfootwear.com\/product\/phibo-pro-quartzo-2-prt-turquesa-essencial\/#breadcrumb\"},\"inLanguage\":\"es\",\"potentialAction\":[{\"@type\":\"ReadAction\",\"target\":[\"https:\/\/ousfootwear.com\/product\/phibo-pro-quartzo-2-prt-turquesa-essencial\/\"]}]},{\"@type\":\"ImageObject\",\"inLanguage\":\"es\",\"@id\":\"https:\/\/ousfootwear.com\/product\/phibo-pro-quartzo-2-prt-turquesa-essencial\/#primaryimage\",\"url\":\"https:\/\/ousfootwear.com\/wp-content\/uploads\/2024\/04\/184521-1200-auto.webp\",\"contentUrl\":\"https:\/\/ousfootwear.com\/wp-content\/uploads\/2024\/04\/184521-1200-auto.webp\",\"width\":1000,\"height\":800},{\"@type\":\"BreadcrumbList\",\"@id\":\"https:\/\/ousfootwear.com\/product\/phibo-pro-quartzo-2-prt-turquesa-essencial\/#breadcrumb\",\"itemListElement\":[{\"@type\":\"ListItem\",\"position\":1,\"name\":\"Accueil\",\"item\":\"https:\/\/ousfootwear.com\/\"},{\"@type\":\"ListItem\",\"position\":2,\"name\":\"Shop\",\"item\":\"https:\/\/ousfootwear.com\/shop\/\"},{\"@type\":\"ListItem\",\"position\":3,\"name\":\"PHIBO PRO QUARTZO 2 BLACK TURQUOISE ESSENCIAL\"}]},{\"@type\":\"WebSite\",\"@id\":\"https:\/\/ousfootwear.com\/#website\",\"url\":\"https:\/\/ousfootwear.com\/\",\"name\":\"ousfootwear\",\"description\":\"\",\"potentialAction\":[{\"@type\":\"SearchAction\",\"target\":{\"@type\":\"EntryPoint\",\"urlTemplate\":\"https:\/\/ousfootwear.com\/?s={search_term_string}\"},\"query-input\":{\"@type\":\"PropertyValueSpecification\",\"valueRequired\":true,\"valueName\":\"search_term_string\"}}],\"inLanguage\":\"es\"}]}<\/script>\n<!-- \/ Yoast SEO plugin. -->","yoast_head_json":{"title":"PHIBO PRO QUARTZO 2 BLACK TURQUOISE ESSENCIAL - ousfootwear","robots":{"index":"index","follow":"follow","max-snippet":"max-snippet:-1","max-image-preview":"max-image-preview:large","max-video-preview":"max-video-preview:-1"},"canonical":"https:\/\/ousfootwear.com\/es\/product\/phibo-pro-quartzo-2-prt-turquesa-essencial\/","og_locale":"es_ES","og_type":"article","og_title":"PHIBO PRO QUARTZO 2 BLACK TURQUOISE ESSENCIAL - ousfootwear","og_description":"Avec une nouvelle forme plus ajust\u00e9e au pied, la PHIBO PRO QUARTZO allie haute r\u00e9sistance, confort et absorption des chocs.   Daim \/ Mesh \/ Synth\u00e9tique \/ Doublure sport  Logo lat\u00e9ral appliqu\u00e9 par fusion  Semelle int\u00e9rieure Ative  Semelle Phibo en EVA avec points structuraux en caoutchouc A+","og_url":"https:\/\/ousfootwear.com\/es\/product\/phibo-pro-quartzo-2-prt-turquesa-essencial\/","og_site_name":"ousfootwear","article_modified_time":"2024-05-27T11:42:37+00:00","og_image":[{"width":1000,"height":800,"url":"https:\/\/ousfootwear.com\/wp-content\/uploads\/2024\/04\/184521-1200-auto.webp","type":"image\/webp"}],"twitter_card":"summary_large_image","twitter_misc":{"Tiempo de lectura":"2 minutos"},"schema":{"@context":"https:\/\/schema.org","@graph":[{"@type":"WebPage","@id":"https:\/\/ousfootwear.com\/product\/phibo-pro-quartzo-2-prt-turquesa-essencial\/","url":"https:\/\/ousfootwear.com\/product\/phibo-pro-quartzo-2-prt-turquesa-essencial\/","name":"PHIBO PRO QUARTZO 2 BLACK TURQUOISE ESSENCIAL - ousfootwear","isPartOf":{"@id":"https:\/\/ousfootwear.com\/#website"},"primaryImageOfPage":{"@id":"https:\/\/ousfootwear.com\/product\/phibo-pro-quartzo-2-prt-turquesa-essencial\/#primaryimage"},"image":{"@id":"https:\/\/ousfootwear.com\/product\/phibo-pro-quartzo-2-prt-turquesa-essencial\/#primaryimage"},"thumbnailUrl":"https:\/\/ousfootwear.com\/wp-content\/uploads\/2024\/04\/184521-1200-auto.webp","datePublished":"2024-04-24T07:13:03+00:00","dateModified":"2024-05-27T11:42:37+00:00","breadcrumb":{"@id":"https:\/\/ousfootwear.com\/product\/phibo-pro-quartzo-2-prt-turquesa-essencial\/#breadcrumb"},"inLanguage":"es","potentialAction":[{"@type":"ReadAction","target":["https:\/\/ousfootwear.com\/product\/phibo-pro-quartzo-2-prt-turquesa-essencial\/"]}]},{"@type":"ImageObject","inLanguage":"es","@id":"https:\/\/ousfootwear.com\/product\/phibo-pro-quartzo-2-prt-turquesa-essencial\/#primaryimage","url":"https:\/\/ousfootwear.com\/wp-content\/uploads\/2024\/04\/184521-1200-auto.webp","contentUrl":"https:\/\/ousfootwear.com\/wp-content\/uploads\/2024\/04\/184521-1200-auto.webp","width":1000,"height":800},{"@type":"BreadcrumbList","@id":"https:\/\/ousfootwear.com\/product\/phibo-pro-quartzo-2-prt-turquesa-essencial\/#breadcrumb","itemListElement":[{"@type":"ListItem","position":1,"name":"Accueil","item":"https:\/\/ousfootwear.com\/"},{"@type":"ListItem","position":2,"name":"Shop","item":"https:\/\/ousfootwear.com\/shop\/"},{"@type":"ListItem","position":3,"name":"PHIBO PRO QUARTZO 2 BLACK TURQUOISE ESSENCIAL"}]},{"@type":"WebSite","@id":"https:\/\/ousfootwear.com\/#website","url":"https:\/\/ousfootwear.com\/","name":"ousfootwear","description":"","potentialAction":[{"@type":"SearchAction","target":{"@type":"EntryPoint","urlTemplate":"https:\/\/ousfootwear.com\/?s={search_term_string}"},"query-input":{"@type":"PropertyValueSpecification","valueRequired":true,"valueName":"search_term_string"}}],"inLanguage":"es"}]}},"_links":{"self":[{"href":"https:\/\/ousfootwear.com\/es\/wp-json\/wp\/v2\/product\/4935","targetHints":{"allow":["GET"]}}],"collection":[{"href":"https:\/\/ousfootwear.com\/es\/wp-json\/wp\/v2\/product"}],"about":[{"href":"https:\/\/ousfootwear.com\/es\/wp-json\/wp\/v2\/types\/product"}],"wp:featuredmedia":[{"embeddable":true,"href":"https:\/\/ousfootwear.com\/es\/wp-json\/wp\/v2\/media\/521"}],"wp:attachment":[{"href":"https:\/\/ousfootwear.com\/es\/wp-json\/wp\/v2\/media?parent=4935"}],"wp:term":[{"taxonomy":"product_brand","embeddable":true,"href":"https:\/\/ousfootwear.com\/es\/wp-json\/wp\/v2\/product_brand?post=4935"},{"taxonomy":"product_cat","embeddable":true,"href":"https:\/\/ousfootwear.com\/es\/wp-json\/wp\/v2\/product_cat?post=4935"},{"taxonomy":"product_tag","embeddable":true,"href":"https:\/\/ousfootwear.com\/es\/wp-json\/wp\/v2\/product_tag?post=4935"}],"curies":[{"name":"wp","href":"https:\/\/api.w.org\/{rel}","templated":true}]}}