{"id":4886,"date":"2024-04-24T09:12:48","date_gmt":"2024-04-24T07:12:48","guid":{"rendered":"https:\/\/ousfootwear.com\/?post_type=product&#038;p=4886"},"modified":"2024-05-27T10:08:19","modified_gmt":"2024-05-27T08:08:19","slug":"imigrante-preto-turquesa-essencial","status":"publish","type":"product","link":"https:\/\/ousfootwear.com\/pt\/product\/imigrante-preto-turquesa-essencial\/","title":{"rendered":"IMIGRANTE BLACK TURQUOISE ESSENCIAL"},"content":{"rendered":"<h1><img decoding=\"async\" class=\"alignnone wp-image-538\" src=\"https:\/\/lepureshop.com\/wp-content\/uploads\/2023\/07\/fd811b73-31ca-4a4e-8ac6-307ac883c0f9___32bc94e174a8850edef04336ab132f09.svg\" alt=\"\" width=\"150\" \/><\/h1>\n<p>La semelle ext\u00e9rieure produite avec le caoutchouc granulaire A+ est compos\u00e9 de mat\u00e9riaux nobles, m\u00ealant caoutchouc naturel issu de l&rsquo;h\u00e9v\u00e9a et caoutchouc synth\u00e9tique, pour un produit \u00e0 haute performance.<\/p>\n<h1><img decoding=\"async\" class=\"alignnone wp-image-983\" src=\"https:\/\/lepureshop.com\/wp-content\/uploads\/2023\/07\/Soft.svg\" alt=\"\" width=\"150\" \/><\/h1>\n<p>La semelle int\u00e9rieure Circular Light a \u00e9t\u00e9 d\u00e9velopp\u00e9e \u00e0 la fois pour un usage quotidien et pour le skateboard. Sa densit\u00e9 interm\u00e9diaire entre Soft et Hard apporte confort<\/p>","protected":false},"excerpt":{"rendered":"<p>Un classique \u00d6US, Sa composition garantie r\u00e9sistance, adh\u00e9rence, douceur et offre beaucoup de style.<\/p>\n<ul>\n<li>Cuir textur\u00e9 de premi\u00e8re qualit\u00e9 sans m\u00e9taux lourds \/synth\u00e9tique \/ Doublure sport<\/li>\n<li>Contour du talon fa\u00e7onn\u00e9 et structur\u00e9 avec contrefort thermoform\u00e9<\/li>\n<li>Semelle int\u00e9rieure circulaire souple<\/li>\n<li>Semelle en caoutchouc A+<\/li>\n<\/ul>","protected":false},"featured_media":397,"template":"","meta":[],"product_brand":[],"product_cat":[26,19],"product_tag":[],"class_list":{"0":"post-4886","1":"product","2":"type-product","3":"status-publish","4":"has-post-thumbnail","6":"product_cat-imigrante","7":"product_cat-skate-shoes","9":"first","10":"instock","11":"taxable","12":"shipping-taxable","13":"purchasable","14":"product-type-variable"},"yoast_head":"<!-- This site is optimized with the Yoast SEO plugin v25.5 - https:\/\/yoast.com\/wordpress\/plugins\/seo\/ -->\n<title>IMIGRANTE BLACK TURQUOISE ESSENCIAL - ousfootwear<\/title>\n<meta name=\"robots\" content=\"index, follow, max-snippet:-1, max-image-preview:large, max-video-preview:-1\" \/>\n<link rel=\"canonical\" href=\"https:\/\/ousfootwear.com\/pt\/product\/imigrante-preto-turquesa-essencial\/\" \/>\n<meta property=\"og:locale\" content=\"pt_BR\" \/>\n<meta property=\"og:type\" content=\"article\" \/>\n<meta property=\"og:title\" content=\"IMIGRANTE BLACK TURQUOISE ESSENCIAL - ousfootwear\" \/>\n<meta property=\"og:description\" content=\"Un classique \u00d6US, Sa composition garantie r\u00e9sistance, adh\u00e9rence, douceur et offre beaucoup de style.   Cuir textur\u00e9 de premi\u00e8re qualit\u00e9 sans m\u00e9taux lourds \/synth\u00e9tique \/ Doublure sport  Contour du talon fa\u00e7onn\u00e9 et structur\u00e9 avec contrefort thermoform\u00e9  Semelle int\u00e9rieure circulaire souple  Semelle en caoutchouc A+\" \/>\n<meta property=\"og:url\" content=\"https:\/\/ousfootwear.com\/pt\/product\/imigrante-preto-turquesa-essencial\/\" \/>\n<meta property=\"og:site_name\" content=\"ousfootwear\" \/>\n<meta property=\"article:modified_time\" content=\"2024-05-27T08:08:19+00:00\" \/>\n<meta property=\"og:image\" content=\"https:\/\/ousfootwear.com\/wp-content\/uploads\/2024\/04\/159491-1200-auto.jpg\" \/>\n\t<meta property=\"og:image:width\" content=\"1000\" \/>\n\t<meta property=\"og:image:height\" content=\"800\" \/>\n\t<meta property=\"og:image:type\" content=\"image\/jpeg\" \/>\n<meta name=\"twitter:card\" content=\"summary_large_image\" \/>\n<meta name=\"twitter:label1\" content=\"Est. tempo de leitura\" \/>\n\t<meta name=\"twitter:data1\" content=\"1 minuto\" \/>\n<script type=\"application\/ld+json\" class=\"yoast-schema-graph\">{\"@context\":\"https:\/\/schema.org\",\"@graph\":[{\"@type\":\"WebPage\",\"@id\":\"https:\/\/ousfootwear.com\/product\/imigrante-preto-turquesa-essencial\/\",\"url\":\"https:\/\/ousfootwear.com\/product\/imigrante-preto-turquesa-essencial\/\",\"name\":\"IMIGRANTE BLACK TURQUOISE ESSENCIAL - ousfootwear\",\"isPartOf\":{\"@id\":\"https:\/\/ousfootwear.com\/#website\"},\"primaryImageOfPage\":{\"@id\":\"https:\/\/ousfootwear.com\/product\/imigrante-preto-turquesa-essencial\/#primaryimage\"},\"image\":{\"@id\":\"https:\/\/ousfootwear.com\/product\/imigrante-preto-turquesa-essencial\/#primaryimage\"},\"thumbnailUrl\":\"https:\/\/ousfootwear.com\/wp-content\/uploads\/2024\/04\/159491-1200-auto.jpg\",\"datePublished\":\"2024-04-24T07:12:48+00:00\",\"dateModified\":\"2024-05-27T08:08:19+00:00\",\"breadcrumb\":{\"@id\":\"https:\/\/ousfootwear.com\/product\/imigrante-preto-turquesa-essencial\/#breadcrumb\"},\"inLanguage\":\"pt-BR\",\"potentialAction\":[{\"@type\":\"ReadAction\",\"target\":[\"https:\/\/ousfootwear.com\/product\/imigrante-preto-turquesa-essencial\/\"]}]},{\"@type\":\"ImageObject\",\"inLanguage\":\"pt-BR\",\"@id\":\"https:\/\/ousfootwear.com\/product\/imigrante-preto-turquesa-essencial\/#primaryimage\",\"url\":\"https:\/\/ousfootwear.com\/wp-content\/uploads\/2024\/04\/159491-1200-auto.jpg\",\"contentUrl\":\"https:\/\/ousfootwear.com\/wp-content\/uploads\/2024\/04\/159491-1200-auto.jpg\",\"width\":1000,\"height\":800},{\"@type\":\"BreadcrumbList\",\"@id\":\"https:\/\/ousfootwear.com\/product\/imigrante-preto-turquesa-essencial\/#breadcrumb\",\"itemListElement\":[{\"@type\":\"ListItem\",\"position\":1,\"name\":\"Accueil\",\"item\":\"https:\/\/ousfootwear.com\/\"},{\"@type\":\"ListItem\",\"position\":2,\"name\":\"Shop\",\"item\":\"https:\/\/ousfootwear.com\/shop\/\"},{\"@type\":\"ListItem\",\"position\":3,\"name\":\"IMIGRANTE BLACK TURQUOISE ESSENCIAL\"}]},{\"@type\":\"WebSite\",\"@id\":\"https:\/\/ousfootwear.com\/#website\",\"url\":\"https:\/\/ousfootwear.com\/\",\"name\":\"ousfootwear\",\"description\":\"\",\"potentialAction\":[{\"@type\":\"SearchAction\",\"target\":{\"@type\":\"EntryPoint\",\"urlTemplate\":\"https:\/\/ousfootwear.com\/?s={search_term_string}\"},\"query-input\":{\"@type\":\"PropertyValueSpecification\",\"valueRequired\":true,\"valueName\":\"search_term_string\"}}],\"inLanguage\":\"pt-BR\"}]}<\/script>\n<!-- \/ Yoast SEO plugin. -->","yoast_head_json":{"title":"IMIGRANTE BLACK TURQUOISE ESSENCIAL - ousfootwear","robots":{"index":"index","follow":"follow","max-snippet":"max-snippet:-1","max-image-preview":"max-image-preview:large","max-video-preview":"max-video-preview:-1"},"canonical":"https:\/\/ousfootwear.com\/pt\/product\/imigrante-preto-turquesa-essencial\/","og_locale":"pt_BR","og_type":"article","og_title":"IMIGRANTE BLACK TURQUOISE ESSENCIAL - ousfootwear","og_description":"Un classique \u00d6US, Sa composition garantie r\u00e9sistance, adh\u00e9rence, douceur et offre beaucoup de style.   Cuir textur\u00e9 de premi\u00e8re qualit\u00e9 sans m\u00e9taux lourds \/synth\u00e9tique \/ Doublure sport  Contour du talon fa\u00e7onn\u00e9 et structur\u00e9 avec contrefort thermoform\u00e9  Semelle int\u00e9rieure circulaire souple  Semelle en caoutchouc A+","og_url":"https:\/\/ousfootwear.com\/pt\/product\/imigrante-preto-turquesa-essencial\/","og_site_name":"ousfootwear","article_modified_time":"2024-05-27T08:08:19+00:00","og_image":[{"width":1000,"height":800,"url":"https:\/\/ousfootwear.com\/wp-content\/uploads\/2024\/04\/159491-1200-auto.jpg","type":"image\/jpeg"}],"twitter_card":"summary_large_image","twitter_misc":{"Est. tempo de leitura":"1 minuto"},"schema":{"@context":"https:\/\/schema.org","@graph":[{"@type":"WebPage","@id":"https:\/\/ousfootwear.com\/product\/imigrante-preto-turquesa-essencial\/","url":"https:\/\/ousfootwear.com\/product\/imigrante-preto-turquesa-essencial\/","name":"IMIGRANTE BLACK TURQUOISE ESSENCIAL - ousfootwear","isPartOf":{"@id":"https:\/\/ousfootwear.com\/#website"},"primaryImageOfPage":{"@id":"https:\/\/ousfootwear.com\/product\/imigrante-preto-turquesa-essencial\/#primaryimage"},"image":{"@id":"https:\/\/ousfootwear.com\/product\/imigrante-preto-turquesa-essencial\/#primaryimage"},"thumbnailUrl":"https:\/\/ousfootwear.com\/wp-content\/uploads\/2024\/04\/159491-1200-auto.jpg","datePublished":"2024-04-24T07:12:48+00:00","dateModified":"2024-05-27T08:08:19+00:00","breadcrumb":{"@id":"https:\/\/ousfootwear.com\/product\/imigrante-preto-turquesa-essencial\/#breadcrumb"},"inLanguage":"pt-BR","potentialAction":[{"@type":"ReadAction","target":["https:\/\/ousfootwear.com\/product\/imigrante-preto-turquesa-essencial\/"]}]},{"@type":"ImageObject","inLanguage":"pt-BR","@id":"https:\/\/ousfootwear.com\/product\/imigrante-preto-turquesa-essencial\/#primaryimage","url":"https:\/\/ousfootwear.com\/wp-content\/uploads\/2024\/04\/159491-1200-auto.jpg","contentUrl":"https:\/\/ousfootwear.com\/wp-content\/uploads\/2024\/04\/159491-1200-auto.jpg","width":1000,"height":800},{"@type":"BreadcrumbList","@id":"https:\/\/ousfootwear.com\/product\/imigrante-preto-turquesa-essencial\/#breadcrumb","itemListElement":[{"@type":"ListItem","position":1,"name":"Accueil","item":"https:\/\/ousfootwear.com\/"},{"@type":"ListItem","position":2,"name":"Shop","item":"https:\/\/ousfootwear.com\/shop\/"},{"@type":"ListItem","position":3,"name":"IMIGRANTE BLACK TURQUOISE ESSENCIAL"}]},{"@type":"WebSite","@id":"https:\/\/ousfootwear.com\/#website","url":"https:\/\/ousfootwear.com\/","name":"ousfootwear","description":"","potentialAction":[{"@type":"SearchAction","target":{"@type":"EntryPoint","urlTemplate":"https:\/\/ousfootwear.com\/?s={search_term_string}"},"query-input":{"@type":"PropertyValueSpecification","valueRequired":true,"valueName":"search_term_string"}}],"inLanguage":"pt-BR"}]}},"_links":{"self":[{"href":"https:\/\/ousfootwear.com\/pt\/wp-json\/wp\/v2\/product\/4886","targetHints":{"allow":["GET"]}}],"collection":[{"href":"https:\/\/ousfootwear.com\/pt\/wp-json\/wp\/v2\/product"}],"about":[{"href":"https:\/\/ousfootwear.com\/pt\/wp-json\/wp\/v2\/types\/product"}],"wp:featuredmedia":[{"embeddable":true,"href":"https:\/\/ousfootwear.com\/pt\/wp-json\/wp\/v2\/media\/397"}],"wp:attachment":[{"href":"https:\/\/ousfootwear.com\/pt\/wp-json\/wp\/v2\/media?parent=4886"}],"wp:term":[{"taxonomy":"product_brand","embeddable":true,"href":"https:\/\/ousfootwear.com\/pt\/wp-json\/wp\/v2\/product_brand?post=4886"},{"taxonomy":"product_cat","embeddable":true,"href":"https:\/\/ousfootwear.com\/pt\/wp-json\/wp\/v2\/product_cat?post=4886"},{"taxonomy":"product_tag","embeddable":true,"href":"https:\/\/ousfootwear.com\/pt\/wp-json\/wp\/v2\/product_tag?post=4886"}],"curies":[{"name":"wp","href":"https:\/\/api.w.org\/{rel}","templated":true}]}}