{"id":9883,"date":"2024-07-09T10:01:05","date_gmt":"2024-07-09T08:01:05","guid":{"rendered":"https:\/\/ousfootwear.com\/?post_type=product&#038;p=9883"},"modified":"2026-01-10T20:40:29","modified_gmt":"2026-01-10T19:40:29","slug":"chaussure-ous-dots-azul-essencial","status":"publish","type":"product","link":"https:\/\/ousfootwear.com\/pt\/product\/chaussure-ous-dots-azul-essencial\/","title":{"rendered":"Chaussure \u00d6US DOTS AZUL ESSENCIAL"},"content":{"rendered":"<h1><img decoding=\"async\" class=\"alignnone wp-image-538\" src=\"https:\/\/lepureshop.com\/wp-content\/uploads\/2023\/07\/fd811b73-31ca-4a4e-8ac6-307ac883c0f9___32bc94e174a8850edef04336ab132f09.svg\" alt=\"\" width=\"150\" \/><\/h1>\n<p><span class=\"HwtZe\" lang=\"fr\"><span class=\"jCAhz JxVs2d ChMk0b\"><span class=\"ryNqvb\">Semelle ext\u00e9rieure fabriqu\u00e9e avec de petits granul\u00e9s de caoutchouc dans la quantit\u00e9 exacte requise, consommant moins d&rsquo;\u00e9nergie et pratiquement aucun d\u00e9chet de production.<\/span><\/span> <span class=\"jCAhz JxVs2d ChMk0b\"><span class=\"ryNqvb\">Le caoutchouc granulaire A+ est compos\u00e9 de mat\u00e9riaux nobles, m\u00e9langeant du caoutchouc naturel issu de l&rsquo;h\u00e9v\u00e9a et du caoutchouc synth\u00e9tique, pour un produit de haute performance, flexibilit\u00e9 et adh\u00e9rence au sol.<\/span><\/span><\/span><\/p>\n<p>&nbsp;<\/p>\n<p><a href=\"https:\/\/lepureshop.com\/wp-content\/uploads\/2023\/07\/cbb0cf94-5b9a-4234-b61f-7c5bef7d698f___0726cd560717152d3f4bdb869d7fb2d9.svg\"><img decoding=\"async\" class=\"alignnone wp-image-539\" src=\"https:\/\/lepureshop.com\/wp-content\/uploads\/2023\/07\/cbb0cf94-5b9a-4234-b61f-7c5bef7d698f___0726cd560717152d3f4bdb869d7fb2d9.svg\" alt=\"\" width=\"178\" height=\"32\" \/><\/a><\/p>\n<p><span class=\"HwtZe\" lang=\"fr\"><span class=\"jCAhz JxVs2d ChMk0b\"><span class=\"ryNqvb\">La semelle int\u00e9rieure Circular Light a \u00e9t\u00e9 d\u00e9velopp\u00e9e aussi bien pour un usage quotidien que pour le skateboard.<\/span><\/span> <span class=\"jCAhz JxVs2d ChMk0b\"><span class=\"ryNqvb\">Sa densit\u00e9 interm\u00e9diaire entre Soft et Hard apporte confort et ressenti de planche.<\/span><\/span><\/span><\/p>","protected":false},"excerpt":{"rendered":"<p>L&rsquo;\u00e9l\u00e9gance est le ma\u00eetre mot&#8230; et D\u00d6TS en est la pi\u00e8ce ma\u00eetresse. Fabrication 100% br\u00e9silienne<\/p>\n<p><span class=\"HwtZe\" lang=\"fr\"><span class=\"jCAhz JxVs2d ChMk0b\"><span class=\"ryNqvb\">Nomm\u00e9 D\u00d6TS, notre nouveau mod\u00e8le est multi-t\u00e2ches&#8230; Adapt\u00e9 \u00e0 diff\u00e9rentes situations, du travail \u00e0 votre promenade quotidienne<\/span><\/span><\/span><\/p>\n<ul>\n<li>Daim tann\u00e9 sans m\u00e9taux lourds\/Maille polyester\/doublure sport<\/li>\n<li>Contour du talon fa\u00e7onn\u00e9 et structur\u00e9 avec contrefort thermoform\u00e9<\/li>\n<li>Semelle int\u00e9rieure circulaire light<\/li>\n<li>Semelle en caoutchouc A+<\/li>\n<\/ul>","protected":false},"featured_media":9889,"template":"","meta":[],"product_brand":[],"product_cat":[64,18,19],"product_tag":[65,23,24],"class_list":{"0":"post-9883","1":"product","2":"type-product","3":"status-publish","4":"has-post-thumbnail","6":"product_cat-dots","7":"product_cat-ous","8":"product_cat-skate-shoes","9":"product_tag-dots","10":"product_tag-ous","11":"product_tag-skate-shoes","13":"first","14":"instock","15":"taxable","16":"shipping-taxable","17":"purchasable","18":"product-type-variable"},"yoast_head":"<!-- This site is optimized with the Yoast SEO plugin v25.5 - https:\/\/yoast.com\/wordpress\/plugins\/seo\/ -->\n<title>Chaussure \u00d6US DOTS AZUL ESSENCIAL - ousfootwear<\/title>\n<meta name=\"robots\" content=\"index, follow, max-snippet:-1, max-image-preview:large, max-video-preview:-1\" \/>\n<link rel=\"canonical\" href=\"https:\/\/ousfootwear.com\/pt\/product\/chaussure-ous-dots-azul-essencial\/\" \/>\n<meta property=\"og:locale\" content=\"pt_BR\" \/>\n<meta property=\"og:type\" content=\"article\" \/>\n<meta property=\"og:title\" content=\"Chaussure \u00d6US DOTS AZUL ESSENCIAL - ousfootwear\" \/>\n<meta property=\"og:description\" content=\"L&#039;\u00e9l\u00e9gance est le ma\u00eetre mot... et D\u00d6TS en est la pi\u00e8ce ma\u00eetresse. Fabrication 100% br\u00e9silienne  Nomm\u00e9 D\u00d6TS, notre nouveau mod\u00e8le est multi-t\u00e2ches... Adapt\u00e9 \u00e0 diff\u00e9rentes situations, du travail \u00e0 votre promenade quotidienne   Daim tann\u00e9 sans m\u00e9taux lourds\/Maille polyester\/doublure sport  Contour du talon fa\u00e7onn\u00e9 et structur\u00e9 avec contrefort thermoform\u00e9  Semelle int\u00e9rieure circulaire light  Semelle en caoutchouc A+\" \/>\n<meta property=\"og:url\" content=\"https:\/\/ousfootwear.com\/pt\/product\/chaussure-ous-dots-azul-essencial\/\" \/>\n<meta property=\"og:site_name\" content=\"ousfootwear\" \/>\n<meta property=\"article:modified_time\" content=\"2026-01-10T19:40:29+00:00\" \/>\n<meta property=\"og:image\" content=\"https:\/\/ousfootwear.com\/wp-content\/uploads\/2024\/07\/350041_5_1.jpg\" \/>\n\t<meta property=\"og:image:width\" content=\"2000\" \/>\n\t<meta property=\"og:image:height\" content=\"1600\" \/>\n\t<meta property=\"og:image:type\" content=\"image\/jpeg\" \/>\n<meta name=\"twitter:card\" content=\"summary_large_image\" \/>\n<meta name=\"twitter:label1\" content=\"Est. tempo de leitura\" \/>\n\t<meta name=\"twitter:data1\" content=\"2 minutos\" \/>\n<script type=\"application\/ld+json\" class=\"yoast-schema-graph\">{\"@context\":\"https:\/\/schema.org\",\"@graph\":[{\"@type\":\"WebPage\",\"@id\":\"https:\/\/ousfootwear.com\/product\/chaussure-ous-dots-azul-essencial\/\",\"url\":\"https:\/\/ousfootwear.com\/product\/chaussure-ous-dots-azul-essencial\/\",\"name\":\"Chaussure \u00d6US DOTS AZUL ESSENCIAL - ousfootwear\",\"isPartOf\":{\"@id\":\"https:\/\/ousfootwear.com\/#website\"},\"primaryImageOfPage\":{\"@id\":\"https:\/\/ousfootwear.com\/product\/chaussure-ous-dots-azul-essencial\/#primaryimage\"},\"image\":{\"@id\":\"https:\/\/ousfootwear.com\/product\/chaussure-ous-dots-azul-essencial\/#primaryimage\"},\"thumbnailUrl\":\"https:\/\/ousfootwear.com\/wp-content\/uploads\/2024\/07\/350041_5_1.jpg\",\"datePublished\":\"2024-07-09T08:01:05+00:00\",\"dateModified\":\"2026-01-10T19:40:29+00:00\",\"breadcrumb\":{\"@id\":\"https:\/\/ousfootwear.com\/product\/chaussure-ous-dots-azul-essencial\/#breadcrumb\"},\"inLanguage\":\"pt-BR\",\"potentialAction\":[{\"@type\":\"ReadAction\",\"target\":[\"https:\/\/ousfootwear.com\/product\/chaussure-ous-dots-azul-essencial\/\"]}]},{\"@type\":\"ImageObject\",\"inLanguage\":\"pt-BR\",\"@id\":\"https:\/\/ousfootwear.com\/product\/chaussure-ous-dots-azul-essencial\/#primaryimage\",\"url\":\"https:\/\/ousfootwear.com\/wp-content\/uploads\/2024\/07\/350041_5_1.jpg\",\"contentUrl\":\"https:\/\/ousfootwear.com\/wp-content\/uploads\/2024\/07\/350041_5_1.jpg\",\"width\":2000,\"height\":1600},{\"@type\":\"BreadcrumbList\",\"@id\":\"https:\/\/ousfootwear.com\/product\/chaussure-ous-dots-azul-essencial\/#breadcrumb\",\"itemListElement\":[{\"@type\":\"ListItem\",\"position\":1,\"name\":\"Accueil\",\"item\":\"https:\/\/ousfootwear.com\/\"},{\"@type\":\"ListItem\",\"position\":2,\"name\":\"Shop\",\"item\":\"https:\/\/ousfootwear.com\/shop\/\"},{\"@type\":\"ListItem\",\"position\":3,\"name\":\"Chaussure \u00d6US DOTS AZUL ESSENCIAL\"}]},{\"@type\":\"WebSite\",\"@id\":\"https:\/\/ousfootwear.com\/#website\",\"url\":\"https:\/\/ousfootwear.com\/\",\"name\":\"ousfootwear\",\"description\":\"\",\"potentialAction\":[{\"@type\":\"SearchAction\",\"target\":{\"@type\":\"EntryPoint\",\"urlTemplate\":\"https:\/\/ousfootwear.com\/?s={search_term_string}\"},\"query-input\":{\"@type\":\"PropertyValueSpecification\",\"valueRequired\":true,\"valueName\":\"search_term_string\"}}],\"inLanguage\":\"pt-BR\"}]}<\/script>\n<!-- \/ Yoast SEO plugin. -->","yoast_head_json":{"title":"Chaussure \u00d6US DOTS AZUL ESSENCIAL - ousfootwear","robots":{"index":"index","follow":"follow","max-snippet":"max-snippet:-1","max-image-preview":"max-image-preview:large","max-video-preview":"max-video-preview:-1"},"canonical":"https:\/\/ousfootwear.com\/pt\/product\/chaussure-ous-dots-azul-essencial\/","og_locale":"pt_BR","og_type":"article","og_title":"Chaussure \u00d6US DOTS AZUL ESSENCIAL - ousfootwear","og_description":"L'\u00e9l\u00e9gance est le ma\u00eetre mot... et D\u00d6TS en est la pi\u00e8ce ma\u00eetresse. Fabrication 100% br\u00e9silienne  Nomm\u00e9 D\u00d6TS, notre nouveau mod\u00e8le est multi-t\u00e2ches... Adapt\u00e9 \u00e0 diff\u00e9rentes situations, du travail \u00e0 votre promenade quotidienne   Daim tann\u00e9 sans m\u00e9taux lourds\/Maille polyester\/doublure sport  Contour du talon fa\u00e7onn\u00e9 et structur\u00e9 avec contrefort thermoform\u00e9  Semelle int\u00e9rieure circulaire light  Semelle en caoutchouc A+","og_url":"https:\/\/ousfootwear.com\/pt\/product\/chaussure-ous-dots-azul-essencial\/","og_site_name":"ousfootwear","article_modified_time":"2026-01-10T19:40:29+00:00","og_image":[{"width":2000,"height":1600,"url":"https:\/\/ousfootwear.com\/wp-content\/uploads\/2024\/07\/350041_5_1.jpg","type":"image\/jpeg"}],"twitter_card":"summary_large_image","twitter_misc":{"Est. tempo de leitura":"2 minutos"},"schema":{"@context":"https:\/\/schema.org","@graph":[{"@type":"WebPage","@id":"https:\/\/ousfootwear.com\/product\/chaussure-ous-dots-azul-essencial\/","url":"https:\/\/ousfootwear.com\/product\/chaussure-ous-dots-azul-essencial\/","name":"Chaussure \u00d6US DOTS AZUL ESSENCIAL - ousfootwear","isPartOf":{"@id":"https:\/\/ousfootwear.com\/#website"},"primaryImageOfPage":{"@id":"https:\/\/ousfootwear.com\/product\/chaussure-ous-dots-azul-essencial\/#primaryimage"},"image":{"@id":"https:\/\/ousfootwear.com\/product\/chaussure-ous-dots-azul-essencial\/#primaryimage"},"thumbnailUrl":"https:\/\/ousfootwear.com\/wp-content\/uploads\/2024\/07\/350041_5_1.jpg","datePublished":"2024-07-09T08:01:05+00:00","dateModified":"2026-01-10T19:40:29+00:00","breadcrumb":{"@id":"https:\/\/ousfootwear.com\/product\/chaussure-ous-dots-azul-essencial\/#breadcrumb"},"inLanguage":"pt-BR","potentialAction":[{"@type":"ReadAction","target":["https:\/\/ousfootwear.com\/product\/chaussure-ous-dots-azul-essencial\/"]}]},{"@type":"ImageObject","inLanguage":"pt-BR","@id":"https:\/\/ousfootwear.com\/product\/chaussure-ous-dots-azul-essencial\/#primaryimage","url":"https:\/\/ousfootwear.com\/wp-content\/uploads\/2024\/07\/350041_5_1.jpg","contentUrl":"https:\/\/ousfootwear.com\/wp-content\/uploads\/2024\/07\/350041_5_1.jpg","width":2000,"height":1600},{"@type":"BreadcrumbList","@id":"https:\/\/ousfootwear.com\/product\/chaussure-ous-dots-azul-essencial\/#breadcrumb","itemListElement":[{"@type":"ListItem","position":1,"name":"Accueil","item":"https:\/\/ousfootwear.com\/"},{"@type":"ListItem","position":2,"name":"Shop","item":"https:\/\/ousfootwear.com\/shop\/"},{"@type":"ListItem","position":3,"name":"Chaussure \u00d6US DOTS AZUL ESSENCIAL"}]},{"@type":"WebSite","@id":"https:\/\/ousfootwear.com\/#website","url":"https:\/\/ousfootwear.com\/","name":"ousfootwear","description":"","potentialAction":[{"@type":"SearchAction","target":{"@type":"EntryPoint","urlTemplate":"https:\/\/ousfootwear.com\/?s={search_term_string}"},"query-input":{"@type":"PropertyValueSpecification","valueRequired":true,"valueName":"search_term_string"}}],"inLanguage":"pt-BR"}]}},"_links":{"self":[{"href":"https:\/\/ousfootwear.com\/pt\/wp-json\/wp\/v2\/product\/9883","targetHints":{"allow":["GET"]}}],"collection":[{"href":"https:\/\/ousfootwear.com\/pt\/wp-json\/wp\/v2\/product"}],"about":[{"href":"https:\/\/ousfootwear.com\/pt\/wp-json\/wp\/v2\/types\/product"}],"wp:featuredmedia":[{"embeddable":true,"href":"https:\/\/ousfootwear.com\/pt\/wp-json\/wp\/v2\/media\/9889"}],"wp:attachment":[{"href":"https:\/\/ousfootwear.com\/pt\/wp-json\/wp\/v2\/media?parent=9883"}],"wp:term":[{"taxonomy":"product_brand","embeddable":true,"href":"https:\/\/ousfootwear.com\/pt\/wp-json\/wp\/v2\/product_brand?post=9883"},{"taxonomy":"product_cat","embeddable":true,"href":"https:\/\/ousfootwear.com\/pt\/wp-json\/wp\/v2\/product_cat?post=9883"},{"taxonomy":"product_tag","embeddable":true,"href":"https:\/\/ousfootwear.com\/pt\/wp-json\/wp\/v2\/product_tag?post=9883"}],"curies":[{"name":"wp","href":"https:\/\/api.w.org\/{rel}","templated":true}]}}